{"id":14670,"date":"2018-01-31T09:10:39","date_gmt":"2018-01-31T09:10:39","guid":{"rendered":"http:\/\/akshartech.in\/demo\/heightenedhearts\/es\/?page_id=14670"},"modified":"2025-04-01T12:58:02","modified_gmt":"2025-04-01T12:58:02","slug":"textphone","status":"publish","type":"page","link":"https:\/\/heightenedhearts.org\/es\/give\/ways-to-donate\/textphone\/","title":{"rendered":"Donar por correo"},"content":{"rendered":"<div class=\"wpb-content-wrapper\">[vc_row][vc_column][vc_column_text el_class=\u00bbfs-13 lh-28&#8243;]<img decoding=\"async\" src=\"https:\/\/heightenedhearts.org\/wp-content\/uploads\/2015\/09\/staff-1.jpg\" alt=\"\" \/><br \/>\n\u00bfQuieres ayudar a los dem\u00e1s, pero no sabes muy bien por d\u00f3nde empezar? \u00bfSientes que los retos que enfrentamos hoy son demasiado grandes para que una persona pueda hacer una diferencia? Si es as\u00ed, debes saber que tus pensamientos son completamente normales. Sin embargo, una de las ventajas de <a href=\"http:\/\/www.redcross.org\/support\/your-donation-can-impact-lives\" target=\"_blank\" rel=\"noopener\">apoyar a la Fundaci\u00f3n Heightened Hearts es que cada una de nuestras<\/a> contribuciones individuales, crece en gran medida cuando todos nos unimos. Otro beneficio, es que nunca ha sido m\u00e1s f\u00e1cil empezar a ayudar. Puedes comenzar en este mismo instante, mediante el uso de tu dispositivo m\u00f3vil, enviar un mensaje de texto y hacer una donaci\u00f3n de $ 10 a una de nuestras campa\u00f1as de caridad en curso.<\/p>\n<p><strong>Sentimos las molestias, pero la capacidad de donar a trav\u00e9s de mensajes de texto no est\u00e1 disponible en este momento. Estamos trabajando duro con nuestros socios para poder ofrecer la opci\u00f3n de donar a trav\u00e9s de tu tel\u00e9fono m\u00f3vil.<\/strong><\/p>\n<p><strong>Gracias por tu paciencia.<\/strong>[\/vc_column_text][\/vc_column][\/vc_row][vc_row][vc_column][vc_column_text css=\u00bb.vc_custom_1517311081756{margin-top: 40px !important;margin-bottom: 20px !important;}\u00bb]\n<div class=\"theme-heading related-posts-title\"><span class=\"text\">Related Posts<\/span><\/div>\n[\/vc_column_text]<div class=\"vcex-module vcex-blog-grid-wrap wpex-clr way-to-give-post page-related-posts\"><div class=\"wpex-row vcex-blog-grid wpex-clr entries match-height-grid\"><div class=\"vcex-blog-entry vcex-grid-item entry-has-details span_1_of_3 col-1 col textleft post-11079 entry type-post has-media cat-111 cat-1 has-redirect\"><div class=\"vcex-blog-entry-inner entry-inner wpex-first-mt-0 wpex-last-mb-0 wpex-clr\"><div class=\"vcex-blog-entry-media entry-media\"><a href=\"https:\/\/heightenedhearts.org\/es\/give\/ways-to-donate\/textphone\/\" title=\"Donaci\u00f3n  a Trav\u00e9s de Mensaje de Texto\"><img decoding=\"async\" width=\"240\" height=\"150\" src=\"https:\/\/heightenedhearts.org\/wp-content\/uploads\/2015\/07\/Text-message.png\" class=\"vcex-blog-entry-img wpex-align-middle\" alt=\"\" loading=\"lazy\" \/><\/a><\/div><div class=\"vcex-blog-entry-details entry-details wpex-bordered wpex-first-mt-0 wpex-last-mb-0 wpex-clr\"><div class=\"match-height-content\"><h4 class=\"vcex-blog-entry-title entry-title wpex-mb-5 wpex-child-inherit-color\" style=\"margin:10px 0;color:#181818;font-size:1.4em;font-weight:400;text-transform:uppercase;\"><a href=\"https:\/\/heightenedhearts.org\/es\/give\/ways-to-donate\/textphone\/\" style=\"color:#181818;\">Donaci\u00f3n  a Trav\u00e9s de Mensaje de Texto<\/a><\/h4><div class=\"vcex-blog-entry-excerpt entry-excerpt wpex-my-15 wpex-last-mb-0 wpex-clr\"><p>\u00bfQuieres ayudar a los dem\u00e1s, pero no sabes muy bien por d\u00f3nde empezar? \u00bfSientes que&hellip;<\/p><\/div><\/div><\/div><\/div><\/div><div class=\"vcex-blog-entry vcex-grid-item entry-has-details span_1_of_3 col-2 col textleft post-11084 entry type-post has-media cat-111 translation_priority-151 has-redirect\"><div class=\"vcex-blog-entry-inner entry-inner wpex-first-mt-0 wpex-last-mb-0 wpex-clr\"><div class=\"vcex-blog-entry-media entry-media\"><a href=\"https:\/\/heightenedhearts.org\/es\/give\/ways-to-donate\/by-checkmail\/\" title=\"Donar por correo\"><img decoding=\"async\" width=\"240\" height=\"150\" src=\"https:\/\/heightenedhearts.org\/wp-content\/uploads\/2015\/07\/by-cheque.png\" class=\"vcex-blog-entry-img wpex-align-middle\" alt=\"\" loading=\"lazy\" \/><\/a><\/div><div class=\"vcex-blog-entry-details entry-details wpex-bordered wpex-first-mt-0 wpex-last-mb-0 wpex-clr\"><div class=\"match-height-content\"><h4 class=\"vcex-blog-entry-title entry-title wpex-mb-5 wpex-child-inherit-color\" style=\"margin:10px 0;color:#181818;font-size:1.4em;font-weight:400;text-transform:uppercase;\"><a href=\"https:\/\/heightenedhearts.org\/es\/give\/ways-to-donate\/by-checkmail\/\" style=\"color:#181818;\">Donar por correo<\/a><\/h4><div class=\"vcex-blog-entry-excerpt entry-excerpt wpex-my-15 wpex-last-mb-0 wpex-clr\"><p>Naturalmente, una de las maneras m\u00e1s f\u00e1ciles \u00a0y convenientes de dar a la Fundaci\u00f3n Heightened&hellip;<\/p><\/div><\/div><\/div><\/div><\/div><div class=\"vcex-blog-entry vcex-grid-item entry-has-details span_1_of_3 col-3 col textleft post-11091 entry type-post has-media cat-111 cat-1\"><div class=\"vcex-blog-entry-inner entry-inner wpex-first-mt-0 wpex-last-mb-0 wpex-clr\"><div class=\"vcex-blog-entry-media entry-media\"><a href=\"https:\/\/heightenedhearts.org\/es\/create-a-fundraiser\/\" title=\"Crea Tu Propia Recaudaci\u00f3n de Fondos\"><img decoding=\"async\" width=\"260\" height=\"165\" src=\"https:\/\/heightenedhearts.org\/wp-content\/uploads\/2015\/07\/create-a-fund.png\" class=\"vcex-blog-entry-img wpex-align-middle\" alt=\"\" loading=\"lazy\" \/><\/a><\/div><div class=\"vcex-blog-entry-details entry-details wpex-bordered wpex-first-mt-0 wpex-last-mb-0 wpex-clr\"><div class=\"match-height-content\"><h4 class=\"vcex-blog-entry-title entry-title wpex-mb-5 wpex-child-inherit-color\" style=\"margin:10px 0;color:#181818;font-size:1.4em;font-weight:400;text-transform:uppercase;\"><a href=\"https:\/\/heightenedhearts.org\/es\/create-a-fundraiser\/\" style=\"color:#181818;\">Crea Tu Propia Recaudaci\u00f3n de Fondos<\/a><\/h4><div class=\"vcex-blog-entry-excerpt entry-excerpt wpex-my-15 wpex-last-mb-0 wpex-clr\"><p>Crea Tu Propia Recaudaci\u00f3n de Fondos: Necesitamos Tu Ayuda Los servicios prestados por la Fundaci\u00f3n&hellip;<\/p><\/div><\/div><\/div><\/div><\/div><div class=\"vcex-blog-entry vcex-grid-item entry-has-details span_1_of_3 col-1 col textleft post-11093 entry type-post has-media cat-111\"><div class=\"vcex-blog-entry-inner entry-inner wpex-first-mt-0 wpex-last-mb-0 wpex-clr\"><div class=\"vcex-blog-entry-media entry-media\"><a href=\"https:\/\/heightenedhearts.org\/es\/path-of-dreams-memorial-path\/\" title=\"Camino de los Sue\u00f1os, Camino Conmemorativo\"><img decoding=\"async\" width=\"260\" height=\"165\" src=\"https:\/\/heightenedhearts.org\/wp-content\/uploads\/2015\/07\/Path-of-Dreams.png\" class=\"vcex-blog-entry-img wpex-align-middle\" alt=\"\" loading=\"lazy\" \/><\/a><\/div><div class=\"vcex-blog-entry-details entry-details wpex-bordered wpex-first-mt-0 wpex-last-mb-0 wpex-clr\"><div class=\"match-height-content\"><h4 class=\"vcex-blog-entry-title entry-title wpex-mb-5 wpex-child-inherit-color\" style=\"margin:10px 0;color:#181818;font-size:1.4em;font-weight:400;text-transform:uppercase;\"><a href=\"https:\/\/heightenedhearts.org\/es\/path-of-dreams-memorial-path\/\" style=\"color:#181818;\">Camino de los Sue\u00f1os, Camino Conmemorativo<\/a><\/h4><div class=\"vcex-blog-entry-excerpt entry-excerpt wpex-my-15 wpex-last-mb-0 wpex-clr\"><p>El \" Camino de los Sue\u00f1os, Camino Conmemorativo \" es una gran manera de hacer&hellip;<\/p><\/div><\/div><\/div><\/div><\/div><\/div><\/div>[\/vc_column][\/vc_row]\n<\/div>","protected":false},"excerpt":{"rendered":"<p>[vc_row][vc_column][vc_column_text el_class=\u00bbfs-13 lh-28&#8243;] \u00bfQuieres ayudar a los dem\u00e1s, pero no sabes muy bien por d\u00f3nde empezar? \u00bfSientes que los retos que enfrentamos hoy son demasiado grandes para que una persona pueda hacer una diferencia? Si es as\u00ed, debes saber que&hellip;<\/p>\n","protected":false},"author":1,"featured_media":0,"parent":11044,"menu_order":0,"comment_status":"closed","ping_status":"closed","template":"","meta":{"footnotes":""},"class_list":["post-14670","page","type-page","status-publish","hentry","entry","has-media"],"_links":{"self":[{"href":"https:\/\/heightenedhearts.org\/es\/wp-json\/wp\/v2\/pages\/14670","targetHints":{"allow":["GET"]}}],"collection":[{"href":"https:\/\/heightenedhearts.org\/es\/wp-json\/wp\/v2\/pages"}],"about":[{"href":"https:\/\/heightenedhearts.org\/es\/wp-json\/wp\/v2\/types\/page"}],"author":[{"embeddable":true,"href":"https:\/\/heightenedhearts.org\/es\/wp-json\/wp\/v2\/users\/1"}],"replies":[{"embeddable":true,"href":"https:\/\/heightenedhearts.org\/es\/wp-json\/wp\/v2\/comments?post=14670"}],"version-history":[{"count":3,"href":"https:\/\/heightenedhearts.org\/es\/wp-json\/wp\/v2\/pages\/14670\/revisions"}],"predecessor-version":[{"id":40730,"href":"https:\/\/heightenedhearts.org\/es\/wp-json\/wp\/v2\/pages\/14670\/revisions\/40730"}],"up":[{"embeddable":true,"href":"https:\/\/heightenedhearts.org\/es\/wp-json\/wp\/v2\/pages\/11044"}],"wp:attachment":[{"href":"https:\/\/heightenedhearts.org\/es\/wp-json\/wp\/v2\/media?parent=14670"}],"curies":[{"name":"wp","href":"https:\/\/api.w.org\/{rel}","templated":true}]}}