{"id":14650,"date":"2018-01-31T08:52:53","date_gmt":"2018-01-31T08:52:53","guid":{"rendered":"http:\/\/akshartech.in\/demo\/heightenedhearts\/es\/?page_id=14650"},"modified":"2018-09-06T11:55:07","modified_gmt":"2018-09-06T11:55:07","slug":"in-honor-or-memory","status":"publish","type":"page","link":"https:\/\/heightenedhearts.org\/es\/give\/ways-to-donate\/in-honor-or-memory\/","title":{"rendered":"En \u00abHonor\u00bb o \u00abMemoria\u00bb de&#8230;"},"content":{"rendered":"<div class=\"wpb-content-wrapper\">[vc_row][vc_column][vc_single_image image=\u00bb15145&#8243;][vc_column_text el_class=\u00bbfs-13 lh-28&#8243; css=\u00bb.vc_custom_1536234901834{padding-top: 20px !important;}\u00bb]Si deseas hacer una donaci\u00f3n en \u00abhonor\u00bb o \u201cmemoria\u00bb de alguien especial para ti, la Fundaci\u00f3n Heightened Hearts estar\u00e1 m\u00e1s que feliz de mencionar a esa persona especial, en relaci\u00f3n con tu regalo. Esto se logra f\u00e1cilmente, al a\u00f1adir una nota con el nombre de la persona, dentro de la secci\u00f3n de comentarios del formulario de donaci\u00f3n que se muestra a continuaci\u00f3n.<\/p>\n<p>Tu apoyo nos ayuda a proporcionar una amplia gama de programas, tales como educar a nuevas madres adolescentes en relaci\u00f3n a la atenci\u00f3n prenatal, el suministro de \u00abcanastas de regreso a clases \u00bb para los ni\u00f1os peque\u00f1os, la construcci\u00f3n de escuelas; mejorar la educaci\u00f3n y la nutrici\u00f3n de los ni\u00f1os que viven en la pobreza rural en los Estados Unidos y alrededor el mundo\u2026 y mucho m\u00e1s.<\/p>\n<p><a href=\"https:\/\/heightenedhearts.org\/es\/give\/donate-funds\/\">DONAR AHORA<\/a><\/p>\n<div class=\"Donate-main-inner-form\"><script src=\"\/\/app.etapestry.com\/hosted\/eTapestry.com\/etapEmbedResponsiveResizing.js\" type=\"text\/JavaScript\"><\/script><iframe loading=\"lazy\" id=\"etapIframe\" style=\"border: none; width: 100%;\" src=\"https:\/\/app.etapestry.com\/onlineforms\/HeightenedHearts\/DonateNow.html\" width=\"300\" height=\"150\"><\/iframe><\/div>\n[\/vc_column_text][\/vc_column][\/vc_row][vc_row][vc_column][vc_column_text css=\u00bb.vc_custom_1517311081756{margin-top: 40px !important;margin-bottom: 20px !important;}\u00bb]\n<div class=\"theme-heading related-posts-title\"><span class=\"text\">Related Posts<\/span><\/div>\n[\/vc_column_text]<div class=\"vcex-module vcex-blog-grid-wrap wpex-clr way-to-give-post page-related-posts\"><div class=\"wpex-row vcex-blog-grid wpex-clr entries match-height-grid\"><div class=\"vcex-blog-entry vcex-grid-item entry-has-details span_1_of_3 col-1 col textleft post-11079 entry type-post has-media cat-111 cat-1 has-redirect\"><div class=\"vcex-blog-entry-inner entry-inner wpex-first-mt-0 wpex-last-mb-0 wpex-clr\"><div class=\"vcex-blog-entry-media entry-media\"><a href=\"https:\/\/heightenedhearts.org\/es\/give\/ways-to-donate\/textphone\/\" title=\"Donaci\u00f3n  a Trav\u00e9s de Mensaje de Texto\"><img decoding=\"async\" width=\"240\" height=\"150\" src=\"https:\/\/heightenedhearts.org\/wp-content\/uploads\/2015\/07\/Text-message.png\" class=\"vcex-blog-entry-img wpex-align-middle\" alt=\"\" loading=\"lazy\" \/><\/a><\/div><div class=\"vcex-blog-entry-details entry-details wpex-bordered wpex-first-mt-0 wpex-last-mb-0 wpex-clr\"><div class=\"match-height-content\"><h4 class=\"vcex-blog-entry-title entry-title wpex-mb-5 wpex-child-inherit-color\" style=\"margin:10px 0;color:#181818;font-size:1.4em;font-weight:400;text-transform:uppercase;\"><a href=\"https:\/\/heightenedhearts.org\/es\/give\/ways-to-donate\/textphone\/\" style=\"color:#181818;\">Donaci\u00f3n  a Trav\u00e9s de Mensaje de Texto<\/a><\/h4><div class=\"vcex-blog-entry-excerpt entry-excerpt wpex-my-15 wpex-last-mb-0 wpex-clr\"><p>\u00bfQuieres ayudar a los dem\u00e1s, pero no sabes muy bien por d\u00f3nde empezar? \u00bfSientes que&hellip;<\/p><\/div><\/div><\/div><\/div><\/div><div class=\"vcex-blog-entry vcex-grid-item entry-has-details span_1_of_3 col-2 col textleft post-11084 entry type-post has-media cat-111 translation_priority-151 has-redirect\"><div class=\"vcex-blog-entry-inner entry-inner wpex-first-mt-0 wpex-last-mb-0 wpex-clr\"><div class=\"vcex-blog-entry-media entry-media\"><a href=\"https:\/\/heightenedhearts.org\/es\/give\/ways-to-donate\/by-checkmail\/\" title=\"Donar por correo\"><img decoding=\"async\" width=\"240\" height=\"150\" src=\"https:\/\/heightenedhearts.org\/wp-content\/uploads\/2015\/07\/by-cheque.png\" class=\"vcex-blog-entry-img wpex-align-middle\" alt=\"\" loading=\"lazy\" \/><\/a><\/div><div class=\"vcex-blog-entry-details entry-details wpex-bordered wpex-first-mt-0 wpex-last-mb-0 wpex-clr\"><div class=\"match-height-content\"><h4 class=\"vcex-blog-entry-title entry-title wpex-mb-5 wpex-child-inherit-color\" style=\"margin:10px 0;color:#181818;font-size:1.4em;font-weight:400;text-transform:uppercase;\"><a href=\"https:\/\/heightenedhearts.org\/es\/give\/ways-to-donate\/by-checkmail\/\" style=\"color:#181818;\">Donar por correo<\/a><\/h4><div class=\"vcex-blog-entry-excerpt entry-excerpt wpex-my-15 wpex-last-mb-0 wpex-clr\"><p>Naturalmente, una de las maneras m\u00e1s f\u00e1ciles \u00a0y convenientes de dar a la Fundaci\u00f3n Heightened&hellip;<\/p><\/div><\/div><\/div><\/div><\/div><div class=\"vcex-blog-entry vcex-grid-item entry-has-details span_1_of_3 col-3 col textleft post-11091 entry type-post has-media cat-111 cat-1\"><div class=\"vcex-blog-entry-inner entry-inner wpex-first-mt-0 wpex-last-mb-0 wpex-clr\"><div class=\"vcex-blog-entry-media entry-media\"><a href=\"https:\/\/heightenedhearts.org\/es\/create-a-fundraiser\/\" title=\"Crea Tu Propia Recaudaci\u00f3n de Fondos\"><img decoding=\"async\" width=\"260\" height=\"165\" src=\"https:\/\/heightenedhearts.org\/wp-content\/uploads\/2015\/07\/create-a-fund.png\" class=\"vcex-blog-entry-img wpex-align-middle\" alt=\"\" loading=\"lazy\" \/><\/a><\/div><div class=\"vcex-blog-entry-details entry-details wpex-bordered wpex-first-mt-0 wpex-last-mb-0 wpex-clr\"><div class=\"match-height-content\"><h4 class=\"vcex-blog-entry-title entry-title wpex-mb-5 wpex-child-inherit-color\" style=\"margin:10px 0;color:#181818;font-size:1.4em;font-weight:400;text-transform:uppercase;\"><a href=\"https:\/\/heightenedhearts.org\/es\/create-a-fundraiser\/\" style=\"color:#181818;\">Crea Tu Propia Recaudaci\u00f3n de Fondos<\/a><\/h4><div class=\"vcex-blog-entry-excerpt entry-excerpt wpex-my-15 wpex-last-mb-0 wpex-clr\"><p>Crea Tu Propia Recaudaci\u00f3n de Fondos: Necesitamos Tu Ayuda Los servicios prestados por la Fundaci\u00f3n&hellip;<\/p><\/div><\/div><\/div><\/div><\/div><div class=\"vcex-blog-entry vcex-grid-item entry-has-details span_1_of_3 col-1 col textleft post-11093 entry type-post has-media cat-111\"><div class=\"vcex-blog-entry-inner entry-inner wpex-first-mt-0 wpex-last-mb-0 wpex-clr\"><div class=\"vcex-blog-entry-media entry-media\"><a href=\"https:\/\/heightenedhearts.org\/es\/path-of-dreams-memorial-path\/\" title=\"Camino de los Sue\u00f1os, Camino Conmemorativo\"><img decoding=\"async\" width=\"260\" height=\"165\" src=\"https:\/\/heightenedhearts.org\/wp-content\/uploads\/2015\/07\/Path-of-Dreams.png\" class=\"vcex-blog-entry-img wpex-align-middle\" alt=\"\" loading=\"lazy\" \/><\/a><\/div><div class=\"vcex-blog-entry-details entry-details wpex-bordered wpex-first-mt-0 wpex-last-mb-0 wpex-clr\"><div class=\"match-height-content\"><h4 class=\"vcex-blog-entry-title entry-title wpex-mb-5 wpex-child-inherit-color\" style=\"margin:10px 0;color:#181818;font-size:1.4em;font-weight:400;text-transform:uppercase;\"><a href=\"https:\/\/heightenedhearts.org\/es\/path-of-dreams-memorial-path\/\" style=\"color:#181818;\">Camino de los Sue\u00f1os, Camino Conmemorativo<\/a><\/h4><div class=\"vcex-blog-entry-excerpt entry-excerpt wpex-my-15 wpex-last-mb-0 wpex-clr\"><p>El \" Camino de los Sue\u00f1os, Camino Conmemorativo \" es una gran manera de hacer&hellip;<\/p><\/div><\/div><\/div><\/div><\/div><\/div><\/div>[\/vc_column][\/vc_row]\n<\/div>","protected":false},"excerpt":{"rendered":"<p>[vc_row][vc_column][vc_single_image image=\u00bb15145&#8243;][vc_column_text el_class=\u00bbfs-13 lh-28&#8243; css=\u00bb.vc_custom_1536234901834{padding-top: 20px !important;}\u00bb]Si deseas hacer una donaci\u00f3n en \u00abhonor\u00bb o \u201cmemoria\u00bb de alguien especial para ti, la Fundaci\u00f3n Heightened Hearts estar\u00e1 m\u00e1s que feliz de mencionar a esa persona especial, en relaci\u00f3n con tu regalo. Esto&hellip;<\/p>\n","protected":false},"author":1,"featured_media":0,"parent":11044,"menu_order":0,"comment_status":"closed","ping_status":"closed","template":"","meta":{"footnotes":""},"class_list":["post-14650","page","type-page","status-publish","hentry","entry","has-media"],"_links":{"self":[{"href":"https:\/\/heightenedhearts.org\/es\/wp-json\/wp\/v2\/pages\/14650","targetHints":{"allow":["GET"]}}],"collection":[{"href":"https:\/\/heightenedhearts.org\/es\/wp-json\/wp\/v2\/pages"}],"about":[{"href":"https:\/\/heightenedhearts.org\/es\/wp-json\/wp\/v2\/types\/page"}],"author":[{"embeddable":true,"href":"https:\/\/heightenedhearts.org\/es\/wp-json\/wp\/v2\/users\/1"}],"replies":[{"embeddable":true,"href":"https:\/\/heightenedhearts.org\/es\/wp-json\/wp\/v2\/comments?post=14650"}],"version-history":[{"count":4,"href":"https:\/\/heightenedhearts.org\/es\/wp-json\/wp\/v2\/pages\/14650\/revisions"}],"predecessor-version":[{"id":15151,"href":"https:\/\/heightenedhearts.org\/es\/wp-json\/wp\/v2\/pages\/14650\/revisions\/15151"}],"up":[{"embeddable":true,"href":"https:\/\/heightenedhearts.org\/es\/wp-json\/wp\/v2\/pages\/11044"}],"wp:attachment":[{"href":"https:\/\/heightenedhearts.org\/es\/wp-json\/wp\/v2\/media?parent=14650"}],"curies":[{"name":"wp","href":"https:\/\/api.w.org\/{rel}","templated":true}]}}