{"id":14647,"date":"2018-01-31T08:49:34","date_gmt":"2018-01-31T08:49:34","guid":{"rendered":"http:\/\/akshartech.in\/demo\/heightenedhearts\/es\/?page_id=14647"},"modified":"2018-09-06T11:49:10","modified_gmt":"2018-09-06T11:49:10","slug":"employer-match-programs","status":"publish","type":"page","link":"https:\/\/heightenedhearts.org\/es\/give\/ways-to-donate\/employer-match-programs\/","title":{"rendered":"Programas de Igualaci\u00f3n de Donaciones por Parte del Empleador"},"content":{"rendered":"<div class=\"wpb-content-wrapper\">[vc_row][vc_column][vc_single_image image=\u00bb15142&#8243;][vc_column_text el_class=\u00bbfs-13 lh-28&#8243; css=\u00bb.vc_custom_1536234546628{padding-top: 20px !important;}\u00bb]Al realizar cualquier tipo de donaci\u00f3n de caridad a la Fundaci\u00f3n Heightened Hearts, no olvides consultar con tu empleador \u00a0la posibilidad de que iguale tu donaci\u00f3n ocasional o mensual. Muchos empleadores, especialmente las grandes empresas, ofrecen programas en los que igualan las donaciones con el objetivo de ayudar a que las organizaciones ben\u00e9ficas locales re\u00fanan los fondos que necesitan. Al hacerlo, ver\u00e1s como de manera sorprendente, tu regalo se multiplica r\u00e1pidamente con s\u00f3lo tomar este sencillo paso.<\/p>\n<p>Empieza hoy, llena el siguiente formulario de contacto y un representante se comunicar\u00e1 contigo con el fin de proporcionarte sencillas instrucciones paso a paso, que podr\u00e1s compartir con el contador de tu empresa para una configuraci\u00f3n r\u00e1pida.<\/p>\n<p>Es importante preguntar acerca de los criterios de igualaci\u00f3n de donaciones por parte de tu empleador, para que puedas maximizar el impacto de tu donaci\u00f3n.<\/p>\n<div class=\"Become-Volunteer-form\">\n<p><script src=\"\/\/app.etapestry.com\/hosted\/eTapestry.com\/etapEmbedResponsiveResizing.js\" type=\"text\/JavaScript\"><\/script><iframe loading=\"lazy\" id=\"etapIframe\" style=\"border: none; width: 100%;\" src=\"https:\/\/app.etapestry.com\/onlineforms\/HeightenedHearts\/ContactUs.html\" width=\"300\" height=\"150\"><\/iframe><\/p>\n<\/div>\n[\/vc_column_text][\/vc_column][\/vc_row][vc_row][vc_column][vc_column_text css=\u00bb.vc_custom_1517311081756{margin-top: 40px !important;margin-bottom: 20px !important;}\u00bb]\n<div class=\"theme-heading related-posts-title\"><span class=\"text\">Related Posts<\/span><\/div>\n[\/vc_column_text]<div class=\"vcex-module vcex-blog-grid-wrap wpex-clr way-to-give-post page-related-posts\"><div class=\"wpex-row vcex-blog-grid wpex-clr entries match-height-grid\"><div class=\"vcex-blog-entry vcex-grid-item entry-has-details span_1_of_3 col-1 col textleft post-13458 entry type-post has-media cat-113 cat-4 cat-1 has-redirect\"><div class=\"vcex-blog-entry-inner entry-inner wpex-first-mt-0 wpex-last-mb-0 wpex-clr\"><div class=\"vcex-blog-entry-media entry-media\"><a href=\"https:\/\/heightenedhearts.org\/es\/give\/ways-to-donate\/corporate-foundation-philanthropic-gift\/\" title=\"Corporate or Foundation Philanthropic Gift\"><img decoding=\"async\" width=\"260\" height=\"165\" src=\"https:\/\/heightenedhearts.org\/wp-content\/uploads\/2015\/08\/Corporate-or-Foundation.png\" class=\"vcex-blog-entry-img wpex-align-middle\" alt=\"Corporate or Foundation\" loading=\"lazy\" \/><\/a><\/div><div class=\"vcex-blog-entry-details entry-details wpex-bordered wpex-first-mt-0 wpex-last-mb-0 wpex-clr\"><div class=\"match-height-content\"><h4 class=\"vcex-blog-entry-title entry-title wpex-mb-5 wpex-child-inherit-color\" style=\"margin:10px 0;color:#181818;font-size:1.4em;font-weight:400;text-transform:uppercase;\"><a href=\"https:\/\/heightenedhearts.org\/es\/give\/ways-to-donate\/corporate-foundation-philanthropic-gift\/\" style=\"color:#181818;\">Corporate or Foundation Philanthropic Gift<\/a><\/h4><div class=\"vcex-blog-entry-excerpt entry-excerpt wpex-my-15 wpex-last-mb-0 wpex-clr\"><p>Las corporaciones y fundaciones participan regularmente en la pr\u00e1ctica de la filantrop\u00eda, contribuyendo a organizaciones&hellip;<\/p><\/div><\/div><\/div><\/div><\/div><div class=\"vcex-blog-entry vcex-grid-item entry-has-details span_1_of_3 col-2 col textleft post-11101 entry type-post has-media cat-113\"><div class=\"vcex-blog-entry-inner entry-inner wpex-first-mt-0 wpex-last-mb-0 wpex-clr\"><div class=\"vcex-blog-entry-media entry-media\"><a href=\"https:\/\/heightenedhearts.org\/es\/give-through-the-workplace\/\" title=\"Dar a Trav\u00e9s de Tu Lugar de Trabajo\"><img decoding=\"async\" width=\"260\" height=\"165\" src=\"https:\/\/heightenedhearts.org\/wp-content\/uploads\/2015\/08\/Corporate-or-Foundation.png\" class=\"vcex-blog-entry-img wpex-align-middle\" alt=\"Corporate or Foundation\" loading=\"lazy\" \/><\/a><\/div><div class=\"vcex-blog-entry-details entry-details wpex-bordered wpex-first-mt-0 wpex-last-mb-0 wpex-clr\"><div class=\"match-height-content\"><h4 class=\"vcex-blog-entry-title entry-title wpex-mb-5 wpex-child-inherit-color\" style=\"margin:10px 0;color:#181818;font-size:1.4em;font-weight:400;text-transform:uppercase;\"><a href=\"https:\/\/heightenedhearts.org\/es\/give-through-the-workplace\/\" style=\"color:#181818;\">Dar a Trav\u00e9s de Tu Lugar de Trabajo<\/a><\/h4><div class=\"vcex-blog-entry-excerpt entry-excerpt wpex-my-15 wpex-last-mb-0 wpex-clr\"><p>Cada a\u00f1o, miles de millones de d\u00f3lares son donados a organizaciones ben\u00e9ficas en Estados Unidos,&hellip;<\/p><\/div><\/div><\/div><\/div><\/div><div class=\"vcex-blog-entry vcex-grid-item entry-has-details span_1_of_3 col-3 col textleft post-11097 entry type-post has-media cat-113 has-redirect\"><div class=\"vcex-blog-entry-inner entry-inner wpex-first-mt-0 wpex-last-mb-0 wpex-clr\"><div class=\"vcex-blog-entry-media entry-media\"><a href=\"https:\/\/heightenedhearts.org\/es\/give\/ways-to-donate\/employer-match-programs\/\" title=\"Programas de Igualaci\u00f3n de Donaciones por Parte del Empleador\"><img decoding=\"async\" width=\"260\" height=\"165\" src=\"https:\/\/heightenedhearts.org\/wp-content\/uploads\/2015\/08\/Untitled-147.png\" class=\"vcex-blog-entry-img wpex-align-middle\" alt=\"\" loading=\"lazy\" \/><\/a><\/div><div class=\"vcex-blog-entry-details entry-details wpex-bordered wpex-first-mt-0 wpex-last-mb-0 wpex-clr\"><div class=\"match-height-content\"><h4 class=\"vcex-blog-entry-title entry-title wpex-mb-5 wpex-child-inherit-color\" style=\"margin:10px 0;color:#181818;font-size:1.4em;font-weight:400;text-transform:uppercase;\"><a href=\"https:\/\/heightenedhearts.org\/es\/give\/ways-to-donate\/employer-match-programs\/\" style=\"color:#181818;\">Programas de Igualaci\u00f3n de Donaciones por Parte del Empleador<\/a><\/h4><div class=\"vcex-blog-entry-excerpt entry-excerpt wpex-my-15 wpex-last-mb-0 wpex-clr\"><p>Al realizar cualquier tipo de donaci\u00f3n de caridad a la Fundaci\u00f3n Heightened Hearts, no olvides&hellip;<\/p><\/div><\/div><\/div><\/div><\/div><\/div><\/div>[\/vc_column][\/vc_row]\n<\/div>","protected":false},"excerpt":{"rendered":"<p>[vc_row][vc_column][vc_single_image image=\u00bb15142&#8243;][vc_column_text el_class=\u00bbfs-13 lh-28&#8243; css=\u00bb.vc_custom_1536234546628{padding-top: 20px !important;}\u00bb]Al realizar cualquier tipo de donaci\u00f3n de caridad a la Fundaci\u00f3n Heightened Hearts, no olvides consultar con tu empleador \u00a0la posibilidad de que iguale tu donaci\u00f3n ocasional o mensual. Muchos empleadores, especialmente las grandes&hellip;<\/p>\n","protected":false},"author":1,"featured_media":0,"parent":11044,"menu_order":0,"comment_status":"closed","ping_status":"closed","template":"","meta":{"footnotes":""},"class_list":["post-14647","page","type-page","status-publish","hentry","entry","has-media"],"_links":{"self":[{"href":"https:\/\/heightenedhearts.org\/es\/wp-json\/wp\/v2\/pages\/14647","targetHints":{"allow":["GET"]}}],"collection":[{"href":"https:\/\/heightenedhearts.org\/es\/wp-json\/wp\/v2\/pages"}],"about":[{"href":"https:\/\/heightenedhearts.org\/es\/wp-json\/wp\/v2\/types\/page"}],"author":[{"embeddable":true,"href":"https:\/\/heightenedhearts.org\/es\/wp-json\/wp\/v2\/users\/1"}],"replies":[{"embeddable":true,"href":"https:\/\/heightenedhearts.org\/es\/wp-json\/wp\/v2\/comments?post=14647"}],"version-history":[{"count":4,"href":"https:\/\/heightenedhearts.org\/es\/wp-json\/wp\/v2\/pages\/14647\/revisions"}],"predecessor-version":[{"id":15144,"href":"https:\/\/heightenedhearts.org\/es\/wp-json\/wp\/v2\/pages\/14647\/revisions\/15144"}],"up":[{"embeddable":true,"href":"https:\/\/heightenedhearts.org\/es\/wp-json\/wp\/v2\/pages\/11044"}],"wp:attachment":[{"href":"https:\/\/heightenedhearts.org\/es\/wp-json\/wp\/v2\/media?parent=14647"}],"curies":[{"name":"wp","href":"https:\/\/api.w.org\/{rel}","templated":true}]}}