{"id":14645,"date":"2018-01-31T08:47:10","date_gmt":"2018-01-31T08:47:10","guid":{"rendered":"http:\/\/akshartech.in\/demo\/heightenedhearts\/es\/?page_id=14645"},"modified":"2018-09-06T11:48:46","modified_gmt":"2018-09-06T11:48:46","slug":"donate-goods","status":"publish","type":"page","link":"https:\/\/heightenedhearts.org\/es\/give\/ways-to-donate\/donate-goods\/","title":{"rendered":"Donar Productos"},"content":{"rendered":"<div class=\"wpb-content-wrapper\">[vc_row][vc_column][vc_single_image image=\u00bb15139&#8243;][vc_column_text el_class=\u00bbfs-13 lh-28&#8243; css=\u00bb.vc_custom_1536234523439{padding-top: 20px !important;}\u00bb]La Fundaci\u00f3n Heightened Hearts acepta donaciones de productos, tales como electr\u00f3nicos y otros art\u00edculos altamente atractivos, que podemos vender f\u00e1cilmente en nuestras tiendas Amazon y en Ebay. Las ganancias de los art\u00edculos donados se destinan para financiar nuestros diversos programas, que mejoran la vida de los pobres y necesitados.<\/p>\n<p>Si eres miembro \/ representante de una empresa o negocio al que le gustar\u00eda donar cualquier tipo de bienes o productos para la Fundaci\u00f3n Heightened Hearts, por favor llena el siguiente formulario de contacto y especifica los art\u00edculos y la cantidad que deseas donar a nuestras tiendas en l\u00ednea.<\/p>\n<div class=\"Become-Volunteer-form\">\n<p><script src=\"\/\/app.etapestry.com\/hosted\/eTapestry.com\/etapEmbedResponsiveResizing.js\" type=\"text\/JavaScript\"><\/script><iframe loading=\"lazy\" id=\"etapIframe\" style=\"border: none; width: 100%;\" src=\"https:\/\/app.etapestry.com\/onlineforms\/HeightenedHearts\/ContactUs.html\" width=\"300\" height=\"150\"><\/iframe><\/p>\n<\/div>\n[\/vc_column_text][\/vc_column][\/vc_row][vc_row][vc_column][vc_column_text css=\u00bb.vc_custom_1517311081756{margin-top: 40px !important;margin-bottom: 20px !important;}\u00bb]\n<div class=\"theme-heading related-posts-title\"><span class=\"text\">Related Posts<\/span><\/div>\n[\/vc_column_text]<div class=\"vcex-module vcex-blog-grid-wrap wpex-clr way-to-give-post page-related-posts\"><div class=\"wpex-row vcex-blog-grid wpex-clr entries match-height-grid\"><div class=\"vcex-blog-entry vcex-grid-item entry-has-details span_1_of_3 col-1 col textleft post-13412 entry type-post has-media cat-119 has-redirect\"><div class=\"vcex-blog-entry-inner entry-inner wpex-first-mt-0 wpex-last-mb-0 wpex-clr\"><div class=\"vcex-blog-entry-media entry-media\"><a href=\"https:\/\/heightenedhearts.org\/es\/give\/ways-to-donate\/airline-miles\/\" title=\"Airline Miles\"><img decoding=\"async\" width=\"260\" height=\"165\" src=\"https:\/\/heightenedhearts.org\/wp-content\/uploads\/2015\/08\/Untitled-2.png\" class=\"vcex-blog-entry-img wpex-align-middle\" alt=\"\" loading=\"lazy\" \/><\/a><\/div><div class=\"vcex-blog-entry-details entry-details wpex-bordered wpex-first-mt-0 wpex-last-mb-0 wpex-clr\"><div class=\"match-height-content\"><h4 class=\"vcex-blog-entry-title entry-title wpex-mb-5 wpex-child-inherit-color\" style=\"margin:10px 0;color:#181818;font-size:1.4em;font-weight:400;text-transform:uppercase;\"><a href=\"https:\/\/heightenedhearts.org\/es\/give\/ways-to-donate\/airline-miles\/\" style=\"color:#181818;\">Airline Miles<\/a><\/h4><div class=\"vcex-blog-entry-excerpt entry-excerpt wpex-my-15 wpex-last-mb-0 wpex-clr\"><p>Airline Miles Gifts The work of the Heightened Hearts Foundation takes our organization around the&hellip;<\/p><\/div><\/div><\/div><\/div><\/div><div class=\"vcex-blog-entry vcex-grid-item entry-has-details span_1_of_3 col-2 col textleft post-11114 entry type-post has-media cat-119\"><div class=\"vcex-blog-entry-inner entry-inner wpex-first-mt-0 wpex-last-mb-0 wpex-clr\"><div class=\"vcex-blog-entry-media entry-media\"><a href=\"https:\/\/heightenedhearts.org\/es\/donate-goods\/\" title=\"Donar Productos\"><img decoding=\"async\" width=\"240\" height=\"150\" src=\"https:\/\/heightenedhearts.org\/wp-content\/uploads\/2015\/08\/img31.png\" class=\"vcex-blog-entry-img wpex-align-middle\" alt=\"Donate Goods\" loading=\"lazy\" \/><\/a><\/div><div class=\"vcex-blog-entry-details entry-details wpex-bordered wpex-first-mt-0 wpex-last-mb-0 wpex-clr\"><div class=\"match-height-content\"><h4 class=\"vcex-blog-entry-title entry-title wpex-mb-5 wpex-child-inherit-color\" style=\"margin:10px 0;color:#181818;font-size:1.4em;font-weight:400;text-transform:uppercase;\"><a href=\"https:\/\/heightenedhearts.org\/es\/donate-goods\/\" style=\"color:#181818;\">Donar Productos<\/a><\/h4><div class=\"vcex-blog-entry-excerpt entry-excerpt wpex-my-15 wpex-last-mb-0 wpex-clr\"><p>La Fundaci\u00f3n Heightened Hearts acepta donaciones de productos, tales como electr\u00f3nicos y otros art\u00edculos altamente&hellip;<\/p><\/div><\/div><\/div><\/div><\/div><\/div><\/div>[\/vc_column][\/vc_row]\n<\/div>","protected":false},"excerpt":{"rendered":"<p>[vc_row][vc_column][vc_single_image image=\u00bb15139&#8243;][vc_column_text el_class=\u00bbfs-13 lh-28&#8243; css=\u00bb.vc_custom_1536234523439{padding-top: 20px !important;}\u00bb]La Fundaci\u00f3n Heightened Hearts acepta donaciones de productos, tales como electr\u00f3nicos y otros art\u00edculos altamente atractivos, que podemos vender f\u00e1cilmente en nuestras tiendas Amazon y en Ebay. Las ganancias de los art\u00edculos donados se&hellip;<\/p>\n","protected":false},"author":1,"featured_media":0,"parent":11044,"menu_order":0,"comment_status":"closed","ping_status":"closed","template":"","meta":{"footnotes":""},"class_list":["post-14645","page","type-page","status-publish","hentry","entry","has-media"],"_links":{"self":[{"href":"https:\/\/heightenedhearts.org\/es\/wp-json\/wp\/v2\/pages\/14645","targetHints":{"allow":["GET"]}}],"collection":[{"href":"https:\/\/heightenedhearts.org\/es\/wp-json\/wp\/v2\/pages"}],"about":[{"href":"https:\/\/heightenedhearts.org\/es\/wp-json\/wp\/v2\/types\/page"}],"author":[{"embeddable":true,"href":"https:\/\/heightenedhearts.org\/es\/wp-json\/wp\/v2\/users\/1"}],"replies":[{"embeddable":true,"href":"https:\/\/heightenedhearts.org\/es\/wp-json\/wp\/v2\/comments?post=14645"}],"version-history":[{"count":3,"href":"https:\/\/heightenedhearts.org\/es\/wp-json\/wp\/v2\/pages\/14645\/revisions"}],"predecessor-version":[{"id":15143,"href":"https:\/\/heightenedhearts.org\/es\/wp-json\/wp\/v2\/pages\/14645\/revisions\/15143"}],"up":[{"embeddable":true,"href":"https:\/\/heightenedhearts.org\/es\/wp-json\/wp\/v2\/pages\/11044"}],"wp:attachment":[{"href":"https:\/\/heightenedhearts.org\/es\/wp-json\/wp\/v2\/media?parent=14645"}],"curies":[{"name":"wp","href":"https:\/\/api.w.org\/{rel}","templated":true}]}}