{"id":14638,"date":"2018-01-31T07:37:09","date_gmt":"2018-01-31T07:37:09","guid":{"rendered":"http:\/\/akshartech.in\/demo\/heightenedhearts\/es\/?page_id=14638"},"modified":"2018-09-06T11:41:03","modified_gmt":"2018-09-06T11:41:03","slug":"corporate-foundation-philanthropic-gift","status":"publish","type":"page","link":"https:\/\/heightenedhearts.org\/es\/give\/ways-to-donate\/corporate-foundation-philanthropic-gift\/","title":{"rendered":"Corporate or Foundation Philanthropic Gift"},"content":{"rendered":"<div class=\"wpb-content-wrapper\">[vc_row][vc_column][vc_single_image image=\u00bb15129&#8243;][vc_column_text el_class=\u00bbfs-13 lh-28&#8243; css=\u00bb.vc_custom_1536234057759{padding-top: 20px !important;}\u00bb]Las corporaciones y fundaciones participan regularmente en la pr\u00e1ctica de la filantrop\u00eda, contribuyendo a organizaciones ben\u00e9ficas alrededor del mundo, y apoyando as\u00ed el trabajo que realizan. Si formas parte del Consejo de Administraci\u00f3n para una corporaci\u00f3n o fundaci\u00f3n, esperamos que consideres a la Fundaci\u00f3n Heightened Hearts como posible receptor de un regalo o donaci\u00f3n de este tipo.<\/p>\n<p>Dar directamente a la caridad es probablemente el m\u00e9todo m\u00e1s simple por el cual una empresa puede ayudar a la comunidad. Para deducir este regalo de car\u00e1cter social, la empresa debe asegurarse de que su receptor est\u00e1 exento de impuestos bajo la Secci\u00f3n 501 (c) (3) 2 y est\u00e1 organizado en los Estados Unidos. (Los regalos hechos directamente a las entidades extranjeras generalmente no son deducibles. 3 Adem\u00e1s, la designaci\u00f3n por parte del cesionario como \u201csin fines de lucro\u201d es insuficiente. Muchas organizaciones no lucrativas, como las c\u00e1maras de comercio u organizaciones de bienestar social, no son elegibles para recibir donaciones de caridad.)[\/vc_column_text][\/vc_column][\/vc_row][vc_row][vc_column][vc_column_text css=\u00bb.vc_custom_1517311081756{margin-top: 40px !important;margin-bottom: 20px !important;}\u00bb]\n<div class=\"theme-heading related-posts-title\"><span class=\"text\">Related Posts<\/span><\/div>\n[\/vc_column_text]<div class=\"vcex-module vcex-blog-grid-wrap wpex-clr way-to-give-post page-related-posts\"><div class=\"wpex-row vcex-blog-grid wpex-clr entries match-height-grid\"><div class=\"vcex-blog-entry vcex-grid-item entry-has-details span_1_of_3 col-1 col textleft post-13458 entry type-post has-media cat-113 cat-4 cat-1 has-redirect\"><div class=\"vcex-blog-entry-inner entry-inner wpex-first-mt-0 wpex-last-mb-0 wpex-clr\"><div class=\"vcex-blog-entry-media entry-media\"><a href=\"https:\/\/heightenedhearts.org\/es\/give\/ways-to-donate\/corporate-foundation-philanthropic-gift\/\" title=\"Corporate or Foundation Philanthropic Gift\"><img decoding=\"async\" width=\"260\" height=\"165\" src=\"https:\/\/heightenedhearts.org\/wp-content\/uploads\/2015\/08\/Corporate-or-Foundation.png\" class=\"vcex-blog-entry-img wpex-align-middle\" alt=\"Corporate or Foundation\" loading=\"lazy\" \/><\/a><\/div><div class=\"vcex-blog-entry-details entry-details wpex-bordered wpex-first-mt-0 wpex-last-mb-0 wpex-clr\"><div class=\"match-height-content\"><h4 class=\"vcex-blog-entry-title entry-title wpex-mb-5 wpex-child-inherit-color\" style=\"margin:10px 0;color:#181818;font-size:1.4em;font-weight:400;text-transform:uppercase;\"><a href=\"https:\/\/heightenedhearts.org\/es\/give\/ways-to-donate\/corporate-foundation-philanthropic-gift\/\" style=\"color:#181818;\">Corporate or Foundation Philanthropic Gift<\/a><\/h4><div class=\"vcex-blog-entry-excerpt entry-excerpt wpex-my-15 wpex-last-mb-0 wpex-clr\"><p>Las corporaciones y fundaciones participan regularmente en la pr\u00e1ctica de la filantrop\u00eda, contribuyendo a organizaciones&hellip;<\/p><\/div><\/div><\/div><\/div><\/div><div class=\"vcex-blog-entry vcex-grid-item entry-has-details span_1_of_3 col-2 col textleft post-11101 entry type-post has-media cat-113\"><div class=\"vcex-blog-entry-inner entry-inner wpex-first-mt-0 wpex-last-mb-0 wpex-clr\"><div class=\"vcex-blog-entry-media entry-media\"><a href=\"https:\/\/heightenedhearts.org\/es\/give-through-the-workplace\/\" title=\"Dar a Trav\u00e9s de Tu Lugar de Trabajo\"><img decoding=\"async\" width=\"260\" height=\"165\" src=\"https:\/\/heightenedhearts.org\/wp-content\/uploads\/2015\/08\/Corporate-or-Foundation.png\" class=\"vcex-blog-entry-img wpex-align-middle\" alt=\"Corporate or Foundation\" loading=\"lazy\" \/><\/a><\/div><div class=\"vcex-blog-entry-details entry-details wpex-bordered wpex-first-mt-0 wpex-last-mb-0 wpex-clr\"><div class=\"match-height-content\"><h4 class=\"vcex-blog-entry-title entry-title wpex-mb-5 wpex-child-inherit-color\" style=\"margin:10px 0;color:#181818;font-size:1.4em;font-weight:400;text-transform:uppercase;\"><a href=\"https:\/\/heightenedhearts.org\/es\/give-through-the-workplace\/\" style=\"color:#181818;\">Dar a Trav\u00e9s de Tu Lugar de Trabajo<\/a><\/h4><div class=\"vcex-blog-entry-excerpt entry-excerpt wpex-my-15 wpex-last-mb-0 wpex-clr\"><p>Cada a\u00f1o, miles de millones de d\u00f3lares son donados a organizaciones ben\u00e9ficas en Estados Unidos,&hellip;<\/p><\/div><\/div><\/div><\/div><\/div><div class=\"vcex-blog-entry vcex-grid-item entry-has-details span_1_of_3 col-3 col textleft post-11097 entry type-post has-media cat-113 has-redirect\"><div class=\"vcex-blog-entry-inner entry-inner wpex-first-mt-0 wpex-last-mb-0 wpex-clr\"><div class=\"vcex-blog-entry-media entry-media\"><a href=\"https:\/\/heightenedhearts.org\/es\/give\/ways-to-donate\/employer-match-programs\/\" title=\"Programas de Igualaci\u00f3n de Donaciones por Parte del Empleador\"><img decoding=\"async\" width=\"260\" height=\"165\" src=\"https:\/\/heightenedhearts.org\/wp-content\/uploads\/2015\/08\/Untitled-147.png\" class=\"vcex-blog-entry-img wpex-align-middle\" alt=\"\" loading=\"lazy\" \/><\/a><\/div><div class=\"vcex-blog-entry-details entry-details wpex-bordered wpex-first-mt-0 wpex-last-mb-0 wpex-clr\"><div class=\"match-height-content\"><h4 class=\"vcex-blog-entry-title entry-title wpex-mb-5 wpex-child-inherit-color\" style=\"margin:10px 0;color:#181818;font-size:1.4em;font-weight:400;text-transform:uppercase;\"><a href=\"https:\/\/heightenedhearts.org\/es\/give\/ways-to-donate\/employer-match-programs\/\" style=\"color:#181818;\">Programas de Igualaci\u00f3n de Donaciones por Parte del Empleador<\/a><\/h4><div class=\"vcex-blog-entry-excerpt entry-excerpt wpex-my-15 wpex-last-mb-0 wpex-clr\"><p>Al realizar cualquier tipo de donaci\u00f3n de caridad a la Fundaci\u00f3n Heightened Hearts, no olvides&hellip;<\/p><\/div><\/div><\/div><\/div><\/div><\/div><\/div>[\/vc_column][\/vc_row]\n<\/div>","protected":false},"excerpt":{"rendered":"<p>[vc_row][vc_column][vc_single_image image=\u00bb15129&#8243;][vc_column_text el_class=\u00bbfs-13 lh-28&#8243; css=\u00bb.vc_custom_1536234057759{padding-top: 20px !important;}\u00bb]Las corporaciones y fundaciones participan regularmente en la pr\u00e1ctica de la filantrop\u00eda, contribuyendo a organizaciones ben\u00e9ficas alrededor del mundo, y apoyando as\u00ed el trabajo que realizan. Si formas parte del Consejo de Administraci\u00f3n para&hellip;<\/p>\n","protected":false},"author":1,"featured_media":0,"parent":11044,"menu_order":0,"comment_status":"closed","ping_status":"closed","template":"","meta":{"footnotes":""},"class_list":["post-14638","page","type-page","status-publish","hentry","entry","has-media"],"_links":{"self":[{"href":"https:\/\/heightenedhearts.org\/es\/wp-json\/wp\/v2\/pages\/14638","targetHints":{"allow":["GET"]}}],"collection":[{"href":"https:\/\/heightenedhearts.org\/es\/wp-json\/wp\/v2\/pages"}],"about":[{"href":"https:\/\/heightenedhearts.org\/es\/wp-json\/wp\/v2\/types\/page"}],"author":[{"embeddable":true,"href":"https:\/\/heightenedhearts.org\/es\/wp-json\/wp\/v2\/users\/1"}],"replies":[{"embeddable":true,"href":"https:\/\/heightenedhearts.org\/es\/wp-json\/wp\/v2\/comments?post=14638"}],"version-history":[{"count":3,"href":"https:\/\/heightenedhearts.org\/es\/wp-json\/wp\/v2\/pages\/14638\/revisions"}],"predecessor-version":[{"id":15132,"href":"https:\/\/heightenedhearts.org\/es\/wp-json\/wp\/v2\/pages\/14638\/revisions\/15132"}],"up":[{"embeddable":true,"href":"https:\/\/heightenedhearts.org\/es\/wp-json\/wp\/v2\/pages\/11044"}],"wp:attachment":[{"href":"https:\/\/heightenedhearts.org\/es\/wp-json\/wp\/v2\/media?parent=14638"}],"curies":[{"name":"wp","href":"https:\/\/api.w.org\/{rel}","templated":true}]}}