{"id":14634,"date":"2018-01-31T07:27:45","date_gmt":"2018-01-31T07:27:45","guid":{"rendered":"http:\/\/akshartech.in\/demo\/heightenedhearts\/es\/?page_id=14634"},"modified":"2018-09-06T11:41:00","modified_gmt":"2018-09-06T11:41:00","slug":"by-checkmail","status":"publish","type":"page","link":"https:\/\/heightenedhearts.org\/es\/by-checkmail\/","title":{"rendered":"Efectivo \/ Donaci\u00f3n a trav\u00e9s de Cheque"},"content":{"rendered":"<div class=\"wpb-content-wrapper\">[vc_row][vc_column][vc_single_image image=\u00bb15127&#8243;][vc_column_text el_class=\u00bbfs-13 lh-28&#8243; css=\u00bb.vc_custom_1536234053392{padding-top: 20px !important;}\u00bb]Naturalmente, una de las maneras m\u00e1s f\u00e1ciles \u00a0y convenientes de dar a la Fundaci\u00f3n Heightened Hearts es a trav\u00e9s de una donaci\u00f3n en efectivo \/ cheque.<\/p>\n<p>Todas las donaciones en efectivo \/ cheque deben hacerse a nombre de \u00abHeightened Hearts Foundation\u00bb y deben enviarse a la siguiente direcci\u00f3n:<\/p>\n<p><strong>Heightened Hearts Foundation Inc<\/strong><\/p>\n<p><strong>1521 Alton Road, Suite 819<\/strong><\/p>\n<p><strong>Miami Beach, Florida 33139<\/strong><\/p>\n<p>Tambi\u00e9n puedes enviar un regalo de manera electr\u00f3nica, visitando nuestra p\u00e1gina <a href=\"\/?page_id=11048\" target=\"_blank\" rel=\"noopener\">DONAR AHORA<\/a>, desde donde podr\u00e1s hacer una donaci\u00f3n a trav\u00e9s de tu tarjeta de d\u00e9bito o cr\u00e9dito.<\/p>\n<p>Si deseas que tu donaci\u00f3n beneficie una causa o programa espec\u00edfico, como el proyecto de Ucrania \u00abCentro Global Relief\u00bb; o tal vez te gustar\u00eda que tu donaci\u00f3n se hiciera en beneficio de las personas sin hogar en el \u00e1rea de Miami;\u00a0 s\u00f3lo tienes que enviar una nota con tu cheque indicando su finalidad prevista, o escribirlo en la secci\u00f3n \u00abmemo\u00bb del cheque o giro postal.[\/vc_column_text][\/vc_column][\/vc_row][vc_row][vc_column][vc_column_text css=\u00bb.vc_custom_1517311081756{margin-top: 40px !important;margin-bottom: 20px !important;}\u00bb]\n<div class=\"theme-heading related-posts-title\"><span class=\"text\">Related Posts<\/span><\/div>\n[\/vc_column_text]<div class=\"vcex-module vcex-blog-grid-wrap wpex-clr way-to-give-post page-related-posts\"><div class=\"wpex-row vcex-blog-grid wpex-clr entries match-height-grid\"><div class=\"vcex-blog-entry vcex-grid-item entry-has-details span_1_of_3 col-1 col textleft post-11079 entry type-post has-media cat-111 cat-1 has-redirect\"><div class=\"vcex-blog-entry-inner entry-inner wpex-first-mt-0 wpex-last-mb-0 wpex-clr\"><div class=\"vcex-blog-entry-media entry-media\"><a href=\"https:\/\/heightenedhearts.org\/es\/give\/ways-to-donate\/textphone\/\" title=\"Donaci\u00f3n  a Trav\u00e9s de Mensaje de Texto\"><img decoding=\"async\" width=\"240\" height=\"150\" src=\"https:\/\/heightenedhearts.org\/wp-content\/uploads\/2015\/07\/Text-message.png\" class=\"vcex-blog-entry-img wpex-align-middle\" alt=\"\" loading=\"lazy\" \/><\/a><\/div><div class=\"vcex-blog-entry-details entry-details wpex-bordered wpex-first-mt-0 wpex-last-mb-0 wpex-clr\"><div class=\"match-height-content\"><h4 class=\"vcex-blog-entry-title entry-title wpex-mb-5 wpex-child-inherit-color\" style=\"margin:10px 0;color:#181818;font-size:1.4em;font-weight:400;text-transform:uppercase;\"><a href=\"https:\/\/heightenedhearts.org\/es\/give\/ways-to-donate\/textphone\/\" style=\"color:#181818;\">Donaci\u00f3n  a Trav\u00e9s de Mensaje de Texto<\/a><\/h4><div class=\"vcex-blog-entry-excerpt entry-excerpt wpex-my-15 wpex-last-mb-0 wpex-clr\"><p>\u00bfQuieres ayudar a los dem\u00e1s, pero no sabes muy bien por d\u00f3nde empezar? \u00bfSientes que&hellip;<\/p><\/div><\/div><\/div><\/div><\/div><div class=\"vcex-blog-entry vcex-grid-item entry-has-details span_1_of_3 col-2 col textleft post-11084 entry type-post has-media cat-111 translation_priority-151 has-redirect\"><div class=\"vcex-blog-entry-inner entry-inner wpex-first-mt-0 wpex-last-mb-0 wpex-clr\"><div class=\"vcex-blog-entry-media entry-media\"><a href=\"https:\/\/heightenedhearts.org\/es\/give\/ways-to-donate\/by-checkmail\/\" title=\"Donar por correo\"><img decoding=\"async\" width=\"240\" height=\"150\" src=\"https:\/\/heightenedhearts.org\/wp-content\/uploads\/2015\/07\/by-cheque.png\" class=\"vcex-blog-entry-img wpex-align-middle\" alt=\"\" loading=\"lazy\" \/><\/a><\/div><div class=\"vcex-blog-entry-details entry-details wpex-bordered wpex-first-mt-0 wpex-last-mb-0 wpex-clr\"><div class=\"match-height-content\"><h4 class=\"vcex-blog-entry-title entry-title wpex-mb-5 wpex-child-inherit-color\" style=\"margin:10px 0;color:#181818;font-size:1.4em;font-weight:400;text-transform:uppercase;\"><a href=\"https:\/\/heightenedhearts.org\/es\/give\/ways-to-donate\/by-checkmail\/\" style=\"color:#181818;\">Donar por correo<\/a><\/h4><div class=\"vcex-blog-entry-excerpt entry-excerpt wpex-my-15 wpex-last-mb-0 wpex-clr\"><p>Naturalmente, una de las maneras m\u00e1s f\u00e1ciles \u00a0y convenientes de dar a la Fundaci\u00f3n Heightened&hellip;<\/p><\/div><\/div><\/div><\/div><\/div><div class=\"vcex-blog-entry vcex-grid-item entry-has-details span_1_of_3 col-3 col textleft post-11091 entry type-post has-media cat-111 cat-1\"><div class=\"vcex-blog-entry-inner entry-inner wpex-first-mt-0 wpex-last-mb-0 wpex-clr\"><div class=\"vcex-blog-entry-media entry-media\"><a href=\"https:\/\/heightenedhearts.org\/es\/create-a-fundraiser\/\" title=\"Crea Tu Propia Recaudaci\u00f3n de Fondos\"><img decoding=\"async\" width=\"260\" height=\"165\" src=\"https:\/\/heightenedhearts.org\/wp-content\/uploads\/2015\/07\/create-a-fund.png\" class=\"vcex-blog-entry-img wpex-align-middle\" alt=\"\" loading=\"lazy\" \/><\/a><\/div><div class=\"vcex-blog-entry-details entry-details wpex-bordered wpex-first-mt-0 wpex-last-mb-0 wpex-clr\"><div class=\"match-height-content\"><h4 class=\"vcex-blog-entry-title entry-title wpex-mb-5 wpex-child-inherit-color\" style=\"margin:10px 0;color:#181818;font-size:1.4em;font-weight:400;text-transform:uppercase;\"><a href=\"https:\/\/heightenedhearts.org\/es\/create-a-fundraiser\/\" style=\"color:#181818;\">Crea Tu Propia Recaudaci\u00f3n de Fondos<\/a><\/h4><div class=\"vcex-blog-entry-excerpt entry-excerpt wpex-my-15 wpex-last-mb-0 wpex-clr\"><p>Crea Tu Propia Recaudaci\u00f3n de Fondos: Necesitamos Tu Ayuda Los servicios prestados por la Fundaci\u00f3n&hellip;<\/p><\/div><\/div><\/div><\/div><\/div><div class=\"vcex-blog-entry vcex-grid-item entry-has-details span_1_of_3 col-1 col textleft post-11093 entry type-post has-media cat-111\"><div class=\"vcex-blog-entry-inner entry-inner wpex-first-mt-0 wpex-last-mb-0 wpex-clr\"><div class=\"vcex-blog-entry-media entry-media\"><a href=\"https:\/\/heightenedhearts.org\/es\/path-of-dreams-memorial-path\/\" title=\"Camino de los Sue\u00f1os, Camino Conmemorativo\"><img decoding=\"async\" width=\"260\" height=\"165\" src=\"https:\/\/heightenedhearts.org\/wp-content\/uploads\/2015\/07\/Path-of-Dreams.png\" class=\"vcex-blog-entry-img wpex-align-middle\" alt=\"\" loading=\"lazy\" \/><\/a><\/div><div class=\"vcex-blog-entry-details entry-details wpex-bordered wpex-first-mt-0 wpex-last-mb-0 wpex-clr\"><div class=\"match-height-content\"><h4 class=\"vcex-blog-entry-title entry-title wpex-mb-5 wpex-child-inherit-color\" style=\"margin:10px 0;color:#181818;font-size:1.4em;font-weight:400;text-transform:uppercase;\"><a href=\"https:\/\/heightenedhearts.org\/es\/path-of-dreams-memorial-path\/\" style=\"color:#181818;\">Camino de los Sue\u00f1os, Camino Conmemorativo<\/a><\/h4><div class=\"vcex-blog-entry-excerpt entry-excerpt wpex-my-15 wpex-last-mb-0 wpex-clr\"><p>El \" Camino de los Sue\u00f1os, Camino Conmemorativo \" es una gran manera de hacer&hellip;<\/p><\/div><\/div><\/div><\/div><\/div><\/div><\/div>[\/vc_column][\/vc_row]\n<\/div>","protected":false},"excerpt":{"rendered":"<p>[vc_row][vc_column][vc_single_image image=\u00bb15127&#8243;][vc_column_text el_class=\u00bbfs-13 lh-28&#8243; css=\u00bb.vc_custom_1536234053392{padding-top: 20px !important;}\u00bb]Naturalmente, una de las maneras m\u00e1s f\u00e1ciles \u00a0y convenientes de dar a la Fundaci\u00f3n Heightened Hearts es a trav\u00e9s de una donaci\u00f3n en efectivo \/ cheque. Todas las donaciones en efectivo \/ cheque deben&hellip;<\/p>\n","protected":false},"author":1,"featured_media":0,"parent":0,"menu_order":0,"comment_status":"closed","ping_status":"closed","template":"","meta":{"footnotes":""},"class_list":["post-14634","page","type-page","status-publish","hentry","entry","has-media"],"_links":{"self":[{"href":"https:\/\/heightenedhearts.org\/es\/wp-json\/wp\/v2\/pages\/14634","targetHints":{"allow":["GET"]}}],"collection":[{"href":"https:\/\/heightenedhearts.org\/es\/wp-json\/wp\/v2\/pages"}],"about":[{"href":"https:\/\/heightenedhearts.org\/es\/wp-json\/wp\/v2\/types\/page"}],"author":[{"embeddable":true,"href":"https:\/\/heightenedhearts.org\/es\/wp-json\/wp\/v2\/users\/1"}],"replies":[{"embeddable":true,"href":"https:\/\/heightenedhearts.org\/es\/wp-json\/wp\/v2\/comments?post=14634"}],"version-history":[{"count":3,"href":"https:\/\/heightenedhearts.org\/es\/wp-json\/wp\/v2\/pages\/14634\/revisions"}],"predecessor-version":[{"id":15131,"href":"https:\/\/heightenedhearts.org\/es\/wp-json\/wp\/v2\/pages\/14634\/revisions\/15131"}],"wp:attachment":[{"href":"https:\/\/heightenedhearts.org\/es\/wp-json\/wp\/v2\/media?parent=14634"}],"curies":[{"name":"wp","href":"https:\/\/api.w.org\/{rel}","templated":true}]}}