{"id":14631,"date":"2018-01-31T07:24:44","date_gmt":"2018-01-31T07:24:44","guid":{"rendered":"http:\/\/akshartech.in\/demo\/heightenedhearts\/es\/?page_id=14631"},"modified":"2018-09-06T11:36:45","modified_gmt":"2018-09-06T11:36:45","slug":"buy-hh-merchandise","status":"publish","type":"page","link":"https:\/\/heightenedhearts.org\/es\/give\/ways-to-donate\/buy-hh-merchandise\/","title":{"rendered":"Compra Mercanc\u00eda Heightened Hearts"},"content":{"rendered":"<div class=\"wpb-content-wrapper\">[vc_row][vc_column][vc_single_image image=\u00bb15123&#8243;][vc_column_text el_class=\u00bbfs-13 lh-28&#8243; css=\u00bb.vc_custom_1536233804468{padding-top: 20px !important;}\u00bb]<strong>Compra Mercanc\u00eda Heightened Hearts<\/strong><\/p>\n<p>La Fundaci\u00f3n Heightened Hearts ha abierto una tienda en l\u00ednea, en conjunto con la p\u00e1gina web. Podr\u00e1s comprar mercanc\u00eda para apoyar directamente el gran trabajo que nuestra organizaci\u00f3n lleva a cabo. Elige entre una selecci\u00f3n de camisetas, ropa deportiva, accesorios de moda, y otros art\u00edculos. Toda nuestra mercanc\u00eda est\u00e1 dise\u00f1ada para transmitir un mensaje positivo y fomentar la filantrop\u00eda.<\/p>\n<p><a href=\"https:\/\/heightenedhearts.org\/shop\">\u00a1HAZ CLIC AQU\u00cd<\/a> para visitar nuestra tienda hoy![\/vc_column_text][\/vc_column][\/vc_row][vc_row][vc_column][vc_column_text css=\u00bb.vc_custom_1517311081756{margin-top: 40px !important;margin-bottom: 20px !important;}\u00bb]\n<div class=\"theme-heading related-posts-title\"><span class=\"text\">Related Posts<\/span><\/div>\n[\/vc_column_text]<div class=\"vcex-module vcex-blog-grid-wrap wpex-clr way-to-give-post page-related-posts\"><div class=\"wpex-row vcex-blog-grid wpex-clr entries match-height-grid\"><div class=\"vcex-blog-entry vcex-grid-item entry-has-details span_1_of_3 col-1 col textleft post-13415 entry type-post has-media cat-120 cat-1 has-redirect\"><div class=\"vcex-blog-entry-inner entry-inner wpex-first-mt-0 wpex-last-mb-0 wpex-clr\"><div class=\"vcex-blog-entry-media entry-media\"><a href=\"https:\/\/heightenedhearts.org\/es\/give\/ways-to-donate\/amazon-smile\/\" title=\"Amazon Smile\"><img decoding=\"async\" width=\"835\" height=\"350\" src=\"https:\/\/heightenedhearts.org\/wp-content\/uploads\/2015\/09\/Untitled-117.png\" class=\"vcex-blog-entry-img wpex-align-middle\" alt=\"Amazon Smile\" loading=\"lazy\" srcset=\"https:\/\/heightenedhearts.org\/wp-content\/uploads\/2015\/09\/Untitled-117.png 835w, https:\/\/heightenedhearts.org\/wp-content\/uploads\/2015\/09\/Untitled-117-300x126.png 300w, https:\/\/heightenedhearts.org\/wp-content\/uploads\/2015\/09\/Untitled-117-768x322.png 768w\" sizes=\"auto, (max-width: 835px) 100vw, 835px\" \/><\/a><\/div><div class=\"vcex-blog-entry-details entry-details wpex-bordered wpex-first-mt-0 wpex-last-mb-0 wpex-clr\"><div class=\"match-height-content\"><h4 class=\"vcex-blog-entry-title entry-title wpex-mb-5 wpex-child-inherit-color\" style=\"margin:10px 0;color:#181818;font-size:1.4em;font-weight:400;text-transform:uppercase;\"><a href=\"https:\/\/heightenedhearts.org\/es\/give\/ways-to-donate\/amazon-smile\/\" style=\"color:#181818;\">Amazon Smile<\/a><\/h4><div class=\"vcex-blog-entry-excerpt entry-excerpt wpex-my-15 wpex-last-mb-0 wpex-clr\"><p>Una maravillosa oportunidad que beneficia a much\u00edsimas organizaciones caritativas, incluyendo a la Fundaci\u00f3n Heightened Hearts,&hellip;<\/p><\/div><\/div><\/div><\/div><\/div><div class=\"vcex-blog-entry vcex-grid-item entry-has-details span_1_of_3 col-2 col textleft post-11121 entry type-post has-media cat-120 has-redirect\"><div class=\"vcex-blog-entry-inner entry-inner wpex-first-mt-0 wpex-last-mb-0 wpex-clr\"><div class=\"vcex-blog-entry-media entry-media\"><a href=\"https:\/\/heightenedhearts.org\/es\/give\/ways-to-donate\/buy-hh-merchandise\/\" title=\"Compra Mercanc\u00eda Heightened Hearts\"><img decoding=\"async\" width=\"260\" height=\"165\" src=\"https:\/\/heightenedhearts.org\/wp-content\/uploads\/2015\/09\/Untitled-22.png\" class=\"vcex-blog-entry-img wpex-align-middle\" alt=\"Buy HH Merchandise\" loading=\"lazy\" \/><\/a><\/div><div class=\"vcex-blog-entry-details entry-details wpex-bordered wpex-first-mt-0 wpex-last-mb-0 wpex-clr\"><div class=\"match-height-content\"><h4 class=\"vcex-blog-entry-title entry-title wpex-mb-5 wpex-child-inherit-color\" style=\"margin:10px 0;color:#181818;font-size:1.4em;font-weight:400;text-transform:uppercase;\"><a href=\"https:\/\/heightenedhearts.org\/es\/give\/ways-to-donate\/buy-hh-merchandise\/\" style=\"color:#181818;\">Compra Mercanc\u00eda Heightened Hearts<\/a><\/h4><div class=\"vcex-blog-entry-excerpt entry-excerpt wpex-my-15 wpex-last-mb-0 wpex-clr\"><p>Compra Mercanc\u00eda Heightened Hearts La Fundaci\u00f3n Heightened Hearts ha abierto una tienda en l\u00ednea, en&hellip;<\/p><\/div><\/div><\/div><\/div><\/div><\/div><\/div>[\/vc_column][\/vc_row]\n<\/div>","protected":false},"excerpt":{"rendered":"<p>[vc_row][vc_column][vc_single_image image=\u00bb15123&#8243;][vc_column_text el_class=\u00bbfs-13 lh-28&#8243; css=\u00bb.vc_custom_1536233804468{padding-top: 20px !important;}\u00bb]Compra Mercanc\u00eda Heightened Hearts La Fundaci\u00f3n Heightened Hearts ha abierto una tienda en l\u00ednea, en conjunto con la p\u00e1gina web. Podr\u00e1s comprar mercanc\u00eda para apoyar directamente el gran trabajo que nuestra organizaci\u00f3n lleva a&hellip;<\/p>\n","protected":false},"author":1,"featured_media":0,"parent":11044,"menu_order":0,"comment_status":"closed","ping_status":"closed","template":"","meta":{"footnotes":""},"class_list":["post-14631","page","type-page","status-publish","hentry","entry","has-media"],"_links":{"self":[{"href":"https:\/\/heightenedhearts.org\/es\/wp-json\/wp\/v2\/pages\/14631","targetHints":{"allow":["GET"]}}],"collection":[{"href":"https:\/\/heightenedhearts.org\/es\/wp-json\/wp\/v2\/pages"}],"about":[{"href":"https:\/\/heightenedhearts.org\/es\/wp-json\/wp\/v2\/types\/page"}],"author":[{"embeddable":true,"href":"https:\/\/heightenedhearts.org\/es\/wp-json\/wp\/v2\/users\/1"}],"replies":[{"embeddable":true,"href":"https:\/\/heightenedhearts.org\/es\/wp-json\/wp\/v2\/comments?post=14631"}],"version-history":[{"count":3,"href":"https:\/\/heightenedhearts.org\/es\/wp-json\/wp\/v2\/pages\/14631\/revisions"}],"predecessor-version":[{"id":15125,"href":"https:\/\/heightenedhearts.org\/es\/wp-json\/wp\/v2\/pages\/14631\/revisions\/15125"}],"up":[{"embeddable":true,"href":"https:\/\/heightenedhearts.org\/es\/wp-json\/wp\/v2\/pages\/11044"}],"wp:attachment":[{"href":"https:\/\/heightenedhearts.org\/es\/wp-json\/wp\/v2\/media?parent=14631"}],"curies":[{"name":"wp","href":"https:\/\/api.w.org\/{rel}","templated":true}]}}