{"id":14626,"date":"2018-01-31T07:20:33","date_gmt":"2018-01-31T07:20:33","guid":{"rendered":"http:\/\/akshartech.in\/demo\/heightenedhearts\/es\/?page_id=14626"},"modified":"2018-09-06T11:37:31","modified_gmt":"2018-09-06T11:37:31","slug":"amazon-smile","status":"publish","type":"page","link":"https:\/\/heightenedhearts.org\/es\/give\/ways-to-donate\/amazon-smile\/","title":{"rendered":"Amazon Smile"},"content":{"rendered":"<div class=\"wpb-content-wrapper\">[vc_row][vc_column][vc_single_image image=\u00bb15122&#8243;][vc_column_text el_class=\u00bbfs-13 lh-28&#8243; css=\u00bb.vc_custom_1536233789769{padding-top: 20px !important;}\u00bb]Una maravillosa oportunidad que beneficia a much\u00edsimas organizaciones caritativas, incluyendo a la Fundaci\u00f3n Heightened Hearts, \u00a0es el programa Amazon Smile. Bajo este programa, la Corporaci\u00f3n Amazon donar\u00e1 0.5% a nuestra organizaci\u00f3n por cada compra que realices, lo que ayuda a aumentar nuestros fondos para alimentar y vestir a las personas desfavorecidas de todo el mundo, y ofrecer muy necesarios programas educativos.<\/p>\n<p>Participar en el programa de Amazon Smile es f\u00e1cil:<\/p>\n<ol>\n<li>Simplemente inicia sesi\u00f3n en tu cuenta de Amazon<\/li>\n<li>Elige \u201ctu organizaci\u00f3n caritativa\u201d en la pesta\u00f1a Configuraci\u00f3n de la cuenta.<\/li>\n<\/ol>\n<p>3. Sigue las sencillas instrucciones que te ser\u00e1n proporcionadas y en menos tiempo del que imaginas, te convertir\u00e1s en alguien que hace realidad los sue\u00f1os de otras personas con cada compra que realices,\u00a0 y ser\u00e1s un socio de confianza de la Fundaci\u00f3n Heightened Hearts.<\/p>\n<p><a href=\"https:\/\/heightenedhearts.org\/wp-content\/uploads\/2015\/09\/Amazon-smile-photo-e1484572731807.png\"><img loading=\"lazy\" decoding=\"async\" class=\"aligncenter size-large wp-image-11788\" src=\"https:\/\/heightenedhearts.org\/wp-content\/uploads\/2015\/09\/Amazon-smile-photo-1024x398.png\" alt=\"Amazon smile photo\" width=\"660\" height=\"257\" data-id=\"11788\" \/><\/a>[\/vc_column_text][\/vc_column][\/vc_row][vc_row][vc_column][vc_column_text css=\u00bb.vc_custom_1517311081756{margin-top: 40px !important;margin-bottom: 20px !important;}\u00bb]\n<div class=\"theme-heading related-posts-title\"><span class=\"text\">Related Posts<\/span><\/div>\n[\/vc_column_text]<div class=\"vcex-module vcex-blog-grid-wrap wpex-clr way-to-give-post page-related-posts\"><div class=\"wpex-row vcex-blog-grid wpex-clr entries match-height-grid\"><div class=\"vcex-blog-entry vcex-grid-item entry-has-details span_1_of_3 col-1 col textleft post-13415 entry type-post has-media cat-120 cat-1 has-redirect\"><div class=\"vcex-blog-entry-inner entry-inner wpex-first-mt-0 wpex-last-mb-0 wpex-clr\"><div class=\"vcex-blog-entry-media entry-media\"><a href=\"https:\/\/heightenedhearts.org\/es\/give\/ways-to-donate\/amazon-smile\/\" title=\"Amazon Smile\"><img decoding=\"async\" width=\"835\" height=\"350\" src=\"https:\/\/heightenedhearts.org\/wp-content\/uploads\/2015\/09\/Untitled-117.png\" class=\"vcex-blog-entry-img wpex-align-middle\" alt=\"Amazon Smile\" loading=\"lazy\" srcset=\"https:\/\/heightenedhearts.org\/wp-content\/uploads\/2015\/09\/Untitled-117.png 835w, https:\/\/heightenedhearts.org\/wp-content\/uploads\/2015\/09\/Untitled-117-300x126.png 300w, https:\/\/heightenedhearts.org\/wp-content\/uploads\/2015\/09\/Untitled-117-768x322.png 768w\" sizes=\"auto, (max-width: 835px) 100vw, 835px\" \/><\/a><\/div><div class=\"vcex-blog-entry-details entry-details wpex-bordered wpex-first-mt-0 wpex-last-mb-0 wpex-clr\"><div class=\"match-height-content\"><h4 class=\"vcex-blog-entry-title entry-title wpex-mb-5 wpex-child-inherit-color\" style=\"margin:10px 0;color:#181818;font-size:1.4em;font-weight:400;text-transform:uppercase;\"><a href=\"https:\/\/heightenedhearts.org\/es\/give\/ways-to-donate\/amazon-smile\/\" style=\"color:#181818;\">Amazon Smile<\/a><\/h4><div class=\"vcex-blog-entry-excerpt entry-excerpt wpex-my-15 wpex-last-mb-0 wpex-clr\"><p>Una maravillosa oportunidad que beneficia a much\u00edsimas organizaciones caritativas, incluyendo a la Fundaci\u00f3n Heightened Hearts,&hellip;<\/p><\/div><\/div><\/div><\/div><\/div><div class=\"vcex-blog-entry vcex-grid-item entry-has-details span_1_of_3 col-2 col textleft post-11121 entry type-post has-media cat-120 has-redirect\"><div class=\"vcex-blog-entry-inner entry-inner wpex-first-mt-0 wpex-last-mb-0 wpex-clr\"><div class=\"vcex-blog-entry-media entry-media\"><a href=\"https:\/\/heightenedhearts.org\/es\/give\/ways-to-donate\/buy-hh-merchandise\/\" title=\"Compra Mercanc\u00eda Heightened Hearts\"><img decoding=\"async\" width=\"260\" height=\"165\" src=\"https:\/\/heightenedhearts.org\/wp-content\/uploads\/2015\/09\/Untitled-22.png\" class=\"vcex-blog-entry-img wpex-align-middle\" alt=\"Buy HH Merchandise\" loading=\"lazy\" \/><\/a><\/div><div class=\"vcex-blog-entry-details entry-details wpex-bordered wpex-first-mt-0 wpex-last-mb-0 wpex-clr\"><div class=\"match-height-content\"><h4 class=\"vcex-blog-entry-title entry-title wpex-mb-5 wpex-child-inherit-color\" style=\"margin:10px 0;color:#181818;font-size:1.4em;font-weight:400;text-transform:uppercase;\"><a href=\"https:\/\/heightenedhearts.org\/es\/give\/ways-to-donate\/buy-hh-merchandise\/\" style=\"color:#181818;\">Compra Mercanc\u00eda Heightened Hearts<\/a><\/h4><div class=\"vcex-blog-entry-excerpt entry-excerpt wpex-my-15 wpex-last-mb-0 wpex-clr\"><p>Compra Mercanc\u00eda Heightened Hearts La Fundaci\u00f3n Heightened Hearts ha abierto una tienda en l\u00ednea, en&hellip;<\/p><\/div><\/div><\/div><\/div><\/div><\/div><\/div>[\/vc_column][\/vc_row]\n<\/div>","protected":false},"excerpt":{"rendered":"<p>[vc_row][vc_column][vc_single_image image=\u00bb15122&#8243;][vc_column_text el_class=\u00bbfs-13 lh-28&#8243; css=\u00bb.vc_custom_1536233789769{padding-top: 20px !important;}\u00bb]Una maravillosa oportunidad que beneficia a much\u00edsimas organizaciones caritativas, incluyendo a la Fundaci\u00f3n Heightened Hearts, \u00a0es el programa Amazon Smile. Bajo este programa, la Corporaci\u00f3n Amazon donar\u00e1 0.5% a nuestra organizaci\u00f3n por cada compra&hellip;<\/p>\n","protected":false},"author":1,"featured_media":0,"parent":11044,"menu_order":0,"comment_status":"closed","ping_status":"closed","template":"","meta":{"footnotes":""},"class_list":["post-14626","page","type-page","status-publish","hentry","entry","has-media"],"_links":{"self":[{"href":"https:\/\/heightenedhearts.org\/es\/wp-json\/wp\/v2\/pages\/14626","targetHints":{"allow":["GET"]}}],"collection":[{"href":"https:\/\/heightenedhearts.org\/es\/wp-json\/wp\/v2\/pages"}],"about":[{"href":"https:\/\/heightenedhearts.org\/es\/wp-json\/wp\/v2\/types\/page"}],"author":[{"embeddable":true,"href":"https:\/\/heightenedhearts.org\/es\/wp-json\/wp\/v2\/users\/1"}],"replies":[{"embeddable":true,"href":"https:\/\/heightenedhearts.org\/es\/wp-json\/wp\/v2\/comments?post=14626"}],"version-history":[{"count":5,"href":"https:\/\/heightenedhearts.org\/es\/wp-json\/wp\/v2\/pages\/14626\/revisions"}],"predecessor-version":[{"id":15126,"href":"https:\/\/heightenedhearts.org\/es\/wp-json\/wp\/v2\/pages\/14626\/revisions\/15126"}],"up":[{"embeddable":true,"href":"https:\/\/heightenedhearts.org\/es\/wp-json\/wp\/v2\/pages\/11044"}],"wp:attachment":[{"href":"https:\/\/heightenedhearts.org\/es\/wp-json\/wp\/v2\/media?parent=14626"}],"curies":[{"name":"wp","href":"https:\/\/api.w.org\/{rel}","templated":true}]}}