{"id":14622,"date":"2018-01-31T07:17:27","date_gmt":"2018-01-31T07:17:27","guid":{"rendered":"http:\/\/akshartech.in\/demo\/heightenedhearts\/es\/?page_id=14622"},"modified":"2018-09-06T11:33:43","modified_gmt":"2018-09-06T11:33:43","slug":"airline-miles","status":"publish","type":"page","link":"https:\/\/heightenedhearts.org\/es\/give\/ways-to-donate\/airline-miles\/","title":{"rendered":"Airline Miles"},"content":{"rendered":"<div class=\"wpb-content-wrapper\">[vc_row][vc_column][vc_single_image image=\u00bb15117&#8243;][vc_column_text el_class=\u00bbfs-13 lh-28&#8243; css=\u00bb.vc_custom_1536233622084{padding-top: 20px !important;}\u00bb]<strong>Airline Miles Gifts<\/strong><br \/>\nThe work of the Heightened Hearts Foundation takes our organization around the world, and your frequent flyer miles can help us \u201cgo the distance\u201d to help those in need. Many people let their free miles go to waste, but now you can use your unused miles to help the staff of the Heightened Hearts Foundation reach out to needy people all over the globe. Many airline partners, including those listed below, afford their Loyalty Program members the option of donating their accrued miles to assist our staff and volunteers reach critical areas that desperately need our assistance.<\/p>\n<p><strong>United Airlines\u00a0<\/strong><br \/>\nMileage Plus members can make donations to the Heightened Hearts Foundation through United Airline\u2019s Mileage Plus charity program. The minimum mileage requirement for a donation is 1,000 miles. All donations can be made by simply\u00a0<strong>visiting the Mileage Plus Service Center<\/strong>\u00a0or by calling 1-800-421-4655.<\/p>\n<p><strong>Delta Air Lines\u00a0<\/strong><br \/>\nDelta Air Lines supports the Heightened Hearts Foundation by allowing its SkyMiles customers to donate their frequent flyer miles through Delta\u2019s SkyWish program. Delta customers can donate miles through the\u00a0<strong>Delta SkyWish<\/strong>\u00a0website.<\/p>\n<p>Thanks to generous people like you who donate their unused miles, the Heightened Hearts Foundation is able to fulfill its mission to prevent and alleviate human suffering in the face of life-threatening emergencies.<\/p>\n<p><strong>A Brief Note about Donating Airline Miles<\/strong><br \/>\nIf you would like to donate your frequent flyer miles to the Heightened Hearts Foundation, please contact your airline to inquire about its specific policies regarding the practice. Please note that the IRS recognizes the donation of airline miles or points as a gift from the airline to the charitable organization. Therefore, miles donated to the Heightened Hearts Foundation are not considered tax-deductible for the individual donor. For further information on this topic, consult IRS Publication 526 and\/or your personal tax advisor.[\/vc_column_text][\/vc_column][\/vc_row][vc_row][vc_column][vc_column_text css=\u00bb.vc_custom_1517311081756{margin-top: 40px !important;margin-bottom: 20px !important;}\u00bb]\n<div class=\"theme-heading related-posts-title\"><span class=\"text\">Related Posts<\/span><\/div>\n[\/vc_column_text]<div class=\"vcex-module vcex-blog-grid-wrap wpex-clr way-to-give-post page-related-posts\"><div class=\"wpex-row vcex-blog-grid wpex-clr entries match-height-grid\"><div class=\"vcex-blog-entry vcex-grid-item entry-has-details span_1_of_3 col-1 col textleft post-13412 entry type-post has-media cat-119 has-redirect\"><div class=\"vcex-blog-entry-inner entry-inner wpex-first-mt-0 wpex-last-mb-0 wpex-clr\"><div class=\"vcex-blog-entry-media entry-media\"><a href=\"https:\/\/heightenedhearts.org\/es\/give\/ways-to-donate\/airline-miles\/\" title=\"Airline Miles\"><img decoding=\"async\" width=\"260\" height=\"165\" src=\"https:\/\/heightenedhearts.org\/wp-content\/uploads\/2015\/08\/Untitled-2.png\" class=\"vcex-blog-entry-img wpex-align-middle\" alt=\"\" loading=\"lazy\" \/><\/a><\/div><div class=\"vcex-blog-entry-details entry-details wpex-bordered wpex-first-mt-0 wpex-last-mb-0 wpex-clr\"><div class=\"match-height-content\"><h4 class=\"vcex-blog-entry-title entry-title wpex-mb-5 wpex-child-inherit-color\" style=\"margin:10px 0;color:#181818;font-size:1.4em;font-weight:400;text-transform:uppercase;\"><a href=\"https:\/\/heightenedhearts.org\/es\/give\/ways-to-donate\/airline-miles\/\" style=\"color:#181818;\">Airline Miles<\/a><\/h4><div class=\"vcex-blog-entry-excerpt entry-excerpt wpex-my-15 wpex-last-mb-0 wpex-clr\"><p>Airline Miles Gifts The work of the Heightened Hearts Foundation takes our organization around the&hellip;<\/p><\/div><\/div><\/div><\/div><\/div><div class=\"vcex-blog-entry vcex-grid-item entry-has-details span_1_of_3 col-2 col textleft post-11114 entry type-post has-media cat-119\"><div class=\"vcex-blog-entry-inner entry-inner wpex-first-mt-0 wpex-last-mb-0 wpex-clr\"><div class=\"vcex-blog-entry-media entry-media\"><a href=\"https:\/\/heightenedhearts.org\/es\/donate-goods\/\" title=\"Donar Productos\"><img decoding=\"async\" width=\"240\" height=\"150\" src=\"https:\/\/heightenedhearts.org\/wp-content\/uploads\/2015\/08\/img31.png\" class=\"vcex-blog-entry-img wpex-align-middle\" alt=\"Donate Goods\" loading=\"lazy\" \/><\/a><\/div><div class=\"vcex-blog-entry-details entry-details wpex-bordered wpex-first-mt-0 wpex-last-mb-0 wpex-clr\"><div class=\"match-height-content\"><h4 class=\"vcex-blog-entry-title entry-title wpex-mb-5 wpex-child-inherit-color\" style=\"margin:10px 0;color:#181818;font-size:1.4em;font-weight:400;text-transform:uppercase;\"><a href=\"https:\/\/heightenedhearts.org\/es\/donate-goods\/\" style=\"color:#181818;\">Donar Productos<\/a><\/h4><div class=\"vcex-blog-entry-excerpt entry-excerpt wpex-my-15 wpex-last-mb-0 wpex-clr\"><p>La Fundaci\u00f3n Heightened Hearts acepta donaciones de productos, tales como electr\u00f3nicos y otros art\u00edculos altamente&hellip;<\/p><\/div><\/div><\/div><\/div><\/div><\/div><\/div>[\/vc_column][\/vc_row]\n<\/div>","protected":false},"excerpt":{"rendered":"<p>[vc_row][vc_column][vc_single_image image=\u00bb15117&#8243;][vc_column_text el_class=\u00bbfs-13 lh-28&#8243; css=\u00bb.vc_custom_1536233622084{padding-top: 20px !important;}\u00bb]Airline Miles Gifts The work of the Heightened Hearts Foundation takes our organization around the world, and your frequent flyer miles can help us \u201cgo the distance\u201d to help those in need. Many people&hellip;<\/p>\n","protected":false},"author":1,"featured_media":0,"parent":11044,"menu_order":0,"comment_status":"closed","ping_status":"closed","template":"","meta":{"footnotes":""},"class_list":["post-14622","page","type-page","status-publish","hentry","entry","has-media"],"_links":{"self":[{"href":"https:\/\/heightenedhearts.org\/es\/wp-json\/wp\/v2\/pages\/14622","targetHints":{"allow":["GET"]}}],"collection":[{"href":"https:\/\/heightenedhearts.org\/es\/wp-json\/wp\/v2\/pages"}],"about":[{"href":"https:\/\/heightenedhearts.org\/es\/wp-json\/wp\/v2\/types\/page"}],"author":[{"embeddable":true,"href":"https:\/\/heightenedhearts.org\/es\/wp-json\/wp\/v2\/users\/1"}],"replies":[{"embeddable":true,"href":"https:\/\/heightenedhearts.org\/es\/wp-json\/wp\/v2\/comments?post=14622"}],"version-history":[{"count":5,"href":"https:\/\/heightenedhearts.org\/es\/wp-json\/wp\/v2\/pages\/14622\/revisions"}],"predecessor-version":[{"id":15121,"href":"https:\/\/heightenedhearts.org\/es\/wp-json\/wp\/v2\/pages\/14622\/revisions\/15121"}],"up":[{"embeddable":true,"href":"https:\/\/heightenedhearts.org\/es\/wp-json\/wp\/v2\/pages\/11044"}],"wp:attachment":[{"href":"https:\/\/heightenedhearts.org\/es\/wp-json\/wp\/v2\/media?parent=14622"}],"curies":[{"name":"wp","href":"https:\/\/api.w.org\/{rel}","templated":true}]}}