{"id":14617,"date":"2018-01-31T06:49:45","date_gmt":"2018-01-31T06:49:45","guid":{"rendered":"http:\/\/akshartech.in\/demo\/heightenedhearts\/es\/?page_id=14617"},"modified":"2018-09-06T11:33:05","modified_gmt":"2018-09-06T11:33:05","slug":"food","status":"publish","type":"page","link":"https:\/\/heightenedhearts.org\/es\/give\/donate-supplies\/food\/","title":{"rendered":"Alimentos"},"content":{"rendered":"<div class=\"wpb-content-wrapper\">[vc_row][vc_column][vc_single_image image=\u00bb15115&#8243;][vc_column_text el_class=\u00bbfs-13 lh-28&#8243; css=\u00bb.vc_custom_1536233583490{padding-top: 20px !important;}\u00bb]La Fundaci\u00f3n Heightened Hearts da la bienvenida a las donaciones de alimentos por parte de empresas y organizaciones. Actualmente, estamos aceptando donaciones de alimentos no perecederos que ser\u00e1n utilizados para combatir la crisis de hambre en Miami y en Ucrania, en nuestro primer Centro Global Relief. Art\u00edculos tales como alimentos enlatados, arroz, pasta y otros productos alimenticios no perecederos pueden recorrer un largo camino para alimentar a los hambrientos en las regiones que m\u00e1s lo necesitan.<\/p>\n<p>Para donar alimentos por favor utiliza el siguiente formulario, que nos dar\u00e1 m\u00e1s detalles con respecto a tu informaci\u00f3n de contacto, ubicaci\u00f3n y los art\u00edculos que deseas donar. Una vez enviado el formulario, uno de nuestros representantes se pondr\u00e1 en contacto contigo tan pronto como sea posible.<\/p>\n<p>Tambi\u00e9n puedes donar fondos directamente a nuestros Programas de Ayuda Alimenticia, utilizando el enlace que encontrar\u00e1s m\u00e1s abajo.<\/p>\n<p><a href=\"https:\/\/heightenedhearts.org\/es\/give\/donate-funds\/\">CLIC AQU\u00cd<\/a><\/p>\n<div class=\"Become-partner-form\" style=\"height: 100%;\"><script src=\"\/\/app.etapestry.com\/hosted\/eTapestry.com\/etapEmbedResponsiveResizing.js\" type=\"text\/JavaScript\"><\/script><iframe loading=\"lazy\" id=\"etapIframe\" style=\"border: none; width: 100%;\" src=\"https:\/\/app.etapestry.com\/onlineforms\/HeightenedHearts\/Donate-Supplies-Form.html\" width=\"300\" height=\"150\"><\/iframe><\/div>\n[\/vc_column_text][\/vc_column][\/vc_row][vc_row][vc_column][vc_column_text css=\u00bb.vc_custom_1517311081756{margin-top: 40px !important;margin-bottom: 20px !important;}\u00bb]\n<div class=\"theme-heading related-posts-title\"><span class=\"text\">Related Posts<\/span><\/div>\n[\/vc_column_text]<div class=\"vcex-module vcex-blog-grid-wrap wpex-clr donate-supplies-post page-related-posts\"><div class=\"wpex-row vcex-blog-grid wpex-clr entries match-height-grid\"><div class=\"vcex-blog-entry vcex-grid-item entry-has-details span_1_of_3 col-1 col textcenter post-11053 entry type-post has-media cat-114\"><div class=\"vcex-blog-entry-inner entry-inner wpex-first-mt-0 wpex-last-mb-0 wpex-clr\"><div class=\"vcex-blog-entry-media entry-media\"><a href=\"https:\/\/heightenedhearts.org\/es\/food\/\" title=\"Alimentos\"><img decoding=\"async\" width=\"66\" height=\"60\" src=\"https:\/\/heightenedhearts.org\/wp-content\/uploads\/2015\/07\/15.png\" class=\"vcex-blog-entry-img wpex-align-middle\" alt=\"food\" loading=\"lazy\" \/><\/a><\/div><div class=\"vcex-blog-entry-details entry-details wpex-bordered wpex-first-mt-0 wpex-last-mb-0 wpex-clr\"><div class=\"match-height-content\"><h4 class=\"vcex-blog-entry-title entry-title wpex-mb-5 wpex-child-inherit-color\" style=\"margin:10px 0;color:#181818;font-size:1.4em;font-weight:400;text-transform:uppercase;\"><a href=\"https:\/\/heightenedhearts.org\/es\/food\/\" style=\"color:#181818;\">Alimentos<\/a><\/h4><div class=\"vcex-blog-entry-excerpt entry-excerpt wpex-my-15 wpex-last-mb-0 wpex-clr\">Las donaciones de alimentos son importantes para ayudarnos a resolver el problema desenfrenado de hambre que existe en todo el mundo.<\/div><\/div><\/div><\/div><\/div><div class=\"vcex-blog-entry vcex-grid-item entry-has-details span_1_of_3 col-2 col textcenter post-11055 entry type-post has-media cat-114 has-redirect\"><div class=\"vcex-blog-entry-inner entry-inner wpex-first-mt-0 wpex-last-mb-0 wpex-clr\"><div class=\"vcex-blog-entry-media entry-media\"><a href=\"https:\/\/heightenedhearts.org\/es\/give\/donate-supplies\/clothes\/\" title=\"Ropa\"><img decoding=\"async\" width=\"66\" height=\"60\" src=\"https:\/\/heightenedhearts.org\/wp-content\/uploads\/2015\/07\/21.png\" class=\"vcex-blog-entry-img wpex-align-middle\" alt=\"Clothing\" loading=\"lazy\" \/><\/a><\/div><div class=\"vcex-blog-entry-details entry-details wpex-bordered wpex-first-mt-0 wpex-last-mb-0 wpex-clr\"><div class=\"match-height-content\"><h4 class=\"vcex-blog-entry-title entry-title wpex-mb-5 wpex-child-inherit-color\" style=\"margin:10px 0;color:#181818;font-size:1.4em;font-weight:400;text-transform:uppercase;\"><a href=\"https:\/\/heightenedhearts.org\/es\/give\/donate-supplies\/clothes\/\" style=\"color:#181818;\">Ropa<\/a><\/h4><div class=\"vcex-blog-entry-excerpt entry-excerpt wpex-my-15 wpex-last-mb-0 wpex-clr\">La ropa es una necesidad b\u00e1sica que la mayor\u00eda de nosotros damos por sentado, pero hay muchas personas en este planeta que no tienen la ropa m\u00e1s b\u00e1sica.<\/div><\/div><\/div><\/div><\/div><div class=\"vcex-blog-entry vcex-grid-item entry-has-details span_1_of_3 col-3 col textcenter post-11058 entry type-post has-media cat-114 has-redirect\"><div class=\"vcex-blog-entry-inner entry-inner wpex-first-mt-0 wpex-last-mb-0 wpex-clr\"><div class=\"vcex-blog-entry-media entry-media\"><a href=\"https:\/\/heightenedhearts.org\/es\/give\/donate-supplies\/office-school-supplies\/\" title=\"Art\u00edculos de Oficina \/ Escolares\"><img decoding=\"async\" width=\"66\" height=\"60\" src=\"https:\/\/heightenedhearts.org\/wp-content\/uploads\/2015\/07\/31.png\" class=\"vcex-blog-entry-img wpex-align-middle\" alt=\"Office \/ School Supplies\" loading=\"lazy\" \/><\/a><\/div><div class=\"vcex-blog-entry-details entry-details wpex-bordered wpex-first-mt-0 wpex-last-mb-0 wpex-clr\"><div class=\"match-height-content\"><h4 class=\"vcex-blog-entry-title entry-title wpex-mb-5 wpex-child-inherit-color\" style=\"margin:10px 0;color:#181818;font-size:1.4em;font-weight:400;text-transform:uppercase;\"><a href=\"https:\/\/heightenedhearts.org\/es\/give\/donate-supplies\/office-school-supplies\/\" style=\"color:#181818;\">Art\u00edculos de Oficina \/ Escolares<\/a><\/h4><div class=\"vcex-blog-entry-excerpt entry-excerpt wpex-my-15 wpex-last-mb-0 wpex-clr\">Dona art\u00edculos de oficina y escolares para ayudar a nuestra organizaci\u00f3n a equipar adecuadamente a los ni\u00f1os, para que reciban educaci\u00f3n de calidad.<\/div><\/div><\/div><\/div><\/div><div class=\"vcex-blog-entry vcex-grid-item entry-has-details span_1_of_3 col-1 col textcenter post-11060 entry type-post has-media cat-114 has-redirect\"><div class=\"vcex-blog-entry-inner entry-inner wpex-first-mt-0 wpex-last-mb-0 wpex-clr\"><div class=\"vcex-blog-entry-media entry-media\"><a href=\"https:\/\/heightenedhearts.org\/es\/give\/donate-supplies\/child-care-products\/\" title=\"Art\u00edculos para el Cuidado de los Ni\u00f1os\"><img decoding=\"async\" width=\"66\" height=\"60\" src=\"https:\/\/heightenedhearts.org\/wp-content\/uploads\/2015\/07\/41.png\" class=\"vcex-blog-entry-img wpex-align-middle\" alt=\"Child Care Products\" loading=\"lazy\" \/><\/a><\/div><div class=\"vcex-blog-entry-details entry-details wpex-bordered wpex-first-mt-0 wpex-last-mb-0 wpex-clr\"><div class=\"match-height-content\"><h4 class=\"vcex-blog-entry-title entry-title wpex-mb-5 wpex-child-inherit-color\" style=\"margin:10px 0;color:#181818;font-size:1.4em;font-weight:400;text-transform:uppercase;\"><a href=\"https:\/\/heightenedhearts.org\/es\/give\/donate-supplies\/child-care-products\/\" style=\"color:#181818;\">Art\u00edculos para el Cuidado de los Ni\u00f1os<\/a><\/h4><div class=\"vcex-blog-entry-excerpt entry-excerpt wpex-my-15 wpex-last-mb-0 wpex-clr\">Muchas familias no pueden pagar los productos b\u00e1sicos para el cuidado de sus ni\u00f1os. Ayuda a las familias a proveer atenci\u00f3n adecuada para sus hijos.<\/div><\/div><\/div><\/div><\/div><div class=\"vcex-blog-entry vcex-grid-item entry-has-details span_1_of_3 col-2 col textcenter post-11062 entry type-post has-media cat-114 has-redirect\"><div class=\"vcex-blog-entry-inner entry-inner wpex-first-mt-0 wpex-last-mb-0 wpex-clr\"><div class=\"vcex-blog-entry-media entry-media\"><a href=\"https:\/\/heightenedhearts.org\/es\/give\/donate-supplies\/furniture\/\" title=\"Muebles\"><img decoding=\"async\" width=\"66\" height=\"60\" src=\"https:\/\/heightenedhearts.org\/wp-content\/uploads\/2015\/07\/51.png\" class=\"vcex-blog-entry-img wpex-align-middle\" alt=\"Furniture\" loading=\"lazy\" \/><\/a><\/div><div class=\"vcex-blog-entry-details entry-details wpex-bordered wpex-first-mt-0 wpex-last-mb-0 wpex-clr\"><div class=\"match-height-content\"><h4 class=\"vcex-blog-entry-title entry-title wpex-mb-5 wpex-child-inherit-color\" style=\"margin:10px 0;color:#181818;font-size:1.4em;font-weight:400;text-transform:uppercase;\"><a href=\"https:\/\/heightenedhearts.org\/es\/give\/donate-supplies\/furniture\/\" style=\"color:#181818;\">Muebles<\/a><\/h4><div class=\"vcex-blog-entry-excerpt entry-excerpt wpex-my-15 wpex-last-mb-0 wpex-clr\">Muebles como sillas, mesas, camas son cosas que a menudo damos por sentado que todos tenemos, pero muchas personas carecen de estos elementos b\u00e1sicos en sus hogares.<\/div><\/div><\/div><\/div><\/div><div class=\"vcex-blog-entry vcex-grid-item entry-has-details span_1_of_3 col-3 col textcenter post-11065 entry type-post has-media cat-114 has-redirect\"><div class=\"vcex-blog-entry-inner entry-inner wpex-first-mt-0 wpex-last-mb-0 wpex-clr\"><div class=\"vcex-blog-entry-media entry-media\"><a href=\"https:\/\/heightenedhearts.org\/es\/give\/donate-supplies\/electronics\/\" title=\"Electr\u00f3nicos\"><img decoding=\"async\" width=\"66\" height=\"60\" src=\"https:\/\/heightenedhearts.org\/wp-content\/uploads\/2015\/07\/61.png\" class=\"vcex-blog-entry-img wpex-align-middle\" alt=\"Electronics\" loading=\"lazy\" \/><\/a><\/div><div class=\"vcex-blog-entry-details entry-details wpex-bordered wpex-first-mt-0 wpex-last-mb-0 wpex-clr\"><div class=\"match-height-content\"><h4 class=\"vcex-blog-entry-title entry-title wpex-mb-5 wpex-child-inherit-color\" style=\"margin:10px 0;color:#181818;font-size:1.4em;font-weight:400;text-transform:uppercase;\"><a href=\"https:\/\/heightenedhearts.org\/es\/give\/donate-supplies\/electronics\/\" style=\"color:#181818;\">Electr\u00f3nicos<\/a><\/h4><div class=\"vcex-blog-entry-excerpt entry-excerpt wpex-my-15 wpex-last-mb-0 wpex-clr\">La tecnolog\u00eda hace girar al mundo, pero no todo el mundo puede comprar los electr\u00f3nicos m\u00e1s b\u00e1sicos, como son una Televisi\u00f3n, Radio o Computadora.<\/div><\/div><\/div><\/div><\/div><div class=\"vcex-blog-entry vcex-grid-item entry-has-details span_1_of_3 col-1 col textcenter post-11068 entry type-post has-media cat-114 has-redirect\"><div class=\"vcex-blog-entry-inner entry-inner wpex-first-mt-0 wpex-last-mb-0 wpex-clr\"><div class=\"vcex-blog-entry-media entry-media\"><a href=\"https:\/\/heightenedhearts.org\/es\/give\/donate-supplies\/automoviles\/\" title=\"Autom\u00f3viles\"><img decoding=\"async\" width=\"66\" height=\"60\" src=\"https:\/\/heightenedhearts.org\/wp-content\/uploads\/2015\/08\/7.png\" class=\"vcex-blog-entry-img wpex-align-middle\" alt=\"Automobile\" loading=\"lazy\" \/><\/a><\/div><div class=\"vcex-blog-entry-details entry-details wpex-bordered wpex-first-mt-0 wpex-last-mb-0 wpex-clr\"><div class=\"match-height-content\"><h4 class=\"vcex-blog-entry-title entry-title wpex-mb-5 wpex-child-inherit-color\" style=\"margin:10px 0;color:#181818;font-size:1.4em;font-weight:400;text-transform:uppercase;\"><a href=\"https:\/\/heightenedhearts.org\/es\/give\/donate-supplies\/automoviles\/\" style=\"color:#181818;\">Autom\u00f3viles<\/a><\/h4><div class=\"vcex-blog-entry-excerpt entry-excerpt wpex-my-15 wpex-last-mb-0 wpex-clr\">\u00a1Descubre c\u00f3mo tu autom\u00f3vil viejo o nuevo puede ayudar a alguien que lo necesita!<\/div><\/div><\/div><\/div><\/div><div class=\"vcex-blog-entry vcex-grid-item entry-has-details span_1_of_3 col-2 col textcenter post-11070 entry type-post has-media cat-114 has-redirect\"><div class=\"vcex-blog-entry-inner entry-inner wpex-first-mt-0 wpex-last-mb-0 wpex-clr\"><div class=\"vcex-blog-entry-media entry-media\"><a href=\"https:\/\/heightenedhearts.org\/es\/give\/donate-supplies\/misc\/\" title=\"Regalos Diversos\"><img decoding=\"async\" width=\"66\" height=\"60\" src=\"https:\/\/heightenedhearts.org\/wp-content\/uploads\/2015\/08\/8.png\" class=\"vcex-blog-entry-img wpex-align-middle\" alt=\"Miscellaneous Gifts\" loading=\"lazy\" \/><\/a><\/div><div class=\"vcex-blog-entry-details entry-details wpex-bordered wpex-first-mt-0 wpex-last-mb-0 wpex-clr\"><div class=\"match-height-content\"><h4 class=\"vcex-blog-entry-title entry-title wpex-mb-5 wpex-child-inherit-color\" style=\"margin:10px 0;color:#181818;font-size:1.4em;font-weight:400;text-transform:uppercase;\"><a href=\"https:\/\/heightenedhearts.org\/es\/give\/donate-supplies\/misc\/\" style=\"color:#181818;\">Regalos Diversos<\/a><\/h4><div class=\"vcex-blog-entry-excerpt entry-excerpt wpex-my-15 wpex-last-mb-0 wpex-clr\">Conoce m\u00e1s acerca de otras categor\u00edas de suministros que nuestra organizaci\u00f3n est\u00e1 buscando actualmente.<\/div><\/div><\/div><\/div><\/div><\/div><\/div>[\/vc_column][\/vc_row]\n<\/div>","protected":false},"excerpt":{"rendered":"<p>[vc_row][vc_column][vc_single_image image=\u00bb15115&#8243;][vc_column_text el_class=\u00bbfs-13 lh-28&#8243; css=\u00bb.vc_custom_1536233583490{padding-top: 20px !important;}\u00bb]La Fundaci\u00f3n Heightened Hearts da la bienvenida a las donaciones de alimentos por parte de empresas y organizaciones. Actualmente, estamos aceptando donaciones de alimentos no perecederos que ser\u00e1n utilizados para combatir la crisis de&hellip;<\/p>\n","protected":false},"author":1,"featured_media":0,"parent":11051,"menu_order":0,"comment_status":"closed","ping_status":"closed","template":"","meta":{"footnotes":""},"class_list":["post-14617","page","type-page","status-publish","hentry","entry","has-media"],"_links":{"self":[{"href":"https:\/\/heightenedhearts.org\/es\/wp-json\/wp\/v2\/pages\/14617","targetHints":{"allow":["GET"]}}],"collection":[{"href":"https:\/\/heightenedhearts.org\/es\/wp-json\/wp\/v2\/pages"}],"about":[{"href":"https:\/\/heightenedhearts.org\/es\/wp-json\/wp\/v2\/types\/page"}],"author":[{"embeddable":true,"href":"https:\/\/heightenedhearts.org\/es\/wp-json\/wp\/v2\/users\/1"}],"replies":[{"embeddable":true,"href":"https:\/\/heightenedhearts.org\/es\/wp-json\/wp\/v2\/comments?post=14617"}],"version-history":[{"count":4,"href":"https:\/\/heightenedhearts.org\/es\/wp-json\/wp\/v2\/pages\/14617\/revisions"}],"predecessor-version":[{"id":15120,"href":"https:\/\/heightenedhearts.org\/es\/wp-json\/wp\/v2\/pages\/14617\/revisions\/15120"}],"up":[{"embeddable":true,"href":"https:\/\/heightenedhearts.org\/es\/wp-json\/wp\/v2\/pages\/11051"}],"wp:attachment":[{"href":"https:\/\/heightenedhearts.org\/es\/wp-json\/wp\/v2\/media?parent=14617"}],"curies":[{"name":"wp","href":"https:\/\/api.w.org\/{rel}","templated":true}]}}