{"id":14610,"date":"2018-01-31T06:40:56","date_gmt":"2018-01-31T06:40:56","guid":{"rendered":"http:\/\/akshartech.in\/demo\/heightenedhearts\/es\/?page_id=14610"},"modified":"2018-09-06T11:22:45","modified_gmt":"2018-09-06T11:22:45","slug":"furniture","status":"publish","type":"page","link":"https:\/\/heightenedhearts.org\/es\/give\/donate-supplies\/furniture\/","title":{"rendered":"Muebles"},"content":{"rendered":"<div class=\"wpb-content-wrapper\">[vc_row][vc_column][vc_single_image image=\u00bb15108&#8243;][vc_column_text el_class=\u00bbfs-13 lh-28&#8243; css=\u00bb.vc_custom_1536232957370{padding-top: 20px !important;}\u00bb]<strong>Ciudadanos Independientes:<\/strong><br \/>\nLa donaci\u00f3n de muebles usados, pero en buen estado por parte de los ciudadanos independientes es algo que ayudar\u00e1 a nuestra organizaci\u00f3n en gran manera en los pr\u00f3ximos a\u00f1os; en estos momentos no aceptamos donaciones de muebles por parte de individuos, debido a la falta de espacio de almacenamiento que tenemos disponible. A pesar de que no podemos aceptar donaciones de muebles por parte de individuos en este momento, las donaciones de dinero son bienvenidas, ya que nos permiten comprar el mobiliario necesario nosotros mismos. Cualquier donaci\u00f3n es apreciada,\u00a0 independientemente de la cantidad. Si cada persona donara, incluso $ 5, $ 10, $ 20, o $ 50, podr\u00edamos hacer la diferencia colectivamente y aumentar los fondos que necesitamos para comprar mobiliario.<a href=\"\/?page_id=11048\" target=\"_blank\" rel=\"noopener\">\u00a1HAZ CLIC AQU\u00cd<\/a> para donar ahora!<\/p>\n<p><strong>Empresas \/ Patrocinadores:<\/strong><\/p>\n<p>Las empresas que se especializan en la venta de muebles al por mayor o al por menor, pueden ayudar a un n\u00famero incalculable de ni\u00f1os y familias. Los art\u00edculos que la mayor\u00eda de nosotros damos por sentado, como camas, sof\u00e1s, mesas y sillas; a menudo faltan en las casas de los desfavorecidos y ser\u00edan muy apreciados. Tambi\u00e9n se necesitan pupitres para nuestro Centro Global Relief, lo que nos permitir\u00e1 ofrecer servicios preescolares y ayuda con las tareas, para los ni\u00f1os a los que tenemos la intenci\u00f3n de servir.<\/p>\n<p>La siguiente lista muestra los elementos de mobiliario que nuestro Centro Global Relief en Ucrania necesitar\u00e1:<\/p>\n<ul class=\"f-list-one\">\n<li>Sillas plegables (para eventos)<\/li>\n<li>L\u00e1mparas<\/li>\n<li>Podios<\/li>\n<li>Pupitres<\/li>\n<li>Pizarras blancas<\/li>\n<li>Sillas normales<\/li>\n<li>Lockers<\/li>\n<li>Escritorios para Maestros<\/li>\n<li>Armarios<\/li>\n<li>Estanter\u00eda<\/li>\n<li>Pupitres Pre-escolares<\/li>\n<li>Sillitas para Ni\u00f1os Peque\u00f1os<\/li>\n<li>Tapetes y Alfombras<\/li>\n<li>Camas<\/li>\n<\/ul>\n<ul class=\"f-list-two\">\n<li>Muebles de Dormitorio<\/li>\n<li>\n<ul>\n<li>Mantas<\/li>\n<li>Almohadas<\/li>\n<li>S\u00e1banas<\/li>\n<li>Toallas<\/li>\n<\/ul>\n<\/li>\n<li>Mesas de centro<\/li>\n<li>Sof\u00e1s<\/li>\n<li>Arte para Paredes<\/li>\n<li>Mesas para la Cafeter\u00eda\/ Bancos<\/li>\n<li>Bancos<\/li>\n<li>Estantes para Libros<\/li>\n<li>Mesas para Computadoras<\/li>\n<li>Persianas<\/li>\n<li>Estantes para Herramientas<\/li>\n<li>Otros Muebles<\/li>\n<\/ul>\n<p>Para donar muebles por favor utiliza el siguiente formulario, que nos dar\u00e1 m\u00e1s detalles con respecto a tu informaci\u00f3n de contacto, ubicaci\u00f3n y los art\u00edculos que deseas donar. Una vez enviado el formulario, uno de nuestros representantes se pondr\u00e1 en contacto contigo tan pronto como sea posible.<\/p>\n<div class=\"Become-partner-form\" style=\"height: 100%;\"><script src=\"\/\/app.etapestry.com\/hosted\/eTapestry.com\/etapEmbedResponsiveResizing.js\" type=\"text\/JavaScript\"><\/script><iframe loading=\"lazy\" id=\"etapIframe\" style=\"border: none; width: 100%;\" src=\"https:\/\/app.etapestry.com\/onlineforms\/HeightenedHearts\/Donate-Supplies-Form.html\" width=\"300\" height=\"150\"><\/iframe><\/div>\n[\/vc_column_text][\/vc_column][\/vc_row][vc_row][vc_column][vc_column_text css=\u00bb.vc_custom_1517311081756{margin-top: 40px !important;margin-bottom: 20px !important;}\u00bb]\n<div class=\"theme-heading related-posts-title\"><span class=\"text\">Related Posts<\/span><\/div>\n[\/vc_column_text]<div class=\"vcex-module vcex-blog-grid-wrap wpex-clr donate-supplies-post page-related-posts\"><div class=\"wpex-row vcex-blog-grid wpex-clr entries match-height-grid\"><div class=\"vcex-blog-entry vcex-grid-item entry-has-details span_1_of_3 col-1 col textcenter post-11053 entry type-post has-media cat-114\"><div class=\"vcex-blog-entry-inner entry-inner wpex-first-mt-0 wpex-last-mb-0 wpex-clr\"><div class=\"vcex-blog-entry-media entry-media\"><a href=\"https:\/\/heightenedhearts.org\/es\/food\/\" title=\"Alimentos\"><img decoding=\"async\" width=\"66\" height=\"60\" src=\"https:\/\/heightenedhearts.org\/wp-content\/uploads\/2015\/07\/15.png\" class=\"vcex-blog-entry-img wpex-align-middle\" alt=\"food\" loading=\"lazy\" \/><\/a><\/div><div class=\"vcex-blog-entry-details entry-details wpex-bordered wpex-first-mt-0 wpex-last-mb-0 wpex-clr\"><div class=\"match-height-content\"><h4 class=\"vcex-blog-entry-title entry-title wpex-mb-5 wpex-child-inherit-color\" style=\"margin:10px 0;color:#181818;font-size:1.4em;font-weight:400;text-transform:uppercase;\"><a href=\"https:\/\/heightenedhearts.org\/es\/food\/\" style=\"color:#181818;\">Alimentos<\/a><\/h4><div class=\"vcex-blog-entry-excerpt entry-excerpt wpex-my-15 wpex-last-mb-0 wpex-clr\">Las donaciones de alimentos son importantes para ayudarnos a resolver el problema desenfrenado de hambre que existe en todo el mundo.<\/div><\/div><\/div><\/div><\/div><div class=\"vcex-blog-entry vcex-grid-item entry-has-details span_1_of_3 col-2 col textcenter post-11055 entry type-post has-media cat-114 has-redirect\"><div class=\"vcex-blog-entry-inner entry-inner wpex-first-mt-0 wpex-last-mb-0 wpex-clr\"><div class=\"vcex-blog-entry-media entry-media\"><a href=\"https:\/\/heightenedhearts.org\/es\/give\/donate-supplies\/clothes\/\" title=\"Ropa\"><img decoding=\"async\" width=\"66\" height=\"60\" src=\"https:\/\/heightenedhearts.org\/wp-content\/uploads\/2015\/07\/21.png\" class=\"vcex-blog-entry-img wpex-align-middle\" alt=\"Clothing\" loading=\"lazy\" \/><\/a><\/div><div class=\"vcex-blog-entry-details entry-details wpex-bordered wpex-first-mt-0 wpex-last-mb-0 wpex-clr\"><div class=\"match-height-content\"><h4 class=\"vcex-blog-entry-title entry-title wpex-mb-5 wpex-child-inherit-color\" style=\"margin:10px 0;color:#181818;font-size:1.4em;font-weight:400;text-transform:uppercase;\"><a href=\"https:\/\/heightenedhearts.org\/es\/give\/donate-supplies\/clothes\/\" style=\"color:#181818;\">Ropa<\/a><\/h4><div class=\"vcex-blog-entry-excerpt entry-excerpt wpex-my-15 wpex-last-mb-0 wpex-clr\">La ropa es una necesidad b\u00e1sica que la mayor\u00eda de nosotros damos por sentado, pero hay muchas personas en este planeta que no tienen la ropa m\u00e1s b\u00e1sica.<\/div><\/div><\/div><\/div><\/div><div class=\"vcex-blog-entry vcex-grid-item entry-has-details span_1_of_3 col-3 col textcenter post-11058 entry type-post has-media cat-114 has-redirect\"><div class=\"vcex-blog-entry-inner entry-inner wpex-first-mt-0 wpex-last-mb-0 wpex-clr\"><div class=\"vcex-blog-entry-media entry-media\"><a href=\"https:\/\/heightenedhearts.org\/es\/give\/donate-supplies\/office-school-supplies\/\" title=\"Art\u00edculos de Oficina \/ Escolares\"><img decoding=\"async\" width=\"66\" height=\"60\" src=\"https:\/\/heightenedhearts.org\/wp-content\/uploads\/2015\/07\/31.png\" class=\"vcex-blog-entry-img wpex-align-middle\" alt=\"Office \/ School Supplies\" loading=\"lazy\" \/><\/a><\/div><div class=\"vcex-blog-entry-details entry-details wpex-bordered wpex-first-mt-0 wpex-last-mb-0 wpex-clr\"><div class=\"match-height-content\"><h4 class=\"vcex-blog-entry-title entry-title wpex-mb-5 wpex-child-inherit-color\" style=\"margin:10px 0;color:#181818;font-size:1.4em;font-weight:400;text-transform:uppercase;\"><a href=\"https:\/\/heightenedhearts.org\/es\/give\/donate-supplies\/office-school-supplies\/\" style=\"color:#181818;\">Art\u00edculos de Oficina \/ Escolares<\/a><\/h4><div class=\"vcex-blog-entry-excerpt entry-excerpt wpex-my-15 wpex-last-mb-0 wpex-clr\">Dona art\u00edculos de oficina y escolares para ayudar a nuestra organizaci\u00f3n a equipar adecuadamente a los ni\u00f1os, para que reciban educaci\u00f3n de calidad.<\/div><\/div><\/div><\/div><\/div><div class=\"vcex-blog-entry vcex-grid-item entry-has-details span_1_of_3 col-1 col textcenter post-11060 entry type-post has-media cat-114 has-redirect\"><div class=\"vcex-blog-entry-inner entry-inner wpex-first-mt-0 wpex-last-mb-0 wpex-clr\"><div class=\"vcex-blog-entry-media entry-media\"><a href=\"https:\/\/heightenedhearts.org\/es\/give\/donate-supplies\/child-care-products\/\" title=\"Art\u00edculos para el Cuidado de los Ni\u00f1os\"><img decoding=\"async\" width=\"66\" height=\"60\" src=\"https:\/\/heightenedhearts.org\/wp-content\/uploads\/2015\/07\/41.png\" class=\"vcex-blog-entry-img wpex-align-middle\" alt=\"Child Care Products\" loading=\"lazy\" \/><\/a><\/div><div class=\"vcex-blog-entry-details entry-details wpex-bordered wpex-first-mt-0 wpex-last-mb-0 wpex-clr\"><div class=\"match-height-content\"><h4 class=\"vcex-blog-entry-title entry-title wpex-mb-5 wpex-child-inherit-color\" style=\"margin:10px 0;color:#181818;font-size:1.4em;font-weight:400;text-transform:uppercase;\"><a href=\"https:\/\/heightenedhearts.org\/es\/give\/donate-supplies\/child-care-products\/\" style=\"color:#181818;\">Art\u00edculos para el Cuidado de los Ni\u00f1os<\/a><\/h4><div class=\"vcex-blog-entry-excerpt entry-excerpt wpex-my-15 wpex-last-mb-0 wpex-clr\">Muchas familias no pueden pagar los productos b\u00e1sicos para el cuidado de sus ni\u00f1os. Ayuda a las familias a proveer atenci\u00f3n adecuada para sus hijos.<\/div><\/div><\/div><\/div><\/div><div class=\"vcex-blog-entry vcex-grid-item entry-has-details span_1_of_3 col-2 col textcenter post-11062 entry type-post has-media cat-114 has-redirect\"><div class=\"vcex-blog-entry-inner entry-inner wpex-first-mt-0 wpex-last-mb-0 wpex-clr\"><div class=\"vcex-blog-entry-media entry-media\"><a href=\"https:\/\/heightenedhearts.org\/es\/give\/donate-supplies\/furniture\/\" title=\"Muebles\"><img decoding=\"async\" width=\"66\" height=\"60\" src=\"https:\/\/heightenedhearts.org\/wp-content\/uploads\/2015\/07\/51.png\" class=\"vcex-blog-entry-img wpex-align-middle\" alt=\"Furniture\" loading=\"lazy\" \/><\/a><\/div><div class=\"vcex-blog-entry-details entry-details wpex-bordered wpex-first-mt-0 wpex-last-mb-0 wpex-clr\"><div class=\"match-height-content\"><h4 class=\"vcex-blog-entry-title entry-title wpex-mb-5 wpex-child-inherit-color\" style=\"margin:10px 0;color:#181818;font-size:1.4em;font-weight:400;text-transform:uppercase;\"><a href=\"https:\/\/heightenedhearts.org\/es\/give\/donate-supplies\/furniture\/\" style=\"color:#181818;\">Muebles<\/a><\/h4><div class=\"vcex-blog-entry-excerpt entry-excerpt wpex-my-15 wpex-last-mb-0 wpex-clr\">Muebles como sillas, mesas, camas son cosas que a menudo damos por sentado que todos tenemos, pero muchas personas carecen de estos elementos b\u00e1sicos en sus hogares.<\/div><\/div><\/div><\/div><\/div><div class=\"vcex-blog-entry vcex-grid-item entry-has-details span_1_of_3 col-3 col textcenter post-11065 entry type-post has-media cat-114 has-redirect\"><div class=\"vcex-blog-entry-inner entry-inner wpex-first-mt-0 wpex-last-mb-0 wpex-clr\"><div class=\"vcex-blog-entry-media entry-media\"><a href=\"https:\/\/heightenedhearts.org\/es\/give\/donate-supplies\/electronics\/\" title=\"Electr\u00f3nicos\"><img decoding=\"async\" width=\"66\" height=\"60\" src=\"https:\/\/heightenedhearts.org\/wp-content\/uploads\/2015\/07\/61.png\" class=\"vcex-blog-entry-img wpex-align-middle\" alt=\"Electronics\" loading=\"lazy\" \/><\/a><\/div><div class=\"vcex-blog-entry-details entry-details wpex-bordered wpex-first-mt-0 wpex-last-mb-0 wpex-clr\"><div class=\"match-height-content\"><h4 class=\"vcex-blog-entry-title entry-title wpex-mb-5 wpex-child-inherit-color\" style=\"margin:10px 0;color:#181818;font-size:1.4em;font-weight:400;text-transform:uppercase;\"><a href=\"https:\/\/heightenedhearts.org\/es\/give\/donate-supplies\/electronics\/\" style=\"color:#181818;\">Electr\u00f3nicos<\/a><\/h4><div class=\"vcex-blog-entry-excerpt entry-excerpt wpex-my-15 wpex-last-mb-0 wpex-clr\">La tecnolog\u00eda hace girar al mundo, pero no todo el mundo puede comprar los electr\u00f3nicos m\u00e1s b\u00e1sicos, como son una Televisi\u00f3n, Radio o Computadora.<\/div><\/div><\/div><\/div><\/div><div class=\"vcex-blog-entry vcex-grid-item entry-has-details span_1_of_3 col-1 col textcenter post-11068 entry type-post has-media cat-114 has-redirect\"><div class=\"vcex-blog-entry-inner entry-inner wpex-first-mt-0 wpex-last-mb-0 wpex-clr\"><div class=\"vcex-blog-entry-media entry-media\"><a href=\"https:\/\/heightenedhearts.org\/es\/give\/donate-supplies\/automoviles\/\" title=\"Autom\u00f3viles\"><img decoding=\"async\" width=\"66\" height=\"60\" src=\"https:\/\/heightenedhearts.org\/wp-content\/uploads\/2015\/08\/7.png\" class=\"vcex-blog-entry-img wpex-align-middle\" alt=\"Automobile\" loading=\"lazy\" \/><\/a><\/div><div class=\"vcex-blog-entry-details entry-details wpex-bordered wpex-first-mt-0 wpex-last-mb-0 wpex-clr\"><div class=\"match-height-content\"><h4 class=\"vcex-blog-entry-title entry-title wpex-mb-5 wpex-child-inherit-color\" style=\"margin:10px 0;color:#181818;font-size:1.4em;font-weight:400;text-transform:uppercase;\"><a href=\"https:\/\/heightenedhearts.org\/es\/give\/donate-supplies\/automoviles\/\" style=\"color:#181818;\">Autom\u00f3viles<\/a><\/h4><div class=\"vcex-blog-entry-excerpt entry-excerpt wpex-my-15 wpex-last-mb-0 wpex-clr\">\u00a1Descubre c\u00f3mo tu autom\u00f3vil viejo o nuevo puede ayudar a alguien que lo necesita!<\/div><\/div><\/div><\/div><\/div><div class=\"vcex-blog-entry vcex-grid-item entry-has-details span_1_of_3 col-2 col textcenter post-11070 entry type-post has-media cat-114 has-redirect\"><div class=\"vcex-blog-entry-inner entry-inner wpex-first-mt-0 wpex-last-mb-0 wpex-clr\"><div class=\"vcex-blog-entry-media entry-media\"><a href=\"https:\/\/heightenedhearts.org\/es\/give\/donate-supplies\/misc\/\" title=\"Regalos Diversos\"><img decoding=\"async\" width=\"66\" height=\"60\" src=\"https:\/\/heightenedhearts.org\/wp-content\/uploads\/2015\/08\/8.png\" class=\"vcex-blog-entry-img wpex-align-middle\" alt=\"Miscellaneous Gifts\" loading=\"lazy\" \/><\/a><\/div><div class=\"vcex-blog-entry-details entry-details wpex-bordered wpex-first-mt-0 wpex-last-mb-0 wpex-clr\"><div class=\"match-height-content\"><h4 class=\"vcex-blog-entry-title entry-title wpex-mb-5 wpex-child-inherit-color\" style=\"margin:10px 0;color:#181818;font-size:1.4em;font-weight:400;text-transform:uppercase;\"><a href=\"https:\/\/heightenedhearts.org\/es\/give\/donate-supplies\/misc\/\" style=\"color:#181818;\">Regalos Diversos<\/a><\/h4><div class=\"vcex-blog-entry-excerpt entry-excerpt wpex-my-15 wpex-last-mb-0 wpex-clr\">Conoce m\u00e1s acerca de otras categor\u00edas de suministros que nuestra organizaci\u00f3n est\u00e1 buscando actualmente.<\/div><\/div><\/div><\/div><\/div><\/div><\/div>[\/vc_column][\/vc_row]\n<\/div>","protected":false},"excerpt":{"rendered":"<p>[vc_row][vc_column][vc_single_image image=\u00bb15108&#8243;][vc_column_text el_class=\u00bbfs-13 lh-28&#8243; css=\u00bb.vc_custom_1536232957370{padding-top: 20px !important;}\u00bb]Ciudadanos Independientes: La donaci\u00f3n de muebles usados, pero en buen estado por parte de los ciudadanos independientes es algo que ayudar\u00e1 a nuestra organizaci\u00f3n en gran manera en los pr\u00f3ximos a\u00f1os; en estos momentos&hellip;<\/p>\n","protected":false},"author":1,"featured_media":0,"parent":11051,"menu_order":0,"comment_status":"closed","ping_status":"closed","template":"","meta":{"footnotes":""},"class_list":["post-14610","page","type-page","status-publish","hentry","entry","has-media"],"_links":{"self":[{"href":"https:\/\/heightenedhearts.org\/es\/wp-json\/wp\/v2\/pages\/14610","targetHints":{"allow":["GET"]}}],"collection":[{"href":"https:\/\/heightenedhearts.org\/es\/wp-json\/wp\/v2\/pages"}],"about":[{"href":"https:\/\/heightenedhearts.org\/es\/wp-json\/wp\/v2\/types\/page"}],"author":[{"embeddable":true,"href":"https:\/\/heightenedhearts.org\/es\/wp-json\/wp\/v2\/users\/1"}],"replies":[{"embeddable":true,"href":"https:\/\/heightenedhearts.org\/es\/wp-json\/wp\/v2\/comments?post=14610"}],"version-history":[{"count":3,"href":"https:\/\/heightenedhearts.org\/es\/wp-json\/wp\/v2\/pages\/14610\/revisions"}],"predecessor-version":[{"id":15109,"href":"https:\/\/heightenedhearts.org\/es\/wp-json\/wp\/v2\/pages\/14610\/revisions\/15109"}],"up":[{"embeddable":true,"href":"https:\/\/heightenedhearts.org\/es\/wp-json\/wp\/v2\/pages\/11051"}],"wp:attachment":[{"href":"https:\/\/heightenedhearts.org\/es\/wp-json\/wp\/v2\/media?parent=14610"}],"curies":[{"name":"wp","href":"https:\/\/api.w.org\/{rel}","templated":true}]}}