{"id":14602,"date":"2018-01-31T06:29:39","date_gmt":"2018-01-31T06:29:39","guid":{"rendered":"http:\/\/akshartech.in\/demo\/heightenedhearts\/es\/?page_id=14602"},"modified":"2018-09-06T11:19:44","modified_gmt":"2018-09-06T11:19:44","slug":"automoviles","status":"publish","type":"page","link":"https:\/\/heightenedhearts.org\/es\/give\/donate-supplies\/automoviles\/","title":{"rendered":"Autom\u00f3viles"},"content":{"rendered":"<div class=\"wpb-content-wrapper\">[vc_row][vc_column][vc_single_image image=\u00bb15102&#8243;][vc_column_text el_class=\u00bbfs-13 lh-28&#8243; css=\u00bb.vc_custom_1536232781836{padding-top: 20px !important;}\u00bb]Si eres propietario de un autom\u00f3vil \u2013funcional o no &#8211; es posible que desees considerar donarlo a la Fundaci\u00f3n Heightened Hearts para ayudar a nuestros programas nacionales e internacionales.<\/p>\n<p><strong><u>Autom\u00f3viles viejos<\/u><\/strong><\/p>\n<p>Existen muchas organizaciones que se especializan en transformar tu autom\u00f3vil viejo en dinero en efectivo, \u00a0que puede beneficiar a los destinatarios de nuestra organizaci\u00f3n.<\/p>\n<p><strong><u>Autom\u00f3viles nuevos \/Con Poco Uso:<\/u><\/strong><\/p>\n<p>La Fundaci\u00f3n Heightened Hearts puede utilizar o re-vender tus coches nuevos o usados \u200b\u200ben buen estado, para ayudar a aquellos que m\u00e1s lo necesitan.<\/p>\n<p>Nota: Nuestro Centro de Ayuda en Ucrania tambi\u00e9n necesitar\u00e1 veh\u00edculos nuevos o usados \u200b\u200bpara las operaciones del d\u00eda a d\u00eda y para cubrir las necesidades de transporte. Actualmente necesitamos los siguientes veh\u00edculos:<\/p>\n<ul>\n<li>Autom\u00f3vil hasta para 16 pajeros.<\/li>\n<li>Cami\u00f3n de Entrega de Alimentos<\/li>\n<li>Autom\u00f3vil 4 puertas<\/li>\n<li>Tractor<\/li>\n<li>Quitanieves<\/li>\n<\/ul>\n<p>Puedes donar fondos para ayudarnos a comprar estos veh\u00edculos a trav\u00e9s del siguiente enlace.<\/p>\n<p><a href=\"\/?page_id=11048\" target=\"_blank\" rel=\"noopener\">CLIC AQU\u00cd<\/a><a href=\"\/?page_id=277\" target=\"_blank\" rel=\"noopener\"><br \/>\n<\/a><\/p>\n<p>O<\/p>\n<p>Dona directamente veh\u00edculos con poco uso \/ nuevos para ayudar a la Fundaci\u00f3n Heightened Hearts.<\/p>\n<p>Por favor llena el siguiente formulario con informaci\u00f3n respecto a tu ubicaci\u00f3n, informaci\u00f3n de contacto y detalles del veh\u00edculo, para que uno de nuestros representantes se ponga en contacto contigo para recoger u organizar la entrega del veh\u00edculo.<\/p>\n<div class=\"Become-partner-form\" style=\"height: 100%;\"><script src=\"\/\/app.etapestry.com\/hosted\/eTapestry.com\/etapEmbedResponsiveResizing.js\" type=\"text\/JavaScript\"><\/script><iframe loading=\"lazy\" id=\"etapIframe\" style=\"border: none; width: 100%;\" src=\"https:\/\/app.etapestry.com\/onlineforms\/HeightenedHearts\/Donate-Supplies-Form.html\" width=\"100%\" height=\"150\"><\/iframe><\/div>\n[\/vc_column_text][\/vc_column][\/vc_row][vc_row][vc_column][vc_column_text css=\u00bb.vc_custom_1517311081756{margin-top: 40px !important;margin-bottom: 20px !important;}\u00bb]\n<div class=\"theme-heading related-posts-title\"><span class=\"text\">Related Posts<\/span><\/div>\n[\/vc_column_text]<div class=\"vcex-module vcex-blog-grid-wrap wpex-clr donate-supplies-post page-related-posts\"><div class=\"wpex-row vcex-blog-grid wpex-clr entries match-height-grid\"><div class=\"vcex-blog-entry vcex-grid-item entry-has-details span_1_of_3 col-1 col textcenter post-11053 entry type-post has-media cat-114\"><div class=\"vcex-blog-entry-inner entry-inner wpex-first-mt-0 wpex-last-mb-0 wpex-clr\"><div class=\"vcex-blog-entry-media entry-media\"><a href=\"https:\/\/heightenedhearts.org\/es\/food\/\" title=\"Alimentos\"><img decoding=\"async\" width=\"66\" height=\"60\" src=\"https:\/\/heightenedhearts.org\/wp-content\/uploads\/2015\/07\/15.png\" class=\"vcex-blog-entry-img wpex-align-middle\" alt=\"food\" loading=\"lazy\" \/><\/a><\/div><div class=\"vcex-blog-entry-details entry-details wpex-bordered wpex-first-mt-0 wpex-last-mb-0 wpex-clr\"><div class=\"match-height-content\"><h4 class=\"vcex-blog-entry-title entry-title wpex-mb-5 wpex-child-inherit-color\" style=\"margin:10px 0;color:#181818;font-size:1.4em;font-weight:400;text-transform:uppercase;\"><a href=\"https:\/\/heightenedhearts.org\/es\/food\/\" style=\"color:#181818;\">Alimentos<\/a><\/h4><div class=\"vcex-blog-entry-excerpt entry-excerpt wpex-my-15 wpex-last-mb-0 wpex-clr\">Las donaciones de alimentos son importantes para ayudarnos a resolver el problema desenfrenado de hambre que existe en todo el mundo.<\/div><\/div><\/div><\/div><\/div><div class=\"vcex-blog-entry vcex-grid-item entry-has-details span_1_of_3 col-2 col textcenter post-11055 entry type-post has-media cat-114 has-redirect\"><div class=\"vcex-blog-entry-inner entry-inner wpex-first-mt-0 wpex-last-mb-0 wpex-clr\"><div class=\"vcex-blog-entry-media entry-media\"><a href=\"https:\/\/heightenedhearts.org\/es\/give\/donate-supplies\/clothes\/\" title=\"Ropa\"><img decoding=\"async\" width=\"66\" height=\"60\" src=\"https:\/\/heightenedhearts.org\/wp-content\/uploads\/2015\/07\/21.png\" class=\"vcex-blog-entry-img wpex-align-middle\" alt=\"Clothing\" loading=\"lazy\" \/><\/a><\/div><div class=\"vcex-blog-entry-details entry-details wpex-bordered wpex-first-mt-0 wpex-last-mb-0 wpex-clr\"><div class=\"match-height-content\"><h4 class=\"vcex-blog-entry-title entry-title wpex-mb-5 wpex-child-inherit-color\" style=\"margin:10px 0;color:#181818;font-size:1.4em;font-weight:400;text-transform:uppercase;\"><a href=\"https:\/\/heightenedhearts.org\/es\/give\/donate-supplies\/clothes\/\" style=\"color:#181818;\">Ropa<\/a><\/h4><div class=\"vcex-blog-entry-excerpt entry-excerpt wpex-my-15 wpex-last-mb-0 wpex-clr\">La ropa es una necesidad b\u00e1sica que la mayor\u00eda de nosotros damos por sentado, pero hay muchas personas en este planeta que no tienen la ropa m\u00e1s b\u00e1sica.<\/div><\/div><\/div><\/div><\/div><div class=\"vcex-blog-entry vcex-grid-item entry-has-details span_1_of_3 col-3 col textcenter post-11058 entry type-post has-media cat-114 has-redirect\"><div class=\"vcex-blog-entry-inner entry-inner wpex-first-mt-0 wpex-last-mb-0 wpex-clr\"><div class=\"vcex-blog-entry-media entry-media\"><a href=\"https:\/\/heightenedhearts.org\/es\/give\/donate-supplies\/office-school-supplies\/\" title=\"Art\u00edculos de Oficina \/ Escolares\"><img decoding=\"async\" width=\"66\" height=\"60\" src=\"https:\/\/heightenedhearts.org\/wp-content\/uploads\/2015\/07\/31.png\" class=\"vcex-blog-entry-img wpex-align-middle\" alt=\"Office \/ School Supplies\" loading=\"lazy\" \/><\/a><\/div><div class=\"vcex-blog-entry-details entry-details wpex-bordered wpex-first-mt-0 wpex-last-mb-0 wpex-clr\"><div class=\"match-height-content\"><h4 class=\"vcex-blog-entry-title entry-title wpex-mb-5 wpex-child-inherit-color\" style=\"margin:10px 0;color:#181818;font-size:1.4em;font-weight:400;text-transform:uppercase;\"><a href=\"https:\/\/heightenedhearts.org\/es\/give\/donate-supplies\/office-school-supplies\/\" style=\"color:#181818;\">Art\u00edculos de Oficina \/ Escolares<\/a><\/h4><div class=\"vcex-blog-entry-excerpt entry-excerpt wpex-my-15 wpex-last-mb-0 wpex-clr\">Dona art\u00edculos de oficina y escolares para ayudar a nuestra organizaci\u00f3n a equipar adecuadamente a los ni\u00f1os, para que reciban educaci\u00f3n de calidad.<\/div><\/div><\/div><\/div><\/div><div class=\"vcex-blog-entry vcex-grid-item entry-has-details span_1_of_3 col-1 col textcenter post-11060 entry type-post has-media cat-114 has-redirect\"><div class=\"vcex-blog-entry-inner entry-inner wpex-first-mt-0 wpex-last-mb-0 wpex-clr\"><div class=\"vcex-blog-entry-media entry-media\"><a href=\"https:\/\/heightenedhearts.org\/es\/give\/donate-supplies\/child-care-products\/\" title=\"Art\u00edculos para el Cuidado de los Ni\u00f1os\"><img decoding=\"async\" width=\"66\" height=\"60\" src=\"https:\/\/heightenedhearts.org\/wp-content\/uploads\/2015\/07\/41.png\" class=\"vcex-blog-entry-img wpex-align-middle\" alt=\"Child Care Products\" loading=\"lazy\" \/><\/a><\/div><div class=\"vcex-blog-entry-details entry-details wpex-bordered wpex-first-mt-0 wpex-last-mb-0 wpex-clr\"><div class=\"match-height-content\"><h4 class=\"vcex-blog-entry-title entry-title wpex-mb-5 wpex-child-inherit-color\" style=\"margin:10px 0;color:#181818;font-size:1.4em;font-weight:400;text-transform:uppercase;\"><a href=\"https:\/\/heightenedhearts.org\/es\/give\/donate-supplies\/child-care-products\/\" style=\"color:#181818;\">Art\u00edculos para el Cuidado de los Ni\u00f1os<\/a><\/h4><div class=\"vcex-blog-entry-excerpt entry-excerpt wpex-my-15 wpex-last-mb-0 wpex-clr\">Muchas familias no pueden pagar los productos b\u00e1sicos para el cuidado de sus ni\u00f1os. Ayuda a las familias a proveer atenci\u00f3n adecuada para sus hijos.<\/div><\/div><\/div><\/div><\/div><div class=\"vcex-blog-entry vcex-grid-item entry-has-details span_1_of_3 col-2 col textcenter post-11062 entry type-post has-media cat-114 has-redirect\"><div class=\"vcex-blog-entry-inner entry-inner wpex-first-mt-0 wpex-last-mb-0 wpex-clr\"><div class=\"vcex-blog-entry-media entry-media\"><a href=\"https:\/\/heightenedhearts.org\/es\/give\/donate-supplies\/furniture\/\" title=\"Muebles\"><img decoding=\"async\" width=\"66\" height=\"60\" src=\"https:\/\/heightenedhearts.org\/wp-content\/uploads\/2015\/07\/51.png\" class=\"vcex-blog-entry-img wpex-align-middle\" alt=\"Furniture\" loading=\"lazy\" \/><\/a><\/div><div class=\"vcex-blog-entry-details entry-details wpex-bordered wpex-first-mt-0 wpex-last-mb-0 wpex-clr\"><div class=\"match-height-content\"><h4 class=\"vcex-blog-entry-title entry-title wpex-mb-5 wpex-child-inherit-color\" style=\"margin:10px 0;color:#181818;font-size:1.4em;font-weight:400;text-transform:uppercase;\"><a href=\"https:\/\/heightenedhearts.org\/es\/give\/donate-supplies\/furniture\/\" style=\"color:#181818;\">Muebles<\/a><\/h4><div class=\"vcex-blog-entry-excerpt entry-excerpt wpex-my-15 wpex-last-mb-0 wpex-clr\">Muebles como sillas, mesas, camas son cosas que a menudo damos por sentado que todos tenemos, pero muchas personas carecen de estos elementos b\u00e1sicos en sus hogares.<\/div><\/div><\/div><\/div><\/div><div class=\"vcex-blog-entry vcex-grid-item entry-has-details span_1_of_3 col-3 col textcenter post-11065 entry type-post has-media cat-114 has-redirect\"><div class=\"vcex-blog-entry-inner entry-inner wpex-first-mt-0 wpex-last-mb-0 wpex-clr\"><div class=\"vcex-blog-entry-media entry-media\"><a href=\"https:\/\/heightenedhearts.org\/es\/give\/donate-supplies\/electronics\/\" title=\"Electr\u00f3nicos\"><img decoding=\"async\" width=\"66\" height=\"60\" src=\"https:\/\/heightenedhearts.org\/wp-content\/uploads\/2015\/07\/61.png\" class=\"vcex-blog-entry-img wpex-align-middle\" alt=\"Electronics\" loading=\"lazy\" \/><\/a><\/div><div class=\"vcex-blog-entry-details entry-details wpex-bordered wpex-first-mt-0 wpex-last-mb-0 wpex-clr\"><div class=\"match-height-content\"><h4 class=\"vcex-blog-entry-title entry-title wpex-mb-5 wpex-child-inherit-color\" style=\"margin:10px 0;color:#181818;font-size:1.4em;font-weight:400;text-transform:uppercase;\"><a href=\"https:\/\/heightenedhearts.org\/es\/give\/donate-supplies\/electronics\/\" style=\"color:#181818;\">Electr\u00f3nicos<\/a><\/h4><div class=\"vcex-blog-entry-excerpt entry-excerpt wpex-my-15 wpex-last-mb-0 wpex-clr\">La tecnolog\u00eda hace girar al mundo, pero no todo el mundo puede comprar los electr\u00f3nicos m\u00e1s b\u00e1sicos, como son una Televisi\u00f3n, Radio o Computadora.<\/div><\/div><\/div><\/div><\/div><div class=\"vcex-blog-entry vcex-grid-item entry-has-details span_1_of_3 col-1 col textcenter post-11068 entry type-post has-media cat-114 has-redirect\"><div class=\"vcex-blog-entry-inner entry-inner wpex-first-mt-0 wpex-last-mb-0 wpex-clr\"><div class=\"vcex-blog-entry-media entry-media\"><a href=\"https:\/\/heightenedhearts.org\/es\/give\/donate-supplies\/automoviles\/\" title=\"Autom\u00f3viles\"><img decoding=\"async\" width=\"66\" height=\"60\" src=\"https:\/\/heightenedhearts.org\/wp-content\/uploads\/2015\/08\/7.png\" class=\"vcex-blog-entry-img wpex-align-middle\" alt=\"Automobile\" loading=\"lazy\" \/><\/a><\/div><div class=\"vcex-blog-entry-details entry-details wpex-bordered wpex-first-mt-0 wpex-last-mb-0 wpex-clr\"><div class=\"match-height-content\"><h4 class=\"vcex-blog-entry-title entry-title wpex-mb-5 wpex-child-inherit-color\" style=\"margin:10px 0;color:#181818;font-size:1.4em;font-weight:400;text-transform:uppercase;\"><a href=\"https:\/\/heightenedhearts.org\/es\/give\/donate-supplies\/automoviles\/\" style=\"color:#181818;\">Autom\u00f3viles<\/a><\/h4><div class=\"vcex-blog-entry-excerpt entry-excerpt wpex-my-15 wpex-last-mb-0 wpex-clr\">\u00a1Descubre c\u00f3mo tu autom\u00f3vil viejo o nuevo puede ayudar a alguien que lo necesita!<\/div><\/div><\/div><\/div><\/div><div class=\"vcex-blog-entry vcex-grid-item entry-has-details span_1_of_3 col-2 col textcenter post-11070 entry type-post has-media cat-114 has-redirect\"><div class=\"vcex-blog-entry-inner entry-inner wpex-first-mt-0 wpex-last-mb-0 wpex-clr\"><div class=\"vcex-blog-entry-media entry-media\"><a href=\"https:\/\/heightenedhearts.org\/es\/give\/donate-supplies\/misc\/\" title=\"Regalos Diversos\"><img decoding=\"async\" width=\"66\" height=\"60\" src=\"https:\/\/heightenedhearts.org\/wp-content\/uploads\/2015\/08\/8.png\" class=\"vcex-blog-entry-img wpex-align-middle\" alt=\"Miscellaneous Gifts\" loading=\"lazy\" \/><\/a><\/div><div class=\"vcex-blog-entry-details entry-details wpex-bordered wpex-first-mt-0 wpex-last-mb-0 wpex-clr\"><div class=\"match-height-content\"><h4 class=\"vcex-blog-entry-title entry-title wpex-mb-5 wpex-child-inherit-color\" style=\"margin:10px 0;color:#181818;font-size:1.4em;font-weight:400;text-transform:uppercase;\"><a href=\"https:\/\/heightenedhearts.org\/es\/give\/donate-supplies\/misc\/\" style=\"color:#181818;\">Regalos Diversos<\/a><\/h4><div class=\"vcex-blog-entry-excerpt entry-excerpt wpex-my-15 wpex-last-mb-0 wpex-clr\">Conoce m\u00e1s acerca de otras categor\u00edas de suministros que nuestra organizaci\u00f3n est\u00e1 buscando actualmente.<\/div><\/div><\/div><\/div><\/div><\/div><\/div>[\/vc_column][\/vc_row]\n<\/div>","protected":false},"excerpt":{"rendered":"<p>[vc_row][vc_column][vc_single_image image=\u00bb15102&#8243;][vc_column_text el_class=\u00bbfs-13 lh-28&#8243; css=\u00bb.vc_custom_1536232781836{padding-top: 20px !important;}\u00bb]Si eres propietario de un autom\u00f3vil \u2013funcional o no &#8211; es posible que desees considerar donarlo a la Fundaci\u00f3n Heightened Hearts para ayudar a nuestros programas nacionales e internacionales. Autom\u00f3viles viejos Existen muchas organizaciones&hellip;<\/p>\n","protected":false},"author":1,"featured_media":0,"parent":11051,"menu_order":0,"comment_status":"closed","ping_status":"closed","template":"","meta":{"footnotes":""},"class_list":["post-14602","page","type-page","status-publish","hentry","entry","has-media"],"_links":{"self":[{"href":"https:\/\/heightenedhearts.org\/es\/wp-json\/wp\/v2\/pages\/14602","targetHints":{"allow":["GET"]}}],"collection":[{"href":"https:\/\/heightenedhearts.org\/es\/wp-json\/wp\/v2\/pages"}],"about":[{"href":"https:\/\/heightenedhearts.org\/es\/wp-json\/wp\/v2\/types\/page"}],"author":[{"embeddable":true,"href":"https:\/\/heightenedhearts.org\/es\/wp-json\/wp\/v2\/users\/1"}],"replies":[{"embeddable":true,"href":"https:\/\/heightenedhearts.org\/es\/wp-json\/wp\/v2\/comments?post=14602"}],"version-history":[{"count":4,"href":"https:\/\/heightenedhearts.org\/es\/wp-json\/wp\/v2\/pages\/14602\/revisions"}],"predecessor-version":[{"id":15105,"href":"https:\/\/heightenedhearts.org\/es\/wp-json\/wp\/v2\/pages\/14602\/revisions\/15105"}],"up":[{"embeddable":true,"href":"https:\/\/heightenedhearts.org\/es\/wp-json\/wp\/v2\/pages\/11051"}],"wp:attachment":[{"href":"https:\/\/heightenedhearts.org\/es\/wp-json\/wp\/v2\/media?parent=14602"}],"curies":[{"name":"wp","href":"https:\/\/api.w.org\/{rel}","templated":true}]}}