{"id":13353,"date":"2017-08-29T10:24:16","date_gmt":"2017-08-29T10:24:16","guid":{"rendered":"http:\/\/akshartech.in\/demo\/heightenedhearts\/es\/?page_id=13353"},"modified":"2018-09-06T07:28:25","modified_gmt":"2018-09-06T07:28:25","slug":"employment-internships","status":"publish","type":"page","link":"https:\/\/heightenedhearts.org\/es\/serve\/employment-internships\/","title":{"rendered":"Employment &#038; Internships"},"content":{"rendered":"<div class=\"wpb-content-wrapper\">[vc_row][vc_column][vc_single_image image=\u00bb14969&#8243;][\/vc_column][\/vc_row][vc_row css=\u00bb.vc_custom_1503300323373{padding-top: 20px !important;padding-bottom: 30px !important;}\u00bb][vc_column][vc_custom_heading text=\u00bbTRABAJAR CON HEIGHTENED HEARTS COMO EMPLEADO O PASANTE\u00bb font_container=\u00bbtag:h4|text_align:left|color:%23333333&#8243; use_theme_fonts=\u00bbyes\u00bb el_class=\u00bbfw-400 at-text-uppercase at-ff-releway\u00bb][vc_empty_space height=\u00bb15px\u00bb][vc_column_text]\n<div id=\"employe_inter\">\n<p>La Fundaci\u00f3n Heightened Hearts siempre est\u00e1 buscando personas dedicadas para que se unan a nuestro equipo, ya sea como empleados o como parte de una pasant\u00eda. Si posees las siguientes cualidades, una posici\u00f3n en la Fundaci\u00f3n Heightened Hearts podr\u00eda ser perfecta para ti:<\/p>\n<ul>\n<li class=\"first-child\"><strong>Ambici\u00f3n.<\/strong>\u00a0Los empleados destacados anhelan hacer que sucedan cosas buenas, y hacen todo lo posible para alcanzar la perfecci\u00f3n.<\/li>\n<li><strong>Visi\u00f3n.<\/strong>\u00a0Los empleados excepcionales de Heightened Hearts deben ser capaces de reconocer las posibilidades que permanecen invisibles para los dem\u00e1s.<\/li>\n<li><strong>Optimismo.<\/strong>\u00a0Los grandes empleados ven situaciones aparentemente sin esperanza, como cuestiones que est\u00e1n esperando ser resueltas.<\/li>\n<li><strong>Instinto.<\/strong>\u00a0Un excelente empleado o pasante en Heightened Hearts debe ser auto-motivado \u2014 alguien que conf\u00eda en el buen sentido de sus instintos e intuici\u00f3n.<\/li>\n<li><strong>Realismo.<\/strong>\u00a0La gente sobresaliente sabe mantener un sentido de proporci\u00f3n con respecto a sus deberes, concentr\u00e1ndose en el trabajo inmediato en lugar de en sue\u00f1os inflados, poco realistas.<\/li>\n<li><strong>Consistencia.<\/strong>\u00a0La consistencia es una cualidad muy importante en un empleado o pasante Heightened Hearts, alguien que sigue adelante con sus deberes y est\u00e1 preparado para aguantar hasta el final de una larga carrera.<\/li>\n<li><strong>Humor.<\/strong>\u00a0Las personas maravillosas tienden a equilibrar la seriedad de sus funciones, con una capacidad de re\u00edrse de casi cualquier cosa \u2013 incluidos ellos mismos.<\/li>\n<li class=\"last-child\"><strong>Proactivos<\/strong>. La gente sobresaliente no duda en echar una mano o tomar acci\u00f3n cuando es necesario.<\/li>\n<\/ul>\n<\/div>\n[\/vc_column_text][\/vc_column][\/vc_row][vc_row css=\u00bb.vc_custom_1503300714966{padding-bottom: 30px !important;}\u00bb][vc_column][vc_column_text]\n<div class=\"six-way-heading\">\n<h1><span class=\"hh-heading\">Employment &amp; Internships<\/span><\/h1>\n<\/div>\n[\/vc_column_text][vc_empty_space height=\u00bb60px\u00bb]<div class=\"vcex-module vcex-blog-grid-wrap wpex-clr hh-emp\"><div class=\"wpex-row vcex-blog-grid wpex-clr entries match-height-grid\"><div class=\"vcex-blog-entry vcex-grid-item entry-has-details span_1_of_2 col-1 col post-13355 entry type-post has-media cat-115\"><div class=\"vcex-blog-entry-inner entry-inner wpex-first-mt-0 wpex-last-mb-0 wpex-clr\"><div class=\"vcex-blog-entry-media entry-media\"><a href=\"https:\/\/heightenedhearts.org\/es\/employment\/\" title=\"Employment\"><img decoding=\"async\" width=\"260\" height=\"165\" src=\"https:\/\/heightenedhearts.org\/wp-content\/uploads\/2015\/08\/Corporate-or-Foundation.png\" class=\"vcex-blog-entry-img wpex-align-middle\" alt=\"Corporate or Foundation\" loading=\"lazy\" \/><\/a><\/div><div class=\"vcex-blog-entry-details entry-details wpex-bordered wpex-first-mt-0 wpex-last-mb-0 wpex-clr\"><div class=\"match-height-content\"><h4 class=\"vcex-blog-entry-title entry-title wpex-mb-5 wpex-child-inherit-color\" style=\"color:#00b3d4;line-height:28px;\"><a href=\"https:\/\/heightenedhearts.org\/es\/employment\/\" style=\"color:#00b3d4;\">Employment<\/a><\/h4><div class=\"vcex-blog-entry-excerpt entry-excerpt wpex-my-15 wpex-last-mb-0 wpex-clr\"><p>Employment with Heightened Hearts Los empleados (tanto personal actual como futuro) de la Fundaci\u00f3n Heightened&hellip;<\/p><\/div><\/div><\/div><\/div><\/div><div class=\"vcex-blog-entry vcex-grid-item entry-has-details span_1_of_2 col-2 col post-13363 entry type-post has-media cat-115 has-redirect\"><div class=\"vcex-blog-entry-inner entry-inner wpex-first-mt-0 wpex-last-mb-0 wpex-clr\"><div class=\"vcex-blog-entry-media entry-media\"><a href=\"https:\/\/heightenedhearts.org\/es\/serve\/employment-internships\/internships\/\" title=\"Internships\"><img decoding=\"async\" width=\"260\" height=\"160\" src=\"https:\/\/heightenedhearts.org\/wp-content\/uploads\/2015\/09\/Untitled-120.png\" class=\"vcex-blog-entry-img wpex-align-middle\" alt=\"\" loading=\"lazy\" \/><\/a><\/div><div class=\"vcex-blog-entry-details entry-details wpex-bordered wpex-first-mt-0 wpex-last-mb-0 wpex-clr\"><div class=\"match-height-content\"><h4 class=\"vcex-blog-entry-title entry-title wpex-mb-5 wpex-child-inherit-color\" style=\"color:#00b3d4;line-height:28px;\"><a href=\"https:\/\/heightenedhearts.org\/es\/serve\/employment-internships\/internships\/\" style=\"color:#00b3d4;\">Internships<\/a><\/h4><div class=\"vcex-blog-entry-excerpt entry-excerpt wpex-my-15 wpex-last-mb-0 wpex-clr\"><p>Heightened Hearts Internship Program Servir a los dem\u00e1s a trav\u00e9s de la Fundaci\u00f3n Heightened Hearts&hellip;<\/p><\/div><\/div><\/div><\/div><\/div><\/div><\/div>[\/vc_column][\/vc_row]\n<\/div>","protected":false},"excerpt":{"rendered":"<p>[vc_row][vc_column][vc_single_image image=\u00bb14969&#8243;][\/vc_column][\/vc_row][vc_row css=\u00bb.vc_custom_1503300323373{padding-top: 20px !important;padding-bottom: 30px !important;}\u00bb][vc_column][vc_custom_heading text=\u00bbTRABAJAR CON HEIGHTENED HEARTS COMO EMPLEADO O PASANTE\u00bb font_container=\u00bbtag:h4|text_align:left|color:%23333333&#8243; use_theme_fonts=\u00bbyes\u00bb el_class=\u00bbfw-400 at-text-uppercase at-ff-releway\u00bb][vc_empty_space height=\u00bb15px\u00bb][vc_column_text] La Fundaci\u00f3n Heightened Hearts siempre est\u00e1 buscando personas dedicadas para que se unan a nuestro equipo, ya sea como&hellip;<\/p>\n","protected":false},"author":1,"featured_media":0,"parent":11134,"menu_order":0,"comment_status":"closed","ping_status":"closed","template":"","meta":{"footnotes":""},"class_list":["post-13353","page","type-page","status-publish","hentry","entry","has-media"],"_links":{"self":[{"href":"https:\/\/heightenedhearts.org\/es\/wp-json\/wp\/v2\/pages\/13353","targetHints":{"allow":["GET"]}}],"collection":[{"href":"https:\/\/heightenedhearts.org\/es\/wp-json\/wp\/v2\/pages"}],"about":[{"href":"https:\/\/heightenedhearts.org\/es\/wp-json\/wp\/v2\/types\/page"}],"author":[{"embeddable":true,"href":"https:\/\/heightenedhearts.org\/es\/wp-json\/wp\/v2\/users\/1"}],"replies":[{"embeddable":true,"href":"https:\/\/heightenedhearts.org\/es\/wp-json\/wp\/v2\/comments?post=13353"}],"version-history":[{"count":4,"href":"https:\/\/heightenedhearts.org\/es\/wp-json\/wp\/v2\/pages\/13353\/revisions"}],"predecessor-version":[{"id":14970,"href":"https:\/\/heightenedhearts.org\/es\/wp-json\/wp\/v2\/pages\/13353\/revisions\/14970"}],"up":[{"embeddable":true,"href":"https:\/\/heightenedhearts.org\/es\/wp-json\/wp\/v2\/pages\/11134"}],"wp:attachment":[{"href":"https:\/\/heightenedhearts.org\/es\/wp-json\/wp\/v2\/media?parent=13353"}],"curies":[{"name":"wp","href":"https:\/\/api.w.org\/{rel}","templated":true}]}}