{"id":13215,"date":"2017-08-24T11:42:19","date_gmt":"2017-08-24T11:42:19","guid":{"rendered":"http:\/\/akshartech.in\/demo\/heightenedhearts\/es\/?page_id=13215"},"modified":"2018-09-05T14:31:26","modified_gmt":"2018-09-05T14:31:26","slug":"how-it-started","status":"publish","type":"page","link":"https:\/\/heightenedhearts.org\/es\/about\/how-it-started\/","title":{"rendered":"How it Started"},"content":{"rendered":"<div class=\"wpb-content-wrapper\">[vc_row][vc_column][vc_single_image image=\u00bb14925&#8243;][\/vc_column][\/vc_row][vc_row css=\u00bb.vc_custom_1502871592646{padding-top: 20px !important;padding-bottom: 30px !important;}\u00bb][vc_column][vc_column_text]La Fundaci\u00f3n Heightened Hearts (<strong>HH<\/strong>), creada por Lyubov Smirnova, naci\u00f3 hace muchos a\u00f1os y fue guardada por ella en su memoria para usarla m\u00e1s tarde.\u00a0 Ese momento ha llegado y Lyubov se ha propuesto crear HH, una organizaci\u00f3n sin fines de lucro para aumentar la conciencia y empezar a abordar las muchas dolencias que afectan a la poblaci\u00f3n mundial. Las \u00e1reas de enfoque para HH incluyen Nutrici\u00f3n, Vivienda, Apoyo Comunitario, habilidades sociales e interacci\u00f3n, educaci\u00f3n y crecimiento espiritual. HH nunca ser\u00e1 confesional o estar\u00e1 cerrada a cualquier ser humano por causa de su raza, tradiciones, o ubicaci\u00f3n geogr\u00e1fica.<\/p>\n<p>Lyubov se cri\u00f3 en un hogar tradicional con su padre y su madre durante sus primeros a\u00f1os. Despu\u00e9s de la p\u00e9rdida de su padre mientras todav\u00eda era muy joven, su madre asumi\u00f3 el 100 por ciento de la responsabilidad de administrar una casa, criar 7 hijos y proveer para todos. Fue durante estos a\u00f1os de formaci\u00f3n que Lyubov desarroll\u00f3 su amor por servir a los dem\u00e1s y la idea de hacerlo en una escala mucho m\u00e1s grande fue conceptualizada por primera vez.<\/p>\n<p>La mam\u00e1 de Lyubov es el tipo de persona que se quitar\u00eda la camisa de su espalda para d\u00e1rsela a alguien en necesidad, literalmente. Si se llegaba a dar cuenta de que alguien mostraba alg\u00fan signo de escalofr\u00edos o temblores, ella dejaba lo que estaba haciendo y le ofrec\u00eda la ropa que llevaba puesta con el fin de ayudarlo. Ella nunca aceptaba que un ni\u00f1o pasara hambre y cuidaba de muchos. Ella es el tipo de mujer que le dar\u00eda su \u00faltima raci\u00f3n de comida a un ni\u00f1o hambriento, aunque se quedara sin nada ella misma. Sin darse cuenta, Lyubov estaba aprendiendo acerca de la bondad y el amor incondicional. Estos instintos de generosidad y entrega de su tiempo llegaron a ser tan naturales, que cuando ella se convirti\u00f3 en una mujer joven con una gran carrera por delante, lleg\u00f3 a rechazar oportunidades de trabajo en favor de estar disponible para ayudar cuando la necesitaran. \u00a0Lyubov est\u00e1 convencida de que dar nunca es una carga, sino un don y una bendici\u00f3n dados por Dios. Ella nunca ha dejado de dar a los dem\u00e1s y es hasta hoy, una empresaria muy respetada, conocida por siempre poner primero las necesidades de los dem\u00e1s, antes que las suyas. No encontrar\u00e1s a una persona m\u00e1s agradecida por las bendiciones que recibe diariamente.<\/p>\n<p>Durante a\u00f1os, Lyubov particip\u00f3 como colaboradora principal o como miembro de varias juntas de administraci\u00f3n en organizaciones ben\u00e9ficas en los Estados Unidos y alrededor \u00a0del mundo. Ella se sinti\u00f3 de lo m\u00e1s natural en esas zonas y se convirti\u00f3 r\u00e1pidamente en la encargada de varios proyectos debido a la claridad con la que emanaba bondad pura. Era obvio para todos los que fueron testigos que su amor por los dem\u00e1s, independientemente de haberlos conocido con anterioridad o no, era inigualable. Ella fue a\u00fan m\u00e1s lejos en varios casos. Proporcion\u00f3 personalmente los fondos para pacientes que necesitaban tratamientos card\u00edacos, correcci\u00f3n de la visi\u00f3n y cirug\u00edas de tumores. Ella sigue patrocinando a muchas familias e individuos mediante el pago de sus programas de rehabilitaci\u00f3n de drogas y alcohol. Se encontr\u00f3 a si misma pagando la escuela y ropa de los ni\u00f1os de su comunidad.<\/p>\n<p>En el verano de 2008, mientras trabajaba para la Fundaci\u00f3n V\u00edctimas del C\u00e1ncer en el Reino Unido, Lyubov estaba siendo entrevistada para la revista People cuando dijo: \u201cUn d\u00eda me gustar\u00eda construir una iglesia en el pueblo natal de mi madre para ayudar a todas las personas que ahora est\u00e1n dispersas y separadas, a reunirse nuevamente. Siento que esta vida es demasiado corta y si cada uno de nosotros hace algo bueno por otra persona, particularmente algo por aquellos a los que no conocemos, el Mundo realmente podr\u00eda llegar a ser un lugar maravillosamente diferente.\u201d<\/p>\n<p>Durante una visita reciente a su familia que a\u00fan vive en Ucrania, su madre se sent\u00f3 con sus hermanos presentes y anunci\u00f3 que quer\u00eda darle \u00a02. 83 hect\u00e1reas de terreno, con una peque\u00f1a consideraci\u00f3n. Ella tendr\u00eda que construir su primer Orfanato o Retiro Espiritual all\u00ed. Lyubov estuvo de acuerdo y su madre don\u00f3 2. 83 hect\u00e1reas de tierra. Para no ser eclipsados, sus hermanos se comprometieron de inmediato a donar alimentos de la granja familiar y suministrar\u00edan a las primeras instalaciones de la fundaci\u00f3n, todos los a\u00f1os, mientras hubiera necesidad. Lyubov podr\u00eda dejar de so\u00f1ar y empezar a trabajar. En ese momento, el tiempo se detuvo y Lyubov se dio cuenta de que su sue\u00f1o de toda la vida, se har\u00eda realidad.<\/p>\n<p>Lyubov es esa persona que siempre retribuir\u00e1 sus dones y bendiciones a alguien m\u00e1s. Heightened Hearts es el siguiente paso natural en su vida, \u00a0que les permitir\u00e1 a ella y a sus colegas continuar por un camino de servicio.<\/p>\n<p>La primera fase de HH es la construcci\u00f3n de un lugar de reuni\u00f3n para cualquier persona a la que le gustar\u00eda investigar su propia espiritualidad sin ning\u00fan tipo de presiones de l\u00edderes religiosos, etc. Ning\u00fan miembro de cualquier clero, secta, iglesia, mezquita o sinagoga presidir\u00e1 jam\u00e1s el Centro HH para el avance del crecimiento espiritual individual. Todos aquellos que deseen crecer en esta \u00e1rea son bienvenidos.<\/p>\n<p>Mientras creaba su fundaci\u00f3n, se le pregunt\u00f3 a Lyubov cu\u00e1ndo fue que comprendi\u00f3 que su prop\u00f3sito de estar aqu\u00ed se hab\u00eda manifestado. Ella dijo en la voz m\u00e1s delicada, \u201cRealmente no s\u00e9 cu\u00e1ndo o d\u00f3nde empez\u00f3 mi amor a Dios. S\u00f3lo s\u00e9 que su esp\u00edritu vive en m\u00ed. Cuando no estoy siendo \u00fatil para los dem\u00e1s, siento un vac\u00edo que es indescriptible. Ciertamente no es una manera en la que cualquier persona que se preocupa o siente querr\u00eda vivir. Cuando estoy ayudando a otros, independientemente de las circunstancias, s\u00e9 por qu\u00e9 estoy all\u00ed. \u201d<\/p>\n<p>Lyubov no puede ser nada m\u00e1s que generosa y consciente de aquellos que son menos afortunados. Ella planea pasar la mayor parte de su vida en el desarrollo e implementaci\u00f3n de su Fundaci\u00f3n Heightened Hearts.[\/vc_column_text][\/vc_column][\/vc_row]\n<\/div>","protected":false},"excerpt":{"rendered":"<p>[vc_row][vc_column][vc_single_image image=\u00bb14925&#8243;][\/vc_column][\/vc_row][vc_row css=\u00bb.vc_custom_1502871592646{padding-top: 20px !important;padding-bottom: 30px !important;}\u00bb][vc_column][vc_column_text]La Fundaci\u00f3n Heightened Hearts (HH), creada por Lyubov Smirnova, naci\u00f3 hace muchos a\u00f1os y fue guardada por ella en su memoria para usarla m\u00e1s tarde.\u00a0 Ese momento ha llegado y Lyubov se ha propuesto&hellip;<\/p>\n","protected":false},"author":1,"featured_media":0,"parent":11189,"menu_order":0,"comment_status":"closed","ping_status":"closed","template":"","meta":{"footnotes":""},"class_list":["post-13215","page","type-page","status-publish","hentry","entry","no-media"],"_links":{"self":[{"href":"https:\/\/heightenedhearts.org\/es\/wp-json\/wp\/v2\/pages\/13215","targetHints":{"allow":["GET"]}}],"collection":[{"href":"https:\/\/heightenedhearts.org\/es\/wp-json\/wp\/v2\/pages"}],"about":[{"href":"https:\/\/heightenedhearts.org\/es\/wp-json\/wp\/v2\/types\/page"}],"author":[{"embeddable":true,"href":"https:\/\/heightenedhearts.org\/es\/wp-json\/wp\/v2\/users\/1"}],"replies":[{"embeddable":true,"href":"https:\/\/heightenedhearts.org\/es\/wp-json\/wp\/v2\/comments?post=13215"}],"version-history":[{"count":2,"href":"https:\/\/heightenedhearts.org\/es\/wp-json\/wp\/v2\/pages\/13215\/revisions"}],"predecessor-version":[{"id":14926,"href":"https:\/\/heightenedhearts.org\/es\/wp-json\/wp\/v2\/pages\/13215\/revisions\/14926"}],"up":[{"embeddable":true,"href":"https:\/\/heightenedhearts.org\/es\/wp-json\/wp\/v2\/pages\/11189"}],"wp:attachment":[{"href":"https:\/\/heightenedhearts.org\/es\/wp-json\/wp\/v2\/media?parent=13215"}],"curies":[{"name":"wp","href":"https:\/\/api.w.org\/{rel}","templated":true}]}}