{"id":11208,"date":"2015-08-06T07:23:38","date_gmt":"2015-08-06T07:23:38","guid":{"rendered":"http:\/\/heightenedhearts.org\/es\/our-partners\/"},"modified":"2021-01-06T12:58:49","modified_gmt":"2021-01-06T12:58:49","slug":"our-partners","status":"publish","type":"page","link":"https:\/\/heightenedhearts.org\/es\/our-partners\/","title":{"rendered":"Nuestros socios"},"content":{"rendered":"<div class=\"wpb-content-wrapper\">[vc_row css=\u00bb.vc_custom_1503035337492{padding-top: 20px !important;padding-bottom: 20px !important;}\u00bb][vc_column][vc_single_image image=\u00bb15317&#8243;][\/vc_column][\/vc_row][vc_row css=\u00bb.vc_custom_1503033562132{padding-top: 20px !important;padding-bottom: 20px !important;}\u00bb][vc_column][vc_column_text]Muchos de nuestros programas y servicios no existir\u00edan sin las generosas donaciones de nuestros socios. Estos programas incluyen:<\/p>\n<ul>\n<li>Programas de cajas de alimentos y canastas de regreso a clases<\/li>\n<li>Ayuda M\u00e9dica y Servicios de asistencia en crisis de embarazo<\/li>\n<li>Programas de ayuda agr\u00edcola y mantenimiento del hogar<\/li>\n<li>Programas de caridad en Navidad y programas de crecimiento espiritual<\/li>\n<\/ul>\n<p>Agradecemos a nuestros socios por sus incre\u00edbles regalos de apoyo y por hacer que todo lo que hacemos en la Fundaci\u00f3n Heightened Hearts sea posible.[\/vc_column_text][\/vc_column][\/vc_row][vc_row][vc_column][vc_empty_space height=\u00bb15px\u00bb]<div class=\"vcex-module wpex-carousel wpex-carousel-images wpex-clr owl-carousel partner-logos\" data-wpex-carousel=\"{&quot;nav&quot;:false,&quot;dots&quot;:false,&quot;autoplay&quot;:true,&quot;loop&quot;:true,&quot;center&quot;:false,&quot;smartSpeed&quot;:1000,&quot;items&quot;:4,&quot;slideBy&quot;:1,&quot;autoplayTimeout&quot;:3000,&quot;margin&quot;:15,&quot;itemsTablet&quot;:3,&quot;itemsMobileLandscape&quot;:2,&quot;itemsMobilePortrait&quot;:1,&quot;autoWidth&quot;:false,&quot;autoHeight&quot;:false}\"><div class=\"wpex-carousel-slide textcenter\"><figure class=\"wpex-carousel-entry-media entry-media\"><a href=\"http:\/\/www.wholefoodsmarket.com\" class=\"wpex-carousel-entry-img\" target=\"_blank\"><img loading=\"lazy\" decoding=\"async\" data-no-lazy=\"1\" class=\"wpex-align-middle skip-lazy\" src=\"https:\/\/heightenedhearts.org\/wp-content\/uploads\/2021\/01\/whole-foods-1.jpg\" alt=\"\" width=\"385\" height=\"240\" \/><\/a><\/figure><\/div><div class=\"wpex-carousel-slide textcenter\"><figure class=\"wpex-carousel-entry-media entry-media\"><a href=\"https:\/\/www.walmart.com\" class=\"wpex-carousel-entry-img\" target=\"_blank\"><img loading=\"lazy\" decoding=\"async\" data-no-lazy=\"1\" class=\"wpex-align-middle skip-lazy\" src=\"https:\/\/heightenedhearts.org\/wp-content\/uploads\/2021\/01\/Walmart-1.jpg\" alt=\"\" width=\"385\" height=\"240\" \/><\/a><\/figure><\/div><div class=\"wpex-carousel-slide textcenter\"><figure class=\"wpex-carousel-entry-media entry-media\"><a href=\"http:\/\/topleadmarketing.com\" class=\"wpex-carousel-entry-img\" target=\"_blank\"><img loading=\"lazy\" decoding=\"async\" data-no-lazy=\"1\" class=\"wpex-align-middle skip-lazy\" src=\"https:\/\/heightenedhearts.org\/wp-content\/uploads\/2021\/01\/toplead-1.jpg\" alt=\"\" width=\"385\" height=\"240\" \/><\/a><\/figure><\/div><div class=\"wpex-carousel-slide textcenter\"><figure class=\"wpex-carousel-entry-media entry-media\"><img loading=\"lazy\" decoding=\"async\" data-no-lazy=\"1\" class=\"wpex-align-middle skip-lazy\" src=\"https:\/\/heightenedhearts.org\/wp-content\/uploads\/2021\/01\/Task-Consolidated-1.jpg\" alt=\"\" width=\"385\" height=\"240\" \/><\/figure><\/div><div class=\"wpex-carousel-slide textcenter\"><figure class=\"wpex-carousel-entry-media entry-media\"><a href=\"https:\/\/www.target.com\" class=\"wpex-carousel-entry-img\" target=\"_blank\"><img loading=\"lazy\" decoding=\"async\" data-no-lazy=\"1\" class=\"wpex-align-middle skip-lazy\" src=\"https:\/\/heightenedhearts.org\/wp-content\/uploads\/2021\/01\/target-1.jpg\" alt=\"\" width=\"385\" height=\"240\" \/><\/a><\/figure><\/div><div class=\"wpex-carousel-slide textcenter\"><figure class=\"wpex-carousel-entry-media entry-media\"><a href=\"https:\/\/sbcexperts.com\" class=\"wpex-carousel-entry-img\" target=\"_blank\"><img loading=\"lazy\" decoding=\"async\" data-no-lazy=\"1\" class=\"wpex-align-middle skip-lazy\" src=\"https:\/\/heightenedhearts.org\/wp-content\/uploads\/2021\/01\/smirnova-1.jpg\" alt=\"\" width=\"385\" height=\"240\" \/><\/a><\/figure><\/div><div class=\"wpex-carousel-slide textcenter\"><figure class=\"wpex-carousel-entry-media entry-media\"><a href=\"https:\/\/www.publix.com\" class=\"wpex-carousel-entry-img\" target=\"_blank\"><img loading=\"lazy\" decoding=\"async\" data-no-lazy=\"1\" class=\"wpex-align-middle skip-lazy\" src=\"https:\/\/heightenedhearts.org\/wp-content\/uploads\/2021\/01\/publix-1.jpg\" alt=\"\" width=\"385\" height=\"240\" \/><\/a><\/figure><\/div><div class=\"wpex-carousel-slide textcenter\"><figure class=\"wpex-carousel-entry-media entry-media\"><img loading=\"lazy\" decoding=\"async\" data-no-lazy=\"1\" class=\"wpex-align-middle skip-lazy\" src=\"https:\/\/heightenedhearts.org\/wp-content\/uploads\/2021\/01\/Power-1.jpg\" alt=\"\" width=\"385\" height=\"240\" \/><\/figure><\/div><\/div>[vc_empty_space height=\u00bb15px\u00bb]<div class=\"vcex-module wpex-carousel wpex-carousel-images wpex-clr owl-carousel partner-logos\" data-wpex-carousel=\"{&quot;nav&quot;:false,&quot;dots&quot;:false,&quot;autoplay&quot;:true,&quot;loop&quot;:true,&quot;center&quot;:false,&quot;smartSpeed&quot;:1000,&quot;items&quot;:4,&quot;slideBy&quot;:1,&quot;autoplayTimeout&quot;:3000,&quot;margin&quot;:15,&quot;itemsTablet&quot;:3,&quot;itemsMobileLandscape&quot;:2,&quot;itemsMobilePortrait&quot;:1,&quot;autoWidth&quot;:false,&quot;autoHeight&quot;:false}\"><div class=\"wpex-carousel-slide textcenter\"><figure class=\"wpex-carousel-entry-media entry-media\"><img loading=\"lazy\" decoding=\"async\" data-no-lazy=\"1\" class=\"wpex-align-middle skip-lazy\" src=\"https:\/\/heightenedhearts.org\/wp-content\/uploads\/2021\/01\/paradise-lotto-1.jpg\" alt=\"\" width=\"385\" height=\"240\" \/><\/figure><\/div><div class=\"wpex-carousel-slide textcenter\"><figure class=\"wpex-carousel-entry-media entry-media\"><a href=\"https:\/\/joorney.com\" class=\"wpex-carousel-entry-img\" target=\"_blank\"><img loading=\"lazy\" decoding=\"async\" data-no-lazy=\"1\" class=\"wpex-align-middle skip-lazy\" src=\"https:\/\/heightenedhearts.org\/wp-content\/uploads\/2021\/01\/JOORNEY-1.jpg\" alt=\"\" width=\"385\" height=\"240\" \/><\/a><\/figure><\/div><div class=\"wpex-carousel-slide textcenter\"><figure class=\"wpex-carousel-entry-media entry-media\"><a href=\"https:\/\/www.facebook.com\/EveryBodyFitnessClubs\/\" class=\"wpex-carousel-entry-img\" target=\"_blank\"><img loading=\"lazy\" decoding=\"async\" data-no-lazy=\"1\" class=\"wpex-align-middle skip-lazy\" src=\"https:\/\/heightenedhearts.org\/wp-content\/uploads\/2021\/01\/EBFIT-1.jpg\" alt=\"\" width=\"385\" height=\"240\" \/><\/a><\/figure><\/div><div class=\"wpex-carousel-slide textcenter\"><figure class=\"wpex-carousel-entry-media entry-media\"><img loading=\"lazy\" decoding=\"async\" data-no-lazy=\"1\" class=\"wpex-align-middle skip-lazy\" src=\"https:\/\/heightenedhearts.org\/wp-content\/uploads\/2021\/01\/Dreamscape-1.jpg\" alt=\"\" width=\"385\" height=\"240\" \/><\/figure><\/div><div class=\"wpex-carousel-slide textcenter\"><figure class=\"wpex-carousel-entry-media entry-media\"><img loading=\"lazy\" decoding=\"async\" data-no-lazy=\"1\" class=\"wpex-align-middle skip-lazy\" src=\"https:\/\/heightenedhearts.org\/wp-content\/uploads\/2021\/01\/Compass-1.jpg\" alt=\"\" width=\"385\" height=\"240\" \/><\/figure><\/div><div class=\"wpex-carousel-slide textcenter\"><figure class=\"wpex-carousel-entry-media entry-media\"><a href=\"https:\/\/atofil.us\" class=\"wpex-carousel-entry-img\" target=\"_blank\"><img loading=\"lazy\" decoding=\"async\" data-no-lazy=\"1\" class=\"wpex-align-middle skip-lazy\" src=\"https:\/\/heightenedhearts.org\/wp-content\/uploads\/2021\/01\/AtoFil-1.jpg\" alt=\"\" width=\"385\" height=\"240\" \/><\/a><\/figure><\/div><div class=\"wpex-carousel-slide textcenter\"><figure class=\"wpex-carousel-entry-media entry-media\"><a href=\"https:\/\/www.winndixie.com\" class=\"wpex-carousel-entry-img\" target=\"_blank\"><img loading=\"lazy\" decoding=\"async\" data-no-lazy=\"1\" class=\"wpex-align-middle skip-lazy\" src=\"https:\/\/heightenedhearts.org\/wp-content\/uploads\/2021\/01\/winn-dixie-1.jpg\" alt=\"\" width=\"385\" height=\"240\" \/><\/a><\/figure><\/div><\/div>[vc_empty_space height=\u00bb15px\u00bb][\/vc_column][\/vc_row][vc_row disable_element=\u00bbyes\u00bb css=\u00bb.vc_custom_1503033583360{padding-bottom: 30px !important;}\u00bb][vc_column][vc_row_inner][vc_column_inner width=\u00bb1\/6&#8243; css=\u00bb.vc_custom_1503063122949{padding-bottom: 20px !important;}\u00bb][vc_single_image image=\u00bb52&#8243;][\/vc_column_inner][vc_column_inner width=\u00bb5\/6&#8243;][vc_custom_heading text=\u00bbCYBERTEC\u00bb font_container=\u00bbtag:h4|text_align:left|color:%23333333&#8243; use_theme_fonts=\u00bbyes\u00bb css=\u00bb.vc_custom_1503063343988{padding-bottom: 20px !important;}\u00bb][vc_column_text]\n<p>CYBERTEC es una de las principales empresas de distribuci\u00f3n \/ fabricaci\u00f3n deproductos electr\u00f3nicos de consumo. Con especialidad de productos en: TEL\u00c9FONOS M\u00d3VILES GSM, Microproyectores, Tabletas Android y Reproductores \/ Altavoces Bluetooth. Como fabricante modernizado, CYBERTEC cuenta con avanzada tecnolog\u00eda, fuerte capacidad de dise\u00f1o y una administraci\u00f3n profesional. Oleg Goldman fund\u00f3 CYBERTEC en 2006 y ha construido una s\u00f3lida reputaci\u00f3n de alta calidad en sus oficinas en Florida, Estados Unidos; Shenzen, China y Polonia, Europa. CYBERTEC se esfuerza por ofrecer productos digitales de la m\u00e1s alta calidad a un precio competitivo para el mercado de consumo, y ha identificado cinco factoresclave que jugar\u00e1n un papel decisivo para su sostenibilidad:<\/p>\n[\/vc_column_text][\/vc_column_inner][\/vc_row_inner][vc_empty_space height=\u00bb20px\u00bb][vc_row_inner][vc_column_inner width=\u00bb1\/6&#8243; css=\u00bb.vc_custom_1503063122949{padding-bottom: 20px !important;}\u00bb][vc_single_image image=\u00bb49&#8243;][\/vc_column_inner][vc_column_inner width=\u00bb5\/6&#8243;][vc_custom_heading text=\u00bbSUNNY GIRL SPRAY TAN\u00bb font_container=\u00bbtag:h4|text_align:left|color:%23333333&#8243; use_theme_fonts=\u00bbyes\u00bb css=\u00bb.vc_custom_1503063349843{padding-bottom: 20px !important;}\u00bb][vc_column_text]Sunny Girl Spray Tan, LLC es una empresa m\u00f3vil de bronceado en aerosol, que se especializa en proveer bronceados en aerosol fabulosos a un precio razonable.[\/vc_column_text][\/vc_column_inner][\/vc_row_inner][vc_empty_space height=\u00bb20px\u00bb][vc_row_inner][vc_column_inner width=\u00bb1\/6&#8243; css=\u00bb.vc_custom_1503063122949{padding-bottom: 20px !important;}\u00bb][vc_single_image image=\u00bb50&#8243;][\/vc_column_inner][vc_column_inner width=\u00bb5\/6&#8243;][vc_custom_heading text=\u00bbTHE AVALON COMPANY\u00bb font_container=\u00bbtag:h4|text_align:left|color:%23333333&#8243; use_theme_fonts=\u00bbyes\u00bb css=\u00bb.vc_custom_1503063357233{padding-bottom: 20px !important;}\u00bb][vc_column_text]The Avalon Company proporciona seminarios de educaci\u00f3n continua para la profesi\u00f3n m\u00e9dica en destinos ex\u00f3ticos de todo el mundo. Viajar nos permite experimentar diferentes culturas y ver nuestro mundo desde una nueva perspectiva. Creemos firmemente que al ayudar a aquellos que son menos afortunados que nosotros, somos capaces de unirnos y prosperar en conjunto.<br \/>\n[\/vc_column_text][\/vc_column_inner][\/vc_row_inner][vc_empty_space height=\u00bb20px\u00bb][vc_row_inner][vc_column_inner width=\u00bb1\/6&#8243; css=\u00bb.vc_custom_1503063122949{padding-bottom: 20px !important;}\u00bb][vc_single_image image=\u00bb54&#8243;][\/vc_column_inner][vc_column_inner width=\u00bb5\/6&#8243;][vc_custom_heading text=\u00bbEVERYBODY FITNESS\u00bb font_container=\u00bbtag:h4|text_align:left|color:%23333333&#8243; use_theme_fonts=\u00bbyes\u00bb css=\u00bb.vc_custom_1503063364887{padding-bottom: 20px !important;}\u00bb][vc_column_text]Una compa\u00f1\u00eda con un club deportivo de servicio completo. Nuestra misi\u00f3n es proporcionar instalaciones equipadas, limpias y bien cuidadas con la sensaci\u00f3n de un agradable vecindario; centr\u00e1ndonos en resultados excepcionales para nuestros miembros utilizando t\u00e9cnicas innovadoras de entrenamiento y equipo de \u00faltima tecnolog\u00eda.[\/vc_column_text][\/vc_column_inner][\/vc_row_inner][vc_empty_space height=\u00bb20px\u00bb][\/vc_column][\/vc_row][vc_row disable_element=\u00bbyes\u00bb css=\u00bb.vc_custom_1503035037708{padding-top: 20px !important;padding-bottom: 30px !important;}\u00bb][vc_column width=\u00bb1\/4&#8243;]<div class=\"vcex-module vcex-icon-box vcex-icon-box-two wpex-relative wpex-text-center\"><div class=\"vcex-icon-box-symbol wpex-mb-20\"><img decoding=\"async\" loading=\"lazy\" class=\"vcex-icon-box-image wpex-align-middle\" src=\"https:\/\/heightenedhearts.org\/wp-content\/uploads\/2017\/08\/Partners-4.jpg\" alt=\"\" width=\"192\" height=\"118\" \/><\/div><div class=\"vcex-icon-box-text\"><h2 class=\"vcex-icon-box-heading wpex-heading wpex-text-md wpex-mb-10\">SMIRNOVA MODELS INC<\/h2><\/div><\/div>[\/vc_column][vc_column width=\u00bb1\/4&#8243;]<div class=\"vcex-module vcex-icon-box vcex-icon-box-two wpex-relative wpex-text-center\"><div class=\"vcex-icon-box-symbol wpex-mb-20\"><img decoding=\"async\" loading=\"lazy\" class=\"vcex-icon-box-image wpex-align-middle\" src=\"https:\/\/heightenedhearts.org\/wp-content\/uploads\/2017\/08\/Partners-8.jpg\" alt=\"\" width=\"192\" height=\"118\" \/><\/div><div class=\"vcex-icon-box-text\"><h2 class=\"vcex-icon-box-heading wpex-heading wpex-text-md wpex-mb-10\">SIMTA LLC<\/h2><\/div><\/div>[\/vc_column][vc_column width=\u00bb1\/4&#8243;]<div class=\"vcex-module vcex-icon-box vcex-icon-box-two wpex-relative wpex-text-center\"><div class=\"vcex-icon-box-symbol wpex-mb-20\"><img decoding=\"async\" loading=\"lazy\" class=\"vcex-icon-box-image wpex-align-middle\" src=\"https:\/\/heightenedhearts.org\/wp-content\/uploads\/2017\/08\/Partners-6.jpg\" alt=\"\" width=\"192\" height=\"118\" \/><\/div><div class=\"vcex-icon-box-text\"><h2 class=\"vcex-icon-box-heading wpex-heading wpex-text-md wpex-mb-10\">ESFM ENTERTAIMENT<\/h2><\/div><\/div>[\/vc_column][vc_column width=\u00bb1\/4&#8243;]<div class=\"vcex-module vcex-icon-box vcex-icon-box-two wpex-relative wpex-text-center\"><div class=\"vcex-icon-box-symbol wpex-mb-20\"><img decoding=\"async\" loading=\"lazy\" class=\"vcex-icon-box-image wpex-align-middle\" src=\"https:\/\/heightenedhearts.org\/wp-content\/uploads\/2017\/08\/Partners-1.jpg\" alt=\"\" width=\"192\" height=\"118\" \/><\/div><div class=\"vcex-icon-box-text\"><h2 class=\"vcex-icon-box-heading wpex-heading wpex-text-md wpex-mb-10\">MANNAN TEST<\/h2><\/div><\/div>[\/vc_column][\/vc_row]\n<\/div>","protected":false},"excerpt":{"rendered":"<p>[vc_row css=\u00bb.vc_custom_1503035337492{padding-top: 20px !important;padding-bottom: 20px !important;}\u00bb][vc_column][vc_single_image image=\u00bb15317&#8243;][\/vc_column][\/vc_row][vc_row css=\u00bb.vc_custom_1503033562132{padding-top: 20px !important;padding-bottom: 20px !important;}\u00bb][vc_column][vc_column_text]Muchos de nuestros programas y servicios no existir\u00edan sin las generosas donaciones de nuestros socios. Estos programas incluyen: Programas de cajas de alimentos y canastas de regreso a clases&hellip;<\/p>\n","protected":false},"author":1,"featured_media":0,"parent":0,"menu_order":0,"comment_status":"closed","ping_status":"closed","template":"","meta":{"footnotes":""},"class_list":["post-11208","page","type-page","status-publish","hentry","entry","no-media"],"_links":{"self":[{"href":"https:\/\/heightenedhearts.org\/es\/wp-json\/wp\/v2\/pages\/11208","targetHints":{"allow":["GET"]}}],"collection":[{"href":"https:\/\/heightenedhearts.org\/es\/wp-json\/wp\/v2\/pages"}],"about":[{"href":"https:\/\/heightenedhearts.org\/es\/wp-json\/wp\/v2\/types\/page"}],"author":[{"embeddable":true,"href":"https:\/\/heightenedhearts.org\/es\/wp-json\/wp\/v2\/users\/1"}],"replies":[{"embeddable":true,"href":"https:\/\/heightenedhearts.org\/es\/wp-json\/wp\/v2\/comments?post=11208"}],"version-history":[{"count":8,"href":"https:\/\/heightenedhearts.org\/es\/wp-json\/wp\/v2\/pages\/11208\/revisions"}],"predecessor-version":[{"id":19441,"href":"https:\/\/heightenedhearts.org\/es\/wp-json\/wp\/v2\/pages\/11208\/revisions\/19441"}],"wp:attachment":[{"href":"https:\/\/heightenedhearts.org\/es\/wp-json\/wp\/v2\/media?parent=11208"}],"curies":[{"name":"wp","href":"https:\/\/api.w.org\/{rel}","templated":true}]}}