{"id":11206,"date":"2015-09-29T07:23:20","date_gmt":"2015-09-29T07:23:20","guid":{"rendered":"http:\/\/heightenedhearts.org\/es\/become-a-partner\/"},"modified":"2018-12-26T14:12:57","modified_gmt":"2018-12-26T14:12:57","slug":"become-a-partner","status":"publish","type":"page","link":"https:\/\/heightenedhearts.org\/es\/become-a-partner\/","title":{"rendered":"Conv\u00edertete en Socio"},"content":{"rendered":"<div class=\"wpb-content-wrapper\">[vc_row css=\u00bb.vc_custom_1503035725886{padding-top: 20px !important;padding-bottom: 20px !important;}\u00bb][vc_column width=\u00bb2\/3&#8243;][vc_single_image image=\u00bb15322&#8243; alignment=\u00bbcenter\u00bb]<div class=\"vcex-spacing wpex-w-100 wpex-clear\" style=\"height:30px\"><\/div>[vc_column_text]La Fundaci\u00f3n Heightened Hearts trabaja con empresas, gobiernos, organizaciones sin fines de lucro y otras organizaciones para abordar los complejos retos del bienestar humano a escala global. Nuestros socios contribuyen con m\u00e1s que dinero. Sus ideas, poder de voluntariado y su apoyo en especie est\u00e1n ayudando a construir comunidades m\u00e1s fuertes en todo el mundo.[\/vc_column_text][\/vc_column][vc_column width=\u00bb1\/3&#8243;][vc_widget_sidebar sidebar_id=\u00bbpages_sidebar\u00bb][\/vc_column][\/vc_row][vc_row css=\u00bb.vc_custom_1505117606051{padding-bottom: 20px !important;}\u00bb][vc_column width=\u00bb1\/2&#8243; css=\u00bb.vc_custom_1505117622582{border-right-width: 1px !important;border-right-color: #cccccc !important;border-right-style: solid !important;}\u00bb][vc_column_text]<strong><em>\u00bfPor qu\u00e9 Asociarse con HH?<\/em><\/strong><\/p>\n<p>Asociarse con la Fundaci\u00f3n Heightened Hearts no s\u00f3lo se siente bien, se ve bien y hace bien \u2013 tambi\u00e9n es bueno para los negocios. Convertirte en socio puede proporcionar muchos beneficios a tu empresa u organizaci\u00f3n, incluyendo:<\/p>\n<ul>\n<li>Conocimiento expandido de marca a trav\u00e9s de oportunidades de patrocinio y cobertura de los medios<\/li>\n<li>Aumento de la participaci\u00f3n de los empleados y la fidelidad de los clientes<\/li>\n<li>Ventas elevadas y rendimiento para los accionistas<\/li>\n<li>RP Positivas y reconocimiento por trabajo de caridad<\/li>\n<li>Deducciones fiscales por contribuciones<\/li>\n<\/ul>\n[\/vc_column_text][\/vc_column][vc_column width=\u00bb1\/2&#8243;][vc_column_text]<strong><em>C\u00f3mo Asociarse con HH<\/em><\/strong><\/p>\n<p>Hay muchas maneras en las que tu empresa u organizaci\u00f3n puede convertirse en un socio HH, incluyendo:<\/p>\n<ul>\n<li>Donaci\u00f3n de productos o servicios a los programas y servicios HH<\/li>\n<li>Patrocinio o hablar en un evento de HH<\/li>\n<li>Proporcionar voluntarios para eventos y programas<\/li>\n<li>Dar un porcentaje de las ganancias o donaciones en especie para apoyar las iniciativas HH<\/li>\n<\/ul>\n[\/vc_column_text][\/vc_column][\/vc_row][vc_row][vc_column][vc_column_text]<strong>\u00bfQuieres apoyar una causa digna y hacer crecer tu negocio al mismo tiempo? Nos gustar\u00eda hablar contigo acerca de la creaci\u00f3n de una asociaci\u00f3n simbi\u00f3tica que ayude a cumplir con tus objetivos, mientras que apoya las iniciativas de la Fundaci\u00f3n Heightened Hearts. Llena el siguiente formulario para que uno de nuestros representantes se ponga en contacto contigo en relaci\u00f3n a oportunidades de asociaci\u00f3n.<\/strong><\/p>\n<div class=\"Become-partner-form\"><script src=\"\/\/app.etapestry.com\/hosted\/eTapestry.com\/etapEmbedResponsiveResizing.js\" type=\"text\/JavaScript\"><\/script><iframe loading=\"lazy\" id=\"etapIframe\" style=\"border: none; width: 100%;\" src=\"https:\/\/app.etapestry.com\/onlineforms\/HeightenedHearts\/BecomeAPartner.html\" width=\"300\" height=\"150\"><\/iframe><\/div>\n[\/vc_column_text][\/vc_column][\/vc_row]\n<\/div>","protected":false},"excerpt":{"rendered":"<p>[vc_row css=\u00bb.vc_custom_1503035725886{padding-top: 20px !important;padding-bottom: 20px !important;}\u00bb][vc_column width=\u00bb2\/3&#8243;][vc_single_image image=\u00bb15322&#8243; alignment=\u00bbcenter\u00bb][vc_column_text]La Fundaci\u00f3n Heightened Hearts trabaja con empresas, gobiernos, organizaciones sin fines de lucro y otras organizaciones para abordar los complejos retos del bienestar humano a escala global. Nuestros socios contribuyen con m\u00e1s&hellip;<\/p>\n","protected":false},"author":1,"featured_media":0,"parent":0,"menu_order":0,"comment_status":"closed","ping_status":"closed","template":"","meta":{"footnotes":""},"class_list":["post-11206","page","type-page","status-publish","hentry","entry","no-media"],"_links":{"self":[{"href":"https:\/\/heightenedhearts.org\/es\/wp-json\/wp\/v2\/pages\/11206","targetHints":{"allow":["GET"]}}],"collection":[{"href":"https:\/\/heightenedhearts.org\/es\/wp-json\/wp\/v2\/pages"}],"about":[{"href":"https:\/\/heightenedhearts.org\/es\/wp-json\/wp\/v2\/types\/page"}],"author":[{"embeddable":true,"href":"https:\/\/heightenedhearts.org\/es\/wp-json\/wp\/v2\/users\/1"}],"replies":[{"embeddable":true,"href":"https:\/\/heightenedhearts.org\/es\/wp-json\/wp\/v2\/comments?post=11206"}],"version-history":[{"count":6,"href":"https:\/\/heightenedhearts.org\/es\/wp-json\/wp\/v2\/pages\/11206\/revisions"}],"predecessor-version":[{"id":15325,"href":"https:\/\/heightenedhearts.org\/es\/wp-json\/wp\/v2\/pages\/11206\/revisions\/15325"}],"wp:attachment":[{"href":"https:\/\/heightenedhearts.org\/es\/wp-json\/wp\/v2\/media?parent=11206"}],"curies":[{"name":"wp","href":"https:\/\/api.w.org\/{rel}","templated":true}]}}