{"id":11204,"date":"2015-07-21T11:45:06","date_gmt":"2015-07-21T11:45:06","guid":{"rendered":"http:\/\/heightenedhearts.org\/es\/create-your-own-fundraiser\/"},"modified":"2018-09-06T11:07:53","modified_gmt":"2018-09-06T11:07:53","slug":"create-your-own-fundraiser","status":"publish","type":"page","link":"https:\/\/heightenedhearts.org\/es\/create-your-own-fundraiser\/","title":{"rendered":"Crea Tu Propia Recaudaci\u00f3n de Fondos"},"content":{"rendered":"<div class=\"wpb-content-wrapper\">[vc_row][vc_column][vc_single_image image=\u00bb15093&#8243;][vc_column_text]\n<h2><strong>La Fundaci\u00f3n Heightened Hearts <\/strong><\/h2>\n<h4><strong><em>Crea Tu Propia Recaudaci\u00f3n de Fondos: Recauda Fondos F\u00e1cilmente <\/em><\/strong><\/h4>\n<p><strong>\u00a0<\/strong>En la Fundaci\u00f3n Heightened Hearts, nuestro programa \u201cCrea Tu Propia Recaudaci\u00f3n de Fondos\u201d te permite asociarte con nuestro equipo de personal y dedicados voluntarios para hacer una diferencia en tu comunidad. A trav\u00e9s de este programa, hemos proporcionado muchas v\u00edas en las que puedes ayudar a la Fundaci\u00f3n Heightened Hearts incluyendo:<\/p>\n<ul>\n<li>Hacer una donaci\u00f3n monetaria que sea el combustible para el cambio en tu comunidad y ayude a que proyectos importantes puedan despegar.<\/li>\n<li>Ofrecer tu tiempo y conocimientos espec\u00edficos para el programa o proyecto de tu elecci\u00f3n.<\/li>\n<li>Prestar tu voz a una causa que es cercana a tu coraz\u00f3n, como una manera de buscar el apoyo de tu vecindario y comunidad.<\/li>\n<\/ul>\n<p><strong>Recauda Fondos en Tu Camino a Canc\u00fan, M\u00e9xico<\/strong><\/p>\n<p>Como beneficio adicional, la Fundaci\u00f3n Heightened Hearts premiar\u00e1 a los Top 3 Recaudadores con un \u00abViaje de cortes\u00eda Todo Incluido a las hermosas playas de Canc\u00fan, M\u00e9xico\u201d, que incluye un paquete completo de Hotel \/ Resort.<\/p>\n<p><strong>Empieza Hoy<\/strong><\/p>\n<p>Acepta el reto de recaudar fondos mediante la utilizaci\u00f3n de nuestra plataforma de recaudaci\u00f3n de fondos en l\u00ednea, es muy f\u00e1cil de usar y podr\u00e1s comenzar a recaudar dinero para la causa de tu elecci\u00f3n, empezando hoy mismo. Lo mejor de todo, es que podr\u00e1s mostrar a tus amigos y familiares que realmente te interesa ayudar y tal vez ellos se sientan atra\u00eddos y quieran involucrarse tambi\u00e9n.<\/p>\n<p>\u00a1El proceso es simple, r\u00e1pido y f\u00e1cil de empezar! Puedes:<\/p>\n<ul>\n<li><strong> Elegir una causa \/ programa espec\u00edfico al que deseas apoyar.<\/strong><\/li>\n<li><strong> Dedicar tu recaudaci\u00f3n de fondos para la Fundaci\u00f3n <\/strong><strong>Heightened Hearts<\/strong><strong> en memoria de un ser querido o para tu boda, cumplea\u00f1os, aniversario o cualquier otra ocasi\u00f3n especial.<\/strong><\/li>\n<li><strong>Compartir tu p\u00e1gina de recaudaci\u00f3n de fondos para la Fundaci\u00f3n <\/strong><strong>Heightened Hearts <\/strong><strong>a trav\u00e9s de todas tus redes sociales (Facebook, Twitter, Instagram, etc.), tu lista de contactos de correo electr\u00f3nico (amigos, familia, compa\u00f1eros de trabajo, etc.) Puedes incluso pedir a tu empleador que iguale las\u00a0 donaciones que recaudes&#8230; donaciones que se pueden hacer personalmente o de manera an\u00f3nima, directamente a trav\u00e9s de tu p\u00e1gina de recaudaci\u00f3n de fondos. Recuerda, pasar la voz puede aumentar dr\u00e1sticamente el apoyo que recibas para tu causa y la cantidad de donaciones que recibas.<\/strong><\/li>\n<\/ul>\n<p><strong>S\u00f3lo haznos saber para qu\u00e9 quieres recaudar los fondos y te ayudaremos a hacer la diferencia que buscas.<\/strong> \u00a1Realmente es as\u00ed de f\u00e1cil!<\/p>\n<p>\u00a1Empieza hoy! Y recuerda&#8230; al ayudar a la Fundaci\u00f3n Heightened Hearts a cumplir su misi\u00f3n, no s\u00f3lo estar\u00e1s <strong>HACIENDO<\/strong> la diferencia en este mundo, te <strong>CONVERTIR\u00c1S <\/strong>en la diferencia en este mundo.<\/p>\n<p><strong><em>\u00abPROYECTOS\u00a0 DESTACADOS\u00bb<\/em><\/strong>[\/vc_column_text][\/vc_column][\/vc_row]\n<\/div>","protected":false},"excerpt":{"rendered":"<p>[vc_row][vc_column][vc_single_image image=\u00bb15093&#8243;][vc_column_text] La Fundaci\u00f3n Heightened Hearts Crea Tu Propia Recaudaci\u00f3n de Fondos: Recauda Fondos F\u00e1cilmente \u00a0En la Fundaci\u00f3n Heightened Hearts, nuestro programa \u201cCrea Tu Propia Recaudaci\u00f3n de Fondos\u201d te permite asociarte con nuestro equipo de personal y dedicados voluntarios para&hellip;<\/p>\n","protected":false},"author":1,"featured_media":0,"parent":0,"menu_order":0,"comment_status":"closed","ping_status":"closed","template":"","meta":{"footnotes":""},"class_list":["post-11204","page","type-page","status-publish","hentry","entry","no-media"],"_links":{"self":[{"href":"https:\/\/heightenedhearts.org\/es\/wp-json\/wp\/v2\/pages\/11204","targetHints":{"allow":["GET"]}}],"collection":[{"href":"https:\/\/heightenedhearts.org\/es\/wp-json\/wp\/v2\/pages"}],"about":[{"href":"https:\/\/heightenedhearts.org\/es\/wp-json\/wp\/v2\/types\/page"}],"author":[{"embeddable":true,"href":"https:\/\/heightenedhearts.org\/es\/wp-json\/wp\/v2\/users\/1"}],"replies":[{"embeddable":true,"href":"https:\/\/heightenedhearts.org\/es\/wp-json\/wp\/v2\/comments?post=11204"}],"version-history":[{"count":5,"href":"https:\/\/heightenedhearts.org\/es\/wp-json\/wp\/v2\/pages\/11204\/revisions"}],"predecessor-version":[{"id":15094,"href":"https:\/\/heightenedhearts.org\/es\/wp-json\/wp\/v2\/pages\/11204\/revisions\/15094"}],"wp:attachment":[{"href":"https:\/\/heightenedhearts.org\/es\/wp-json\/wp\/v2\/media?parent=11204"}],"curies":[{"name":"wp","href":"https:\/\/api.w.org\/{rel}","templated":true}]}}