{"id":11200,"date":"2015-07-21T11:45:28","date_gmt":"2015-07-21T11:45:28","guid":{"rendered":"http:\/\/heightenedhearts.org\/es\/relief-centers\/"},"modified":"2018-09-06T07:26:40","modified_gmt":"2018-09-06T07:26:40","slug":"relief-centers","status":"publish","type":"page","link":"https:\/\/heightenedhearts.org\/es\/relief-centers\/","title":{"rendered":"Relief Centros"},"content":{"rendered":"<div class=\"wpb-content-wrapper\">[vc_row][vc_column][vc_single_image image=\u00bb14967&#8243;][\/vc_column][\/vc_row][vc_row css=\u00bb.vc_custom_1507875152562{padding-top: 20px !important;padding-bottom: 30px !important;}\u00bb el_class=\u00bbrelief-centers\u00bb][vc_column][vc_column_text]\n<h4><strong>Fundaci\u00f3n Heightened Hearts <\/strong><strong><em>Centros Global Relief <\/em><\/strong><\/h4>\n<p>Hoy vivimos en un mundo de enorme desigualdad econ\u00f3mica -un mundo en el que el n\u00famero de \u00ablos que tienen\u00bb se est\u00e1 reduciendo r\u00e1pidamente y el n\u00famero de \u00ablos que no tienen\u00bb est\u00e1 creciendo exponencialmente. Las guerras, el hambre, las enfermedades, los desastres naturales y la pobreza generalizada est\u00e1n plagando absolutamente ciertas zonas del planeta, dejando a su paso un nivel de sufrimiento humano que simplemente no se ve en las regiones m\u00e1s desarrolladas del mundo.<\/p>\n<p>Es este sufrimiento en las regiones desfavorecidas del mundo &#8211; y la gente incre\u00edblemente resistente que lo aguanta &#8211; que la Fundaci\u00f3n Heightened Hearts espera aliviar a trav\u00e9s de su programa Centros Global Relief.<\/p>\n<h4><strong>\u00bfQu\u00e9 son los Centros Global Relief de Heightened Hearts?<\/strong><\/h4>\n<p>En nuestros continuos esfuerzos para proporcionar muy necesaria asistencia a las personas y los grupos menos afortunados en todo el mundo, la Fundaci\u00f3n Heightened Hearts espera establecer una serie de Centros Global Relief destinados a proporcionar ayuda inmediata en forma de alimentos, refugio y ropa; adem\u00e1s de ofrecer programas secundarios que aborden algunas de las principales preocupaciones en cada regi\u00f3n, tales como la educaci\u00f3n, la capacitaci\u00f3n y preparaci\u00f3n para el empleo, terapia contra el alcoholismo y las drogas, cuidado de ni\u00f1os, y m\u00e1s.<\/p>\n<p>El primer Centro Global Relief que ser\u00e1 construido por la Fundaci\u00f3n Heightened Hearts estar\u00e1 ubicado en Ucrania &#8211; un pa\u00eds en el que alrededor del 25% -50% de la poblaci\u00f3n vive en o por debajo del umbral de pobreza. Ya hemos comenzado a implementar varios programas clave dentro de Ucrania. Durante la realizaci\u00f3n de estas misiones de caridad, la Fundaci\u00f3n Heightened Hearts se sorprendi\u00f3 por el profundo nivel de pobreza del que fue testigo. Cientos de personas con las que nuestra organizaci\u00f3n habl\u00f3 carec\u00edan incluso de los alimentos b\u00e1sicos, vivienda y ropa necesarios para sobrevivir adecuadamente, por no hablar de los recursos educativos y de formaci\u00f3n profesional que son necesarios para salir de esta pobreza. Es este profundo nivel de desesperanza el que esperamos aliviar con nuestro primer Centro Global Relief en Ucrania.<\/p>\n<p>A pesar de que Ucrania ser\u00e1 el primer pa\u00eds \/ comunidad que se beneficiar\u00e1 por medio del programa Centro Global Relief de Heightened Hearts, tambi\u00e9n reconocemos la necesidad absoluta de este tipo de centros en otras partes del mundo. Por lo tanto, nuestra misi\u00f3n a largo plazo es construir una serie de Centros Global Relief en donde m\u00e1s se necesiten. Algunos de los otros pa\u00edses y regiones que probablemente podr\u00edan beneficiarse de los servicios que nuestros Centros Global Relief \u00a0proporcionar\u00e1n incluyen:<\/p>\n<ul>\n<li>India<\/li>\n<li>\u00c1frica<\/li>\n<li>Sudam\u00e9rica<\/li>\n<li>M\u00e9xico<\/li>\n<li>Y m\u00e1s<\/li>\n<\/ul>\n<p>Como organizaci\u00f3n ben\u00e9fica sin fines de lucro en Am\u00e9rica, la Fundaci\u00f3n Heightened Hearts tambi\u00e9n reconoce la necesidad de Centros\u00a0 Global Relief en muchas de las comunidades y barrios marginados aqu\u00ed en casa, en casi todos los estados de la uni\u00f3n.<\/p>\n<p>La Fundaci\u00f3n Heightened Hearts tiene planes para asegurar varias instalaciones en todo el mundo que sirvan como Centros Global Relief, y ofrezcan servicios sin costo a aquellos que m\u00e1s los necesitan. Nuestros objetivos principales para estas instalaciones ser\u00e1n los j\u00f3venes y personas mayores de la comunidad, as\u00ed como los padres de bajos ingresos y sus dependientes. Estos centros comunitarios no s\u00f3lo servir\u00e1n para impartir clases y programas educativos, sino que tambi\u00e9n proporcionar\u00e1n muy necesarios espacios para albergar un programa de guarder\u00eda \/ cuidado de ni\u00f1os despu\u00e9s de la escuela, una panader\u00eda y un comedor comunitario. Mientras que las instalaciones inicialmente atender\u00e1n a personas que participen en el estudio de la Biblia y otros programas Cristianos que se ofrecer\u00e1n a trav\u00e9s del centro, nuestro objetivo es hacer que el centro sea accesible a todos los miembros de la comunidad circundante.<\/p>\n<p>La Fundaci\u00f3n Heightened Hearts anticipa que sus Centros de Ayuda Comunitaria de servicio completo operar\u00e1n siete d\u00edas a la semana aproximadamente en los siguientes horarios: <strong>Lunes a Viernes de 9:00 AM a 7:30 PM y S\u00e1bados y Domingos de 7:00 AM a 2:00 PM<\/strong><\/p>\n<h4><strong>\u00bfQu\u00e9\u00a0 Planeamos Ofrecer a Trav\u00e9s de Nuestro Programa Centro Global Relief?<\/strong><\/h4>\n<p>El objetivo del Programa Centro Global Relief de la Fundaci\u00f3n Heightened Hearts ser\u00e1 aliviar la pobreza, el hambre y la desesperaci\u00f3n dondequiera que exista. Adem\u00e1s de satisfacer las necesidades inmediatas de la poblaci\u00f3n desfavorecida, tenemos la intenci\u00f3n de servir; nuestros centros tambi\u00e9n se centrar\u00e1n en la creaci\u00f3n de empleo, la educaci\u00f3n, las oportunidades de la comunidad, y el desarrollo espiritual.<\/p>\n<p>Todas y cada una de las semanas, los Centros Global Relief de la Fundaci\u00f3n Heightened Hearts ofrecer\u00e1n una serie de servicios y cursos que abarcar\u00e1n temas tales como servicios de autoayuda, educaci\u00f3n, preparaci\u00f3n para el empleo, el culto y la instrucci\u00f3n espiritual. Mientras que nuestro objetivo principal es satisfacer las necesidades inmediatas de supervivencia de nuestros miembros a trav\u00e9s de la entrega de comida, ropa y reparaci\u00f3n de la vivienda, nuestros cursos y servicios secundarios incluir\u00e1n:<\/p>\n<ul>\n<li>Cursos B\u00e1sicos de Computaci\u00f3n<\/li>\n<li>Cursos de Lectura \/ Alfabetizaci\u00f3n<\/li>\n<li>Cursos B\u00e1sicos de Costura<\/li>\n<li>Servicios de Dieta y Nutrici\u00f3n<\/li>\n<li>Cursos de Oratoria<\/li>\n<li>Capacitaci\u00f3n para el Trabajo<\/li>\n<li>Tutor\u00eda para j\u00f3venes<\/li>\n<li>Talleres de Escritura y Redacci\u00f3n<\/li>\n<li>Clases de M\u00fasica, Canto y Baile<\/li>\n<li>Cursos de Pintura y Dibujo\/Bosquejo<\/li>\n<li>Clases de Cer\u00e1mica<\/li>\n<li>Clases de piano (y otros instrumentos musicales)<\/li>\n<li>Talleres B\u00e1sicos de Dise\u00f1o de Modas<\/li>\n<li>Clases de Artes Marciales<\/li>\n<li>Y mucho m\u00e1s \u2026<\/li>\n<\/ul>\n<p>Nuestros Centros Global Relief contar\u00e1n con servicios importantes que ayudar\u00e1n a estabilizar a las comunidades a las que servimos. Algunos de estos servicios incluir\u00e1n guarder\u00eda \/ cuidado de ni\u00f1os despu\u00e9s de la escuela; regalos de cajas de alimentos; distribuci\u00f3n\u00a0 de canastas de regreso a clases\/ trabajo (llenas de suministros); programa adopta un abuelo; programas de becas; clases\u00a0 de prevenci\u00f3n y tratamiento del embarazo en adolescentes; y muchos, muchos m\u00e1s.<\/p>\n<h4><strong>C\u00f3mo Puedes Ayudar la Fundaci\u00f3n Heightened Hearts a Crear Milagros a Trav\u00e9s de nuestros Centros Global Relief<\/strong><\/h4>\n<p>Los Centros Global Relief que la Fundaci\u00f3n Heightened Hearts espera construir y operar en comunidades marginadas de todo el mundo son la forma m\u00e1s eficaz y eficiente para servir a los pobres del mundo. Sin embargo, para poder hacer realidad este sue\u00f1o necesitamos desesperadamente de tu ayuda. A continuaci\u00f3n hemos esbozado s\u00f3lo algunas maneras en las que puedes dar al Programa Centros Global Relief de la Fundaci\u00f3n Heightened Hearts,<\/p>\n<p><strong>Efectivo \/ Donaciones a trav\u00e9s de Cheque<\/strong><\/p>\n<p>Naturalmente, la manera m\u00e1s f\u00e1cil y conveniente para donar al proyecto Centro Global Relief de la Fundaci\u00f3n Heightened Hearts es a trav\u00e9s de una donaci\u00f3n en efectivo \/ cheque a nuestra organizaci\u00f3n.<\/p>\n<p>Todas las donaciones en efectivo \/ cheque deber\u00e1n hacerse a nombre de la<\/p>\n<p>\u00abHeightened Hearts Foundation\u00bb y enviarse a la siguiente direcci\u00f3n:<\/p>\n<p>Heightened Hearts Foundation Inc<\/p>\n<p>1521 Alton Road, Suite 819<\/p>\n<p>Miami Beach, Florida 33139<\/p>\n<p>Si deseas asegurarte de que tu donaci\u00f3n beneficie a uno de nuestros Centros Global Relief, basta con incluir una nota indicando tus deseos o escribir las palabras \u00abCentro Global Relief\u00bb en la secci\u00f3n \u00abmemo\u00bb de tu cheque o giro postal.<strong><br \/>\n<\/strong><\/p>\n<p>Tambi\u00e9n puedes enviar un regalo electr\u00f3nicamente <a href=\"#\">HACIENDO CLIC AQU\u00cd.<\/a><\/p>\n<p>&nbsp;<\/p>\n<h3><strong>Donar Suministros<\/strong><\/h3>\n<p>La Fundaci\u00f3n Heightened Hearts da la bienvenida a la donaci\u00f3n de suministros, pero debido a la falta de espacio de almacenamiento disponible, en estos momentos solamente aceptamos donaciones por parte de empresas y corporaciones &#8211; suministros que beneficiar\u00e1n directamente a nuestro programa Centro Global Relief. A continuaci\u00f3n presentamos s\u00f3lo una muestra del tipo de suministros que nos pueden ayudar en nuestros esfuerzos:<\/p>\n<ul>\n<li><strong>Alimentos.<\/strong> La donaci\u00f3n de alimentos no perecederos nos puede ayudar en gran medida con nuestros programas de cajas de alimentos y de comedores comunitarios en el centro.<\/li>\n<li><strong>Ropa.<\/strong> Muchas de las personas con las que trabajamos carecen de la ropa necesaria adecuada. En Ucrania, por ejemplo, existe una gran falta de ropa de abrigo y mantas, que son necesarias para sobrevivir a los rigores del invierno en la regi\u00f3n.<\/li>\n<li><strong>Art\u00edculos de Oficina \/ Regreso a Clases.<\/strong> Art\u00edculos de oficina y material escolar para nuestras \u201ccanastas de regalo\u201d de los Centros Global Relief pueden dar a los ni\u00f1os y adultos la confianza que necesitan para tener \u00e9xito.<\/li>\n<li><strong>Art\u00edculos de Cuidado Infantil.<\/strong> El Cuidado Infantil ser\u00e1 una parte importante de los Centros Comunitarios de Heightened Hearts. Art\u00edculos tales como papel de construcci\u00f3n, materiales de arte e incluso \u201ccolchonetas para siesta\u00bb son bienvenidos y apreciados.<\/li>\n<li><strong>Muebles.<\/strong> La Fundaci\u00f3n Heightened Hearts necesitar\u00e1 una variedad de muebles de oficina, escritorios y otras comodidades para amueblar sus Centros Global Relief.<\/li>\n<li><strong>Electr\u00f3nicos.<\/strong> Los suministros electr\u00f3nicos b\u00e1sicos pueden recorrer un largo camino en la preparaci\u00f3n de nuestros clientes para el mundo del empleo actual.<\/li>\n<li><strong>Otros.<\/strong> Cualquier art\u00edculo no mencionado anteriormente tambi\u00e9n es bienvenido por la Fundaci\u00f3n Heightened Hearts.<\/li>\n<\/ul>\n<p><strong>Otras Maneras de Apoyar al Programa Centro Global Relief de<\/strong> <strong>Heightened Hearts<\/strong><\/p>\n<p>&nbsp;<\/p>\n<p>Adem\u00e1s de la donaci\u00f3n de suministros y dinero, hay muchas otras maneras de apoyar nuestra misi\u00f3n de construir Centros Global Relief donde sean necesarios.<\/p>\n<p>Algunos de estos incluyen:<\/p>\n<ul>\n<li>Donaci\u00f3n de Acciones y Valores<\/li>\n<li>Fideicomisos Caritativos Remanentes<\/li>\n<li>Fideicomisos Caritativos Principales<\/li>\n<li>Donaci\u00f3n de Bienes Inmuebles \/ Patrimonios Vitalicios<\/li>\n<li>Hacer a la Fundaci\u00f3n Heightened Hearts Beneficiaria de un Seguro de Vida<\/li>\n<li>Nombrarnos como beneficiario al utilizar los programas: Amazon Smile y eScript<\/li>\n<li>Comprar un Ladrillo en nuestro \u00abCamino de los Sue\u00f1os\u00bb, que se encontrar\u00e1 a las afueras de cada Centro Global Relief que construyamos.<\/li>\n<li>Aprovechar los programas de Igualaci\u00f3n de Donaciones por parte del Empleador<\/li>\n<li>Campa\u00f1as Personales de Recaudaci\u00f3n de Fondos<\/li>\n<li>Donar Millas A\u00e9reas, Puntos de Hoteles y Recompensas de Tarjetas de Cr\u00e9dito<\/li>\n<li>Donaciones v\u00eda Mensajes de Texto<\/li>\n<li>Comprar Mercanc\u00eda Heightened Hearts en nuestra tienda online<\/li>\n<li>Donaci\u00f3n Filantr\u00f3pica Corporativa o de Fundaci\u00f3n<\/li>\n<li>Y m\u00e1s\u2026<\/li>\n<\/ul>\n[\/vc_column_text][\/vc_column][\/vc_row]\n<\/div>","protected":false},"excerpt":{"rendered":"<p>[vc_row][vc_column][vc_single_image image=\u00bb14967&#8243;][\/vc_column][\/vc_row][vc_row css=\u00bb.vc_custom_1507875152562{padding-top: 20px !important;padding-bottom: 30px !important;}\u00bb el_class=\u00bbrelief-centers\u00bb][vc_column][vc_column_text] Fundaci\u00f3n Heightened Hearts Centros Global Relief Hoy vivimos en un mundo de enorme desigualdad econ\u00f3mica -un mundo en el que el n\u00famero de \u00ablos que tienen\u00bb se est\u00e1 reduciendo r\u00e1pidamente y el&hellip;<\/p>\n","protected":false},"author":1,"featured_media":0,"parent":0,"menu_order":0,"comment_status":"closed","ping_status":"closed","template":"","meta":{"footnotes":""},"class_list":["post-11200","page","type-page","status-publish","hentry","entry","no-media"],"_links":{"self":[{"href":"https:\/\/heightenedhearts.org\/es\/wp-json\/wp\/v2\/pages\/11200","targetHints":{"allow":["GET"]}}],"collection":[{"href":"https:\/\/heightenedhearts.org\/es\/wp-json\/wp\/v2\/pages"}],"about":[{"href":"https:\/\/heightenedhearts.org\/es\/wp-json\/wp\/v2\/types\/page"}],"author":[{"embeddable":true,"href":"https:\/\/heightenedhearts.org\/es\/wp-json\/wp\/v2\/users\/1"}],"replies":[{"embeddable":true,"href":"https:\/\/heightenedhearts.org\/es\/wp-json\/wp\/v2\/comments?post=11200"}],"version-history":[{"count":6,"href":"https:\/\/heightenedhearts.org\/es\/wp-json\/wp\/v2\/pages\/11200\/revisions"}],"predecessor-version":[{"id":14968,"href":"https:\/\/heightenedhearts.org\/es\/wp-json\/wp\/v2\/pages\/11200\/revisions\/14968"}],"wp:attachment":[{"href":"https:\/\/heightenedhearts.org\/es\/wp-json\/wp\/v2\/media?parent=11200"}],"curies":[{"name":"wp","href":"https:\/\/api.w.org\/{rel}","templated":true}]}}