{"id":11189,"date":"2015-07-21T11:40:12","date_gmt":"2015-07-21T11:40:12","guid":{"rendered":"http:\/\/heightenedhearts.org\/es\/about\/"},"modified":"2018-09-05T14:29:23","modified_gmt":"2018-09-05T14:29:23","slug":"about","status":"publish","type":"page","link":"https:\/\/heightenedhearts.org\/es\/about\/","title":{"rendered":"ACERCA DE HH"},"content":{"rendered":"<div class=\"wpb-content-wrapper\">[vc_row][vc_column][vc_single_image image=\u00bb14923&#8243;][\/vc_column][\/vc_row][vc_row css=\u00bb.vc_custom_1503648194468{padding-top: 20px !important;padding-bottom: 30px !important;}\u00bb][vc_column][vc_column_text]\n<div id=\"mail_abiutus\"><strong>La Fundaci\u00f3n Heightened Hearts provee servicios a individuos y familias necesitados dentro de la comunidad local, y en todo el mundo.<\/strong><\/div>\n<div>\n<p>Nuestro objetivo es construir comunidades mediante el fortalecimiento de los individuos y las familias a trav\u00e9s de la atenci\u00f3n personalizada y la organizaci\u00f3n de programas de divulgaci\u00f3n. Estamos trabajando para crear soluciones duraderas para la pobreza, el hambre y la injusticia social al impactar de manera positiva las vidas de las personas alrededor del mundo.Heightened Hearts es una organizaci\u00f3n p\u00fablica 501 (c) 3, sin fines de lucro, dedicada a ayudar a las personas en Miami, Florida y comunidades globales.<\/p>\n<p>Ofrecemos una continua serie de servicios que incluyen donaciones de comida, suministros y medicamentos; prestaci\u00f3n de servicios y suministros educativos; asistencia con el mantenimiento del hogar; y mucho m\u00e1s.<\/p>\n<p><strong><em>Ubicaciones:<\/em><\/strong><\/p>\n<p><strong>Miami, Florida<\/strong><\/p>\n<p>La Fundaci\u00f3n Heightened Hearts tiene su sede en Miami, Florida.<\/p>\n<p>Muchos de nuestros actuales programas de difusi\u00f3n e iniciativas de ayuda se centran en apoyar a las crecientes poblaciones de individuos y familias de bajos ingresos y sin hogar, en el \u00e1rea de Miami.<\/p>\n<p>Estamos trabajando para proporcionar ayuda a nuestros vecinos necesitados mediante la donaci\u00f3n de alimentos, suministros, y ropa; la prestaci\u00f3n de asistencia m\u00e9dica y servicios educativos; y el financiamiento de programas de rehabilitaci\u00f3n de alcohol y drogas. A pesar de que nuestros recursos actuales son limitados, estamos trabajando para lograr un impacto positivo en el mundo &#8211; una ciudad, una familia, una vida a la vez.<\/p>\n<p><strong>Regi\u00f3n Poltavskiy, Ucrania<\/strong><\/p>\n<p>La Fundaci\u00f3n Heightened Hearts recibi\u00f3 2. 83 hect\u00e1reas de tierra en la regi\u00f3n Poltavskiy en Ucrania &#8211; la comunidad que nuestra fundadora llama hogar, una zona afectada por la guerra y la pobreza. Nuestro primer proyecto importante es la construcci\u00f3n de un centro de ayuda en la propiedad, que servir\u00e1 como refugio para los m\u00e1s necesitados. Desde este centro, se puede llegar a las zonas circundantes y empezar a ayudar a las comunidades pobres a reconstruir.<\/p>\n<p>Este centro servir\u00e1 como base para nuestra organizaci\u00f3n y como un refugio para las personas que se unen bajo una causa com\u00fan y se ayudan mutuamente. Una vez completado, tenemos la intenci\u00f3n de construir centros de ayuda similares en otras partes del mundo y continuar con nuestra misi\u00f3n de servir a los dem\u00e1s.<\/p>\n<p><strong>Actualmente estamos prestando ayuda a las personas en estas comunidades, de cualquier forma que nos es posible, con nuestros limitados recursos. Para hacer crecer nuestra organizaci\u00f3n y aumentar el n\u00famero de personas y familias que recibir\u00e1n nuestra ayuda, dependemos de la generosidad de aquellos que buscan hacer una diferencia. <u><a href=\"https:\/\/heightenedhearts.org\/es\/escrip\/\">Descubre c\u00f3mo puedes donar tu tiempo o dinero<\/a><\/u><em>\u00a0<\/em><strong>para promover los esfuerzos de la Fundaci\u00f3n Heightened Hearts y\u2026 \u00a1Convi\u00e9rtete en parte de algo m\u00e1s grande que t\u00fa!<\/strong><br \/>\n<\/strong><\/p>\n<\/div>\n[\/vc_column_text][\/vc_column][\/vc_row]\n<\/div>","protected":false},"excerpt":{"rendered":"<p>[vc_row][vc_column][vc_single_image image=\u00bb14923&#8243;][\/vc_column][\/vc_row][vc_row css=\u00bb.vc_custom_1503648194468{padding-top: 20px !important;padding-bottom: 30px !important;}\u00bb][vc_column][vc_column_text] La Fundaci\u00f3n Heightened Hearts provee servicios a individuos y familias necesitados dentro de la comunidad local, y en todo el mundo. Nuestro objetivo es construir comunidades mediante el fortalecimiento de los individuos y&hellip;<\/p>\n","protected":false},"author":1,"featured_media":0,"parent":0,"menu_order":0,"comment_status":"closed","ping_status":"closed","template":"","meta":{"footnotes":""},"class_list":["post-11189","page","type-page","status-publish","hentry","entry","no-media"],"_links":{"self":[{"href":"https:\/\/heightenedhearts.org\/es\/wp-json\/wp\/v2\/pages\/11189","targetHints":{"allow":["GET"]}}],"collection":[{"href":"https:\/\/heightenedhearts.org\/es\/wp-json\/wp\/v2\/pages"}],"about":[{"href":"https:\/\/heightenedhearts.org\/es\/wp-json\/wp\/v2\/types\/page"}],"author":[{"embeddable":true,"href":"https:\/\/heightenedhearts.org\/es\/wp-json\/wp\/v2\/users\/1"}],"replies":[{"embeddable":true,"href":"https:\/\/heightenedhearts.org\/es\/wp-json\/wp\/v2\/comments?post=11189"}],"version-history":[{"count":5,"href":"https:\/\/heightenedhearts.org\/es\/wp-json\/wp\/v2\/pages\/11189\/revisions"}],"predecessor-version":[{"id":14924,"href":"https:\/\/heightenedhearts.org\/es\/wp-json\/wp\/v2\/pages\/11189\/revisions\/14924"}],"wp:attachment":[{"href":"https:\/\/heightenedhearts.org\/es\/wp-json\/wp\/v2\/media?parent=11189"}],"curies":[{"name":"wp","href":"https:\/\/api.w.org\/{rel}","templated":true}]}}