{"id":11187,"date":"2015-07-24T10:30:16","date_gmt":"2015-07-24T10:30:16","guid":{"rendered":"http:\/\/heightenedhearts.org\/es\/programs\/global-relief-centers-program\/"},"modified":"2018-09-05T14:41:19","modified_gmt":"2018-09-05T14:41:19","slug":"global-relief-centers-program","status":"publish","type":"page","link":"https:\/\/heightenedhearts.org\/es\/programs\/global-relief-centers-program\/","title":{"rendered":"Programa Centros de Apoyo"},"content":{"rendered":"<div class=\"wpb-content-wrapper\">[vc_row][vc_column][vc_single_image image=\u00bb14929&#8243;][\/vc_column][\/vc_row][vc_row css=\u00bb.vc_custom_1503311959568{padding-top: 20px !important;padding-bottom: 30px !important;}\u00bb][vc_column][vc_column_text]En el clima econ\u00f3mico actual, existen miles o quiz\u00e1 millones de personas alrededor del mundo que experimentan dificultades para ser autosuficientes. Algunos de los obst\u00e1culos a los que estas personas se enfrentan incluyen:<\/p>\n<ul>\n<li>Escasa infraestructura<\/li>\n<li>Oportunidades limitadas de empleo<\/li>\n<li>Carencia de recursos naturales y financieros<\/li>\n<li>Conocimintos y habilidades limitadas<\/li>\n<li>Falta de recursos educativos<\/li>\n<li>Analfabetismo<\/li>\n<li>Y m\u00e1s \u2026<\/li>\n<\/ul>\n<p>Tristemente, existen comunidades alrededor del mundo que carecen de centros de reuni\u00f3n social (que otras \u00e1reas disfrutan), y en donde este impedimento puede ser adecuadamente resuelto. Estos centros de ayuda son tambi\u00e9n un lugar perfecto para satisfacer las necesidades religiosas, espirituales, culturales y educacionales de la comunidad.<\/p>\n<p>Para solucionar este problema, la Fundaci\u00f3n Heightened Hearts pretende construir centros comunitarios (Global Relief Centers) en diferentes pa\u00edses alrededor del mundo. Nuestra meta es inculcar en los corazones de los miembros de la comunidad que ser\u00e1n atendidos en estos centros, un sentido de fe, cultura y valores humanitarios.<\/p>\n<p>La Fundaci\u00f3n Heightened Hearts se encuentra actualmente en el proceso de entrenamiento de pastores, en estudios b\u00edblicos, ministerio de ni\u00f1os y liderazgo. Estos pastores trabajar\u00e1n en nuestros centros de apoyo\/adoraci\u00f3n con el prop\u00f3sito de demostrar el amor de Dios.<\/p>\n<p>Los Centros de Apoyo\/Adoraci\u00f3n de la Fundaci\u00f3n Heightened Hearts, servir\u00e1n no s\u00f3lo como iglesia durante los Domingos y D\u00edas Santos, sino tambi\u00e9n como\u00a0 centros comunitarios en los que los miembros de la comunidad podr\u00e1n beneficiarse de una variedad de cursos educacionales y vocacionales, entrenamientos, talleres, eventos y conciertos.<\/p>\n<p>Naturalmente, los Centros de Ayuda de la Fundaci\u00f3n Heightened Hearts ser\u00e1n construidos en las comunidades m\u00e1s necesitadas alrededor del\u00a0 mundo &#8211; donde esta clase de servicios es urgente. Todas las personas, independientemente de su afiliaci\u00f3n o denominaci\u00f3n religiosa, ser\u00e1n bienvenidas para asistir a los diferentes entrenamientos en nuestros centros, que incluir\u00e1n clases en nuestras instalaciones locales as\u00ed como cursos de desarrollo espiritual en l\u00ednea. Tambi\u00e9n tenemos la intenci\u00f3n de implementar un programa de jard\u00edn de ni\u00f1os \/ preescolar, en el cual los ni\u00f1os peque\u00f1os (de 3 a 5 a\u00f1os) obtendr\u00e1n educaci\u00f3n para el \u00e1mbito social, cognoscitivo y espiritual; que les ayudar\u00e1 a tener un buen desarrollo en su etapa escolar.<\/p>\n<p>&nbsp;<\/p>\n<p>Cada semana, los Centros Global Relief de la Fundaci\u00f3n Heightened Hearts, tendr\u00e1n disponibles una variedad de entrenamientos de auto ayuda, clases y talleres educacionales, y entrenamientos vocacionales sin costo para los miembros de la comunidad. Nuestro principal objetivo es reclutar voluntarios que dar\u00e1n a la comunidad servicios de educaci\u00f3n y ayuda \u2013 cursos y clases que\u00a0 ayudar\u00e1n a garantizar que cada uno de nuestros miembros\u00a0 pueda vivir una vida completa, productiva y significativa; todo esto mediante la adquisici\u00f3n de habilidades que adem\u00e1s puedan ser transmitidas por ellos mismos a los miembros de las futuras generaciones. Los servicios b\u00e1sicos que inicialmente planeamos ofrecer a trav\u00e9s de los Centros Global Relief de la Fundaci\u00f3n Heightened Hearts incluyen:<\/p>\n<ul>\n<li>Cursos B\u00e1sicos de Computaci\u00f3n<\/li>\n<li>Cursos de Lectura \/ Alfabetizaci\u00f3n<\/li>\n<li>Cursos B\u00e1sicos de Costura<\/li>\n<li>Servicios de Dieta y Nutrici\u00f3n<\/li>\n<li>Cursos de Oratoria<\/li>\n<li>Capacitaci\u00f3n para el Trabajo<\/li>\n<li>Tutor\u00eda para j\u00f3venes<\/li>\n<li>Talleres de Escritura y Redacci\u00f3n<\/li>\n<li>Clases de M\u00fasica, Canto y Baile<\/li>\n<li>Cursos de Pintura y Dibujo\/Bosquejo<\/li>\n<li>Clases de Cer\u00e1mica<\/li>\n<li>Clases de M\u00fasica<\/li>\n<li>Talleres B\u00e1sicos de Dise\u00f1o de Modas<\/li>\n<li>Clases de Artes Marciales<\/li>\n<li>Y mucho m\u00e1s \u2026<\/li>\n<\/ul>\n<p>Nuestros Centros Globales ofrecer\u00e1n ayuda inmediata para el problema del hambre mediante nuestro banco de alimentos y servicios de comedor comunitario, que ayudar\u00e1n a asegurarnos que ning\u00fan miembro de la comunidad pase hambre y que cualquier persona que desee asistir obtenga el alimento necesario para sobrevivir. Tambi\u00e9n apoyaremos a los miembros distribuyendo prendas de vestir y ayud\u00e1ndoles a reparar sus lugares de residencia para lograr que est\u00e9n seguros y protegidos durante el verano e invierno, cuando las\u00a0 temperaturas pueden llegar a ser extremas.<\/p>\n<p>Finalmente, los Centros Global Relief de la Fundaci\u00f3n Heightened Hearts servir\u00e1n como sede central para los otros programas que tenemos intenci\u00f3n de ofrecer en las comunidades del mundo donde servimos, incluyendo programas de cajas con alimentos para los ciudadanos que por alg\u00fan motivo no pueden salir de sus hogares, para que sean distribuidas en las festividades importantes como Acci\u00f3n de Gracias y Navidad.<\/p>\n<p>Si deseas ayudar a hacer la diferencia mediante la donaci\u00f3n a nuestro programa \u00abCentro Global Relief\u00bb o como voluntario, s\u00f3lo haz clic en los enlaces a los formularios de donaciones y voluntariado, localizados en la parte de abajo. Aseg\u00farate de especificar el programa al que deseas que se realice tu donaci\u00f3n, escribi\u00e9ndolo en la secci\u00f3n de notas del formulario.<\/p>\n<p><a href=\"https:\/\/heightenedhearts.org\/es\/give\/donate-funds\/\" target=\"_blank\" rel=\"noopener\">\u00a1HAZ CLIC AQU\u00cd para donar ahora! <\/a><br \/>\n<a href=\"https:\/\/heightenedhearts.org\/es\/serve\/become-a-volunteer\/\" target=\"_blank\" rel=\"noopener\">\u00a1HAZ CLIC AQU\u00cd para convertirte en voluntario! <\/a><\/p>\n<p>Si prefieres donar de una manera m\u00e1s tradicional, simplemente env\u00eda una nota con tu cheque, indicando el destino o prop\u00f3sito de tu donaci\u00f3n o bien an\u00f3talo en la secci\u00f3n de \u201cnotas\u201d de tu cheque u orden de pago.<\/p>\n<p>Todos los cheques \/ donativos en efectivo deber\u00e1n ser elaborados a nombre de: \u201cHeightened Hearts Foundation\u201d \u00a0y enviarse a la siguiente direcci\u00f3n:<\/p>\n<p>Heightened Hearts Foundation Inc.<\/p>\n<p>1521 Alton Road, Suite 819<\/p>\n<p>Miami Beach, Florida 33139[\/vc_column_text][\/vc_column][\/vc_row]\n<\/div>","protected":false},"excerpt":{"rendered":"<p>[vc_row][vc_column][vc_single_image image=\u00bb14929&#8243;][\/vc_column][\/vc_row][vc_row css=\u00bb.vc_custom_1503311959568{padding-top: 20px !important;padding-bottom: 30px !important;}\u00bb][vc_column][vc_column_text]En el clima econ\u00f3mico actual, existen miles o quiz\u00e1 millones de personas alrededor del mundo que experimentan dificultades para ser autosuficientes. Algunos de los obst\u00e1culos a los que estas personas se enfrentan incluyen: Escasa&hellip;<\/p>\n","protected":false},"author":1,"featured_media":0,"parent":11159,"menu_order":0,"comment_status":"closed","ping_status":"closed","template":"","meta":{"footnotes":""},"class_list":["post-11187","page","type-page","status-publish","hentry","entry","no-media"],"_links":{"self":[{"href":"https:\/\/heightenedhearts.org\/es\/wp-json\/wp\/v2\/pages\/11187","targetHints":{"allow":["GET"]}}],"collection":[{"href":"https:\/\/heightenedhearts.org\/es\/wp-json\/wp\/v2\/pages"}],"about":[{"href":"https:\/\/heightenedhearts.org\/es\/wp-json\/wp\/v2\/types\/page"}],"author":[{"embeddable":true,"href":"https:\/\/heightenedhearts.org\/es\/wp-json\/wp\/v2\/users\/1"}],"replies":[{"embeddable":true,"href":"https:\/\/heightenedhearts.org\/es\/wp-json\/wp\/v2\/comments?post=11187"}],"version-history":[{"count":4,"href":"https:\/\/heightenedhearts.org\/es\/wp-json\/wp\/v2\/pages\/11187\/revisions"}],"predecessor-version":[{"id":14930,"href":"https:\/\/heightenedhearts.org\/es\/wp-json\/wp\/v2\/pages\/11187\/revisions\/14930"}],"up":[{"embeddable":true,"href":"https:\/\/heightenedhearts.org\/es\/wp-json\/wp\/v2\/pages\/11159"}],"wp:attachment":[{"href":"https:\/\/heightenedhearts.org\/es\/wp-json\/wp\/v2\/media?parent=11187"}],"curies":[{"name":"wp","href":"https:\/\/api.w.org\/{rel}","templated":true}]}}