{"id":11184,"date":"2015-07-24T10:26:07","date_gmt":"2015-07-24T10:26:07","guid":{"rendered":"http:\/\/heightenedhearts.org\/es\/programs\/teen-pregnancy-educational-program\/"},"modified":"2019-03-06T12:01:50","modified_gmt":"2019-03-06T12:01:50","slug":"teen-pregnancy-educational-program","status":"publish","type":"page","link":"https:\/\/heightenedhearts.org\/es\/programs\/teen-pregnancy-educational-program\/","title":{"rendered":"Programas Educativos de Embarazo en Adolescentes"},"content":{"rendered":"<div class=\"wpb-content-wrapper\">[vc_row][vc_column][vc_single_image image=\u00bb15389&#8243;][\/vc_column][\/vc_row][vc_row css=\u00bb.vc_custom_1503311753655{padding-top: 20px !important;padding-bottom: 30px !important;}\u00bb][vc_column][vc_column_text]El embarazo en adolescentes es un problema importante en los Estados Unidos, pero es mayor a\u00fan en otras partes del mundo. Para ayudar a abordar adecuadamente este problema que crece cada vez m\u00e1s, la Fundaci\u00f3n Heightened Hearts ha iniciado programas que comienzan en primer lugar con la educaci\u00f3n y la prevenci\u00f3n.<\/p>\n<p>D\u00e9cadas de investigaci\u00f3n han revelado que existen docenas de programas disponibles, que han demostrado su eficacia al ayudar a los j\u00f3venes a prevenir embarazos no planificados o no deseados. Basados en esta informaci\u00f3n, la Fundaci\u00f3n Heightened Hearts ha instituido un programa para la prevenci\u00f3n del embarazo en adolescentes \u2013 un programa que es esencialmente un conglomerado de programas probados, cada uno dise\u00f1ado para reducir la incidencia de embarazos en adolescentes y para ayudar a prevenir las enfermedades de transmisi\u00f3n sexual,\u00a0 incluyendo el VIH y el SIDA, que afectan a j\u00f3venes y adolescentes.<\/p>\n<p>En la mayor\u00eda de los casos, los problemas de embarazo en adolescentes y la maternidad son parte de un cuadro social mucho m\u00e1s amplio, que incluye una serie de factores sociales, econ\u00f3micos, culturales y psicol\u00f3gicos. Estos factores incluyen t\u00edpicamente pobreza dentro de la familia, problemas en la escuela, abandono y maltrato f\u00edsico o psicol\u00f3gico, y abuso sexual.<\/p>\n<p>Otro impulso que complica los esfuerzos del Programa Educativo de Embarazo en Adolescentes de la Fundaci\u00f3n Heightened Hearts es que los embarazos en adolescentes son causados \u200b\u200ba menudo por hombres adultos. Esto puede ser muy confuso, incluso traum\u00e1tico para las chicas j\u00f3venes, y como resultado, muchas de las afectadas a menudo sienten demasiada verg\u00fcenza para buscar atenci\u00f3n m\u00e9dica adecuada, por temor a que de alguna manera sean juzgadas por sus acciones o condici\u00f3n.<\/p>\n<p>Los Programas Educativos de Embarazo en Adolescentes de la Fundaci\u00f3n Heightened Hearts proveen a los j\u00f3venes informaci\u00f3n precisa y honesta sobre la abstinencia y la anticoncepci\u00f3n. Entre los muchos m\u00e9todos eficaces abordados por nuestro programa se encuentran los programas de educaci\u00f3n sexual en las escuelas; los programas comunitarios de prevenci\u00f3n del embarazo; y los programas basados \u200b\u200ben las cl\u00ednicas. En conjunto, estos programas de largo alcance son muy eficaces para llegar a una amplia variedad de audiencias, incluyendo adolescentes de todos los rangos de edades, a trav\u00e9s de muchos contextos y or\u00edgenes distintos, incluyendo a j\u00f3venes de minor\u00edas.<\/p>\n<p>El programa de \u00abPrevenci\u00f3n del Embarazo en Adolescentes\u00bb ofrece a los j\u00f3venes una variedad de herramientas y habilidades en las que pueden confiar para limitar el comportamiento sexual riesgoso. Los muchos temas que nuestros expertos voluntarios cubren, incluyen: \u00abc\u00f3mo tratar con y responder al sexo en los medios\u00bb; los m\u00e9todos anticonceptivos disponibles entre los que pueden elegir; enfermedades de transmisi\u00f3n sexual y sus causas; y los muchos recursos p\u00fablicos disponibles que se centran principalmente, si no exclusivamente, en la prevenci\u00f3n del embarazo en adolescentes.<\/p>\n<p>Si deseas ayudar a hacer la diferencia mediante la donaci\u00f3n a nuestro programa \u00abEducaci\u00f3n Acerca del Embarazo en Adolescentes \u00bb o como voluntario, s\u00f3lo haz clic en los enlaces a los formularios de donaciones y voluntariado, localizados en la parte de abajo. Aseg\u00farate de especificar el programa al que deseas que se realice tu donaci\u00f3n, escribi\u00e9ndolo en la secci\u00f3n de notas del formulario.<\/p>\n<p><a href=\"https:\/\/heightenedhearts.org\/es\/give\/donate-funds\/\" target=\"_blank\" rel=\"noopener\">\u00a1HAZ CLIC AQU\u00cd para donar ahora!<\/a><br \/>\n<a href=\"https:\/\/heightenedhearts.org\/eg\/serve\/become-a-volunteer\/\" target=\"_blank\" rel=\"noopener\">\u00a1HAZ CLIC AQU\u00cd para convertirte en voluntario!<\/a><\/p>\n<p>Si prefieres donar de una manera m\u00e1s tradicional, simplemente env\u00eda una nota con tu cheque, indicando el destino o prop\u00f3sito de tu donaci\u00f3n o bien an\u00f3talo en la secci\u00f3n de \u201cnotas\u201d de tu cheque u orden de pago.<\/p>\n<p>Todos los cheques \/ donativos en efectivo deber\u00e1n ser elaborados a nombre de: \u201cHeightened Hearts Foundation\u201d \u00a0y enviarse a la siguiente direcci\u00f3n:<\/p>\n<p>Heightened Hearts Foundation Inc.<\/p>\n<p>1521 Alton Road, Suite 819<\/p>\n<p>Miami Beach, Florida 33139[\/vc_column_text][\/vc_column][\/vc_row]\n<\/div>","protected":false},"excerpt":{"rendered":"<p>[vc_row][vc_column][vc_single_image image=\u00bb15389&#8243;][\/vc_column][\/vc_row][vc_row css=\u00bb.vc_custom_1503311753655{padding-top: 20px !important;padding-bottom: 30px !important;}\u00bb][vc_column][vc_column_text]El embarazo en adolescentes es un problema importante en los Estados Unidos, pero es mayor a\u00fan en otras partes del mundo. Para ayudar a abordar adecuadamente este problema que crece cada vez m\u00e1s, la&hellip;<\/p>\n","protected":false},"author":1,"featured_media":0,"parent":11159,"menu_order":0,"comment_status":"closed","ping_status":"closed","template":"","meta":{"footnotes":""},"class_list":["post-11184","page","type-page","status-publish","hentry","entry","no-media"],"_links":{"self":[{"href":"https:\/\/heightenedhearts.org\/es\/wp-json\/wp\/v2\/pages\/11184","targetHints":{"allow":["GET"]}}],"collection":[{"href":"https:\/\/heightenedhearts.org\/es\/wp-json\/wp\/v2\/pages"}],"about":[{"href":"https:\/\/heightenedhearts.org\/es\/wp-json\/wp\/v2\/types\/page"}],"author":[{"embeddable":true,"href":"https:\/\/heightenedhearts.org\/es\/wp-json\/wp\/v2\/users\/1"}],"replies":[{"embeddable":true,"href":"https:\/\/heightenedhearts.org\/es\/wp-json\/wp\/v2\/comments?post=11184"}],"version-history":[{"count":4,"href":"https:\/\/heightenedhearts.org\/es\/wp-json\/wp\/v2\/pages\/11184\/revisions"}],"predecessor-version":[{"id":13408,"href":"https:\/\/heightenedhearts.org\/es\/wp-json\/wp\/v2\/pages\/11184\/revisions\/13408"}],"up":[{"embeddable":true,"href":"https:\/\/heightenedhearts.org\/es\/wp-json\/wp\/v2\/pages\/11159"}],"wp:attachment":[{"href":"https:\/\/heightenedhearts.org\/es\/wp-json\/wp\/v2\/media?parent=11184"}],"curies":[{"name":"wp","href":"https:\/\/api.w.org\/{rel}","templated":true}]}}