{"id":11181,"date":"2015-07-24T10:19:17","date_gmt":"2015-07-24T10:19:17","guid":{"rendered":"http:\/\/heightenedhearts.org\/es\/programs\/spiritual-programs\/"},"modified":"2019-03-06T12:54:42","modified_gmt":"2019-03-06T12:54:42","slug":"spiritual-programs","status":"publish","type":"page","link":"https:\/\/heightenedhearts.org\/es\/programs\/spiritual-programs\/","title":{"rendered":"Programas Espirituales"},"content":{"rendered":"<div class=\"wpb-content-wrapper\">[vc_row][vc_column][vc_single_image image=\u00bb15441&#8243;][\/vc_column][\/vc_row][vc_row css=\u00bb.vc_custom_1503311651865{padding-top: 20px !important;padding-bottom: 30px !important;}\u00bb][vc_column][vc_column_text]La verdad del amor de Dios sirve como inspiraci\u00f3n para nuestro trabajo en la Fundaci\u00f3n Heightened Hearts y tambi\u00e9n como un constante recordatorio de por qu\u00e9 seguimos haciendo lo que hacemos. El apoyo financiero de nuestros donadores, as\u00ed como las oraciones y asociaciones con personas como t\u00fa, permite a la Fundaci\u00f3n Heightened Hearts abordar relaciones rotas; y relaciones con Dios, con nosotros mismos y la creaci\u00f3n.<\/p>\n<p>Los programas espirituales de Heightened Hearts proporcionan una oportunidad para el crecimiento personal y la transformaci\u00f3n espiritual. Estos programas tienden a centrarse en una historia en particular o un tema de la Biblia, con oportunidades para la comprensi\u00f3n y reflexi\u00f3n sobre sus aplicaciones concretas a la vida.<\/p>\n<p>La Fundaci\u00f3n Heightened Hearts ofrece una variedad de programas dise\u00f1ados para ayudar a las personas en la aplicaci\u00f3n de las ense\u00f1anzas de Dios en su vida cotidiana; nuestros programas espirituales guiar\u00e1n a los participantes a convertirse en seres humanos m\u00e1s espiritualmente evolucionados, personas que est\u00e9n dispuestas a poner su fe en acci\u00f3n.<\/p>\n<p>Los programas espirituales de la Fundaci\u00f3n Heightened Hearts apoyan no s\u00f3lo la profundidad espiritual de la persona, sino que tambi\u00e9n apoyan a crear una creciente compasi\u00f3n por los dem\u00e1s participantes y los que est\u00e1n fuera del programa, lo que les permite una mejor conexi\u00f3n con el mundo que les rodea y la creaci\u00f3n de un entorno en el que las personas son, no s\u00f3lo llamadas a actuar en el mundo, pero en realidad tienen ganas de hacerlo.<\/p>\n<p>Si deseas ayudar a hacer la diferencia mediante la donaci\u00f3n a nuestro programa \u00abProgramas Espirituales\u00bb o como voluntario, s\u00f3lo haz clic en los enlaces a los formularios de donaciones y voluntariado, localizados en la parte de abajo. Aseg\u00farate de especificar el programa al que deseas que se realice tu donaci\u00f3n, escribi\u00e9ndolo en la secci\u00f3n de notas del formulario.<\/p>\n<p><a href=\"https:\/\/heightenedhearts.org\/es\/give\/donate-funds\/\" target=\"_blank\" rel=\"noopener\">\u00a1HAZ CLIC AQU\u00cd para donar ahora!<\/a><br \/>\n<a href=\"https:\/\/heightenedhearts.org\/es\/serve\/become-a-volunteer\/\" target=\"_blank\" rel=\"noopener\">\u00a1HAZ CLIC AQU\u00cd para convertirte en voluntario!<\/a><\/p>\n<p>Si prefieres donar de una manera m\u00e1s tradicional, simplemente env\u00eda una nota con tu cheque, indicando el destino o prop\u00f3sito de tu donaci\u00f3n o bien an\u00f3talo en la secci\u00f3n de \u201cnotas\u201d de tu cheque u orden de pago.<\/p>\n<p>Todos los cheques \/ donativos en efectivo deber\u00e1n ser elaborados a nombre de: \u201cHeightened Hearts Foundation\u201d \u00a0y enviarse a la siguiente direcci\u00f3n:<\/p>\n<p>Heightened Hearts Foundation Inc.<\/p>\n<p>1521 Alton Road, Suite 819<\/p>\n<p>Miami Beach, Florida 33139[\/vc_column_text][\/vc_column][\/vc_row]\n<\/div>","protected":false},"excerpt":{"rendered":"<p>[vc_row][vc_column][vc_single_image image=\u00bb15441&#8243;][\/vc_column][\/vc_row][vc_row css=\u00bb.vc_custom_1503311651865{padding-top: 20px !important;padding-bottom: 30px !important;}\u00bb][vc_column][vc_column_text]La verdad del amor de Dios sirve como inspiraci\u00f3n para nuestro trabajo en la Fundaci\u00f3n Heightened Hearts y tambi\u00e9n como un constante recordatorio de por qu\u00e9 seguimos haciendo lo que hacemos. El apoyo financiero&hellip;<\/p>\n","protected":false},"author":1,"featured_media":0,"parent":11159,"menu_order":0,"comment_status":"closed","ping_status":"closed","template":"","meta":{"footnotes":""},"class_list":["post-11181","page","type-page","status-publish","hentry","entry","no-media"],"_links":{"self":[{"href":"https:\/\/heightenedhearts.org\/es\/wp-json\/wp\/v2\/pages\/11181","targetHints":{"allow":["GET"]}}],"collection":[{"href":"https:\/\/heightenedhearts.org\/es\/wp-json\/wp\/v2\/pages"}],"about":[{"href":"https:\/\/heightenedhearts.org\/es\/wp-json\/wp\/v2\/types\/page"}],"author":[{"embeddable":true,"href":"https:\/\/heightenedhearts.org\/es\/wp-json\/wp\/v2\/users\/1"}],"replies":[{"embeddable":true,"href":"https:\/\/heightenedhearts.org\/es\/wp-json\/wp\/v2\/comments?post=11181"}],"version-history":[{"count":4,"href":"https:\/\/heightenedhearts.org\/es\/wp-json\/wp\/v2\/pages\/11181\/revisions"}],"predecessor-version":[{"id":15478,"href":"https:\/\/heightenedhearts.org\/es\/wp-json\/wp\/v2\/pages\/11181\/revisions\/15478"}],"up":[{"embeddable":true,"href":"https:\/\/heightenedhearts.org\/es\/wp-json\/wp\/v2\/pages\/11159"}],"wp:attachment":[{"href":"https:\/\/heightenedhearts.org\/es\/wp-json\/wp\/v2\/media?parent=11181"}],"curies":[{"name":"wp","href":"https:\/\/api.w.org\/{rel}","templated":true}]}}