{"id":11178,"date":"2015-07-24T10:14:53","date_gmt":"2015-07-24T10:14:53","guid":{"rendered":"http:\/\/heightenedhearts.org\/es\/programs\/go-to-school-basket-childrens-program\/"},"modified":"2019-03-06T12:53:14","modified_gmt":"2019-03-06T12:53:14","slug":"go-to-school-basket-childrens-program","status":"publish","type":"page","link":"https:\/\/heightenedhearts.org\/es\/programs\/go-to-school-basket-childrens-program\/","title":{"rendered":"Canastas de Regreso a Clases"},"content":{"rendered":"<div class=\"wpb-content-wrapper\">[vc_row][vc_column][vc_single_image image=\u00bb15440&#8243;][\/vc_column][\/vc_row][vc_row css=\u00bb.vc_custom_1503310843997{padding-top: 20px !important;padding-bottom: 30px !important;}\u00bb][vc_column][vc_column_text]La Fundaci\u00f3n Heightened Hearts tiene como objetivo proporcionar canastas de \u00abRegreso a Clases \u00bb a los ni\u00f1os, en algunas de las regiones m\u00e1s afectadas por la pobreza en el mundo. Estas canastas, contendr\u00e1n todos los suministros b\u00e1sicos de aprendizaje que los estudiantes necesitan para tener \u00e9xito y ayudar\u00e1n a los j\u00f3venes desfavorecidos dondequiera que se encuentren, incluso aqu\u00ed en los Estados Unidos.<\/p>\n<p>Nuestro programa propuesto de Canastas de \u00abRegreso a Clases \u00bb asegura que los ni\u00f1os cuenten con todas las herramientas necesarias para tener \u00e9xito en la escuela, y como resultado, la confianza en s\u00ed mismos que viene de una educaci\u00f3n de calidad. Nuestras canastas de \u00abRegreso a Clases\u00bb contendr\u00e1n diferentes art\u00edculos, incluyendo:<\/p>\n<ul>\n<li><strong>Mochila<\/strong><\/li>\n<li><strong>Cuadernos \/ Papel<\/strong><\/li>\n<li><strong>Plumas<\/strong><\/li>\n<li><strong>L\u00e1pices<\/strong><\/li>\n<li><strong>Rotuladores<\/strong><\/li>\n<li><strong>Reglas<\/strong><\/li>\n<li><strong>Calculadoras<\/strong><\/li>\n<li><strong>Diccionarios<\/strong><\/li>\n<li><strong>Folders y Carpetas<\/strong><\/li>\n<li><strong>Y mucho, mucho m\u00e1s\u2026<\/strong><\/li>\n<\/ul>\n<p>Por supuesto, la composici\u00f3n exacta de nuestras canastas de \u00abRegreso a Clases \u00bb depender\u00e1 en gran medida de las generosas donaciones que recibamos de nuestros socios, p\u00fablicos y privados. Si deseas ayudar a hacer la diferencia mediante la donaci\u00f3n a nuestro programa \u00abCanastas de Regreso a Clases para Ni\u00f1os \u00bb o como voluntario, s\u00f3lo haz clic en los enlaces a los formularios de donaciones y voluntariado, localizados en la parte de abajo. Aseg\u00farate de especificar el programa al que deseas que se realice tu donaci\u00f3n, escribi\u00e9ndolo en la secci\u00f3n de notas del formulario.<\/p>\n<p><a href=\"https:\/\/heightenedhearts.org\/es\/give\/donate-funds\/\" target=\"_blank\" rel=\"noopener\">\u00a1HAZ CLIC AQU\u00cd para donar ahora!<\/a><br \/>\n<a href=\"https:\/\/heightenedhearts.org\/es\/serve\/become-a-volunteer\/\" target=\"_blank\" rel=\"noopener\">\u00a1HAZ CLIC AQU\u00cd para convertirte en voluntario!<\/a><\/p>\n<p>Si prefieres donar de una manera m\u00e1s tradicional, simplemente env\u00eda una nota con tu cheque, indicando el destino o prop\u00f3sito de tu donaci\u00f3n o bien an\u00f3talo en la secci\u00f3n de \u201cnotas\u201d de tu cheque u orden de pago.<\/p>\n<p>Todos los cheques \/ donativos en efectivo deber\u00e1n ser elaborados a nombre de: \u201cHeightened Hearts Foundation\u201d \u00a0y enviarse a la siguiente direcci\u00f3n:<\/p>\n<p>Heightened Hearts Foundation Inc.<\/p>\n<p>1521 Alton Road, Suite 819<\/p>\n<p>Miami Beach, Florida 33139<\/p>\n[\/vc_column_text][\/vc_column][\/vc_row]\n<\/div>","protected":false},"excerpt":{"rendered":"<p>[vc_row][vc_column][vc_single_image image=\u00bb15440&#8243;][\/vc_column][\/vc_row][vc_row css=\u00bb.vc_custom_1503310843997{padding-top: 20px !important;padding-bottom: 30px !important;}\u00bb][vc_column][vc_column_text]La Fundaci\u00f3n Heightened Hearts tiene como objetivo proporcionar canastas de \u00abRegreso a Clases \u00bb a los ni\u00f1os, en algunas de las regiones m\u00e1s afectadas por la pobreza en el mundo. Estas canastas, contendr\u00e1n todos&hellip;<\/p>\n","protected":false},"author":1,"featured_media":0,"parent":11159,"menu_order":0,"comment_status":"closed","ping_status":"closed","template":"","meta":{"footnotes":""},"class_list":["post-11178","page","type-page","status-publish","hentry","entry","no-media"],"_links":{"self":[{"href":"https:\/\/heightenedhearts.org\/es\/wp-json\/wp\/v2\/pages\/11178","targetHints":{"allow":["GET"]}}],"collection":[{"href":"https:\/\/heightenedhearts.org\/es\/wp-json\/wp\/v2\/pages"}],"about":[{"href":"https:\/\/heightenedhearts.org\/es\/wp-json\/wp\/v2\/types\/page"}],"author":[{"embeddable":true,"href":"https:\/\/heightenedhearts.org\/es\/wp-json\/wp\/v2\/users\/1"}],"replies":[{"embeddable":true,"href":"https:\/\/heightenedhearts.org\/es\/wp-json\/wp\/v2\/comments?post=11178"}],"version-history":[{"count":4,"href":"https:\/\/heightenedhearts.org\/es\/wp-json\/wp\/v2\/pages\/11178\/revisions"}],"predecessor-version":[{"id":13404,"href":"https:\/\/heightenedhearts.org\/es\/wp-json\/wp\/v2\/pages\/11178\/revisions\/13404"}],"up":[{"embeddable":true,"href":"https:\/\/heightenedhearts.org\/es\/wp-json\/wp\/v2\/pages\/11159"}],"wp:attachment":[{"href":"https:\/\/heightenedhearts.org\/es\/wp-json\/wp\/v2\/media?parent=11178"}],"curies":[{"name":"wp","href":"https:\/\/api.w.org\/{rel}","templated":true}]}}