{"id":11172,"date":"2015-07-24T10:03:13","date_gmt":"2015-07-24T10:03:13","guid":{"rendered":"http:\/\/heightenedhearts.org\/es\/programs\/food-box-program\/"},"modified":"2019-03-06T12:51:48","modified_gmt":"2019-03-06T12:51:48","slug":"food-box-program","status":"publish","type":"page","link":"https:\/\/heightenedhearts.org\/es\/programs\/food-box-program\/","title":{"rendered":"Programa Cajas de Alimentos"},"content":{"rendered":"<div class=\"wpb-content-wrapper\">[vc_row][vc_column][vc_single_image image=\u00bb15439&#8243;][\/vc_column][\/vc_row][vc_row css=\u00bb.vc_custom_1503309598507{padding-top: 20px !important;padding-bottom: 30px !important;}\u00bb][vc_column][vc_column_text]El programa de la Fundaci\u00f3n Heightened Hearts \u00abCajas de Alimentos \u00bb ha sido dise\u00f1ado para ofrecer sustento y alimento a las personas m\u00e1s pobres del mundo que constantemente se enfrentan a problemas como el hambre, e incluso la inanici\u00f3n en los peores casos.<\/p>\n<p>En la Fundaci\u00f3n Heightened Hearts, nuestro equipo de personal y los comprometidos voluntarios trabajan sin descanso para educar a miles de personas cada a\u00f1o en el tema del hambre y los problemas que esta crea, con el objetivo final de inspirar a que se unan a nosotros en nuestra lucha para eliminarla.<\/p>\n<p>Para explicar nuestro programa \u00abCajas de Alimentos \u00bb en los t\u00e9rminos m\u00e1s simples, la Fundaci\u00f3n Heightened Hearts realiza una recolecci\u00f3n de alimentos de los que los tienen, y los distribuye a los que m\u00e1s los necesitan. Los voluntarios que nuestra organizaci\u00f3n recluta activamente, nos ayudan a empacar y entregar esos vitales alimentos a aquellos\u00a0 que se encuentran en las situaciones m\u00e1s desesperadas. La Fundaci\u00f3n Heightened Hearts recoge y entrega alimentos a las personas de todo el mundo, lo que garantiza que las personas hambrientas de todos los pa\u00edses a los que servimos puedan beneficiarse de nuestros esfuerzos.<\/p>\n<p>En Florida, donde la Fundaci\u00f3n Heightened Hearts mantiene su sede, hemos establecido programas locales de empaque de alimentos; lo que nos permite utilizar ingredientes locales, as\u00ed como voluntarios locales y un canal de distribuci\u00f3n local, para entregar los alimentos de la manera m\u00e1s eficiente y efectiva.<\/p>\n<p>Durante los d\u00edas festivos, la Fundaci\u00f3n Heightened Hearts ofrece un enfoque de dos v\u00edas para la entrega de alimentos. En primer lugar, se organizan comedores comunitarios durante todos los d\u00edas festivos importantes de invierno, un sistema local que es posible gracias a las donaciones hechas por la comunidad, y tambi\u00e9n gracias a su participaci\u00f3n. Adem\u00e1s, recogemos alimentos para crear \u00abCajas Festivas de Alimentos\u00bb, que distribuimos durante Acci\u00f3n de Gracias y Navidad, para las personas desfavorecidas a nivel local que carecen de la capacidad f\u00edsica o el transporte para visitar nuestros comedores comunitarios. De la misma manera que los alimentos ofrecidos a trav\u00e9s de nuestro programa de comedores comunitarios, las cajas festivas de comida contienen todos los alimentos b\u00e1sicos para una comida tradicional de celebraci\u00f3n, y est\u00e1n centradas en alimentos que contienen todas las vitaminas, minerales y nutrientes esenciales para mantener una nutrici\u00f3n adecuada.<\/p>\n<p>A trav\u00e9s de nuestros programas locales e internacionales de cajas de alimentos, as\u00ed como nuestros comedores comunitarios y cajas de alimentos durante los d\u00edas festivos, la Fundaci\u00f3n Heightened Hearts mantiene una presencia local e internacional positiva, mientras que al mismo tiempo satisface las necesidades nutricionales de no cientos, si no miles, de personas que viven en o por debajo de la l\u00ednea de pobreza.<\/p>\n<p>Si deseas ayudar a hacer la diferencia mediante la donaci\u00f3n a nuestro programa \u00abCajas de Alimentos\u00bb o como voluntario, s\u00f3lo haz clic en los enlaces a los formularios de donaciones y voluntariado, localizados en la parte de abajo. Aseg\u00farate de especificar el programa al que deseas que se realice tu donaci\u00f3n, escribi\u00e9ndolo en la secci\u00f3n de notas del formulario.<\/p>\n<p><span class=\"button_visual\"><a href=\"https:\/\/heightenedhearts.org\/es\/give\/donate-funds\/\" target=\"_blank\" rel=\"noopener\">\u00a1HAZ CLIC AQU\u00cd para donar ahora!<\/a><\/span><br \/>\n<span class=\"button_visual\"><a href=\"https:\/\/heightenedhearts.org\/es\/serve\/become-a-volunteer\/\" target=\"_blank\" rel=\"noopener\">\u00a1HAZ CLIC AQU\u00cd para convertirte en voluntario!<\/a><\/span><\/p>\n<div data-canvas-width=\"495.25823308995564\">\n<p>Si prefieres donar de una manera m\u00e1s tradicional, simplemente env\u00eda una nota con tu cheque, indicando el destino o prop\u00f3sito de tu donaci\u00f3n o bien an\u00f3talo en la secci\u00f3n de \u201cnotas\u201d de tu cheque u orden de pago.<\/p>\n<p>Todos los cheques \/ donativos en efectivo deber\u00e1n ser elaborados a nombre de: \u201cHeightened Hearts Foundation\u201d y enviarse a la siguiente direcci\u00f3n:<\/p>\n<p>Heightened Hearts Foundation Inc.<\/p>\n<p>1521 Alton Road, Suite 819<\/p>\n<p>Miami Beach, Florida 33139<\/p>\n<\/div>\n<div data-canvas-width=\"495.25823308995564\"><\/div>\n[\/vc_column_text][\/vc_column][\/vc_row]\n<\/div>","protected":false},"excerpt":{"rendered":"<p>[vc_row][vc_column][vc_single_image image=\u00bb15439&#8243;][\/vc_column][\/vc_row][vc_row css=\u00bb.vc_custom_1503309598507{padding-top: 20px !important;padding-bottom: 30px !important;}\u00bb][vc_column][vc_column_text]El programa de la Fundaci\u00f3n Heightened Hearts \u00abCajas de Alimentos \u00bb ha sido dise\u00f1ado para ofrecer sustento y alimento a las personas m\u00e1s pobres del mundo que constantemente se enfrentan a problemas como el&hellip;<\/p>\n","protected":false},"author":1,"featured_media":0,"parent":11159,"menu_order":0,"comment_status":"closed","ping_status":"closed","template":"","meta":{"footnotes":""},"class_list":["post-11172","page","type-page","status-publish","hentry","entry","no-media"],"_links":{"self":[{"href":"https:\/\/heightenedhearts.org\/es\/wp-json\/wp\/v2\/pages\/11172","targetHints":{"allow":["GET"]}}],"collection":[{"href":"https:\/\/heightenedhearts.org\/es\/wp-json\/wp\/v2\/pages"}],"about":[{"href":"https:\/\/heightenedhearts.org\/es\/wp-json\/wp\/v2\/types\/page"}],"author":[{"embeddable":true,"href":"https:\/\/heightenedhearts.org\/es\/wp-json\/wp\/v2\/users\/1"}],"replies":[{"embeddable":true,"href":"https:\/\/heightenedhearts.org\/es\/wp-json\/wp\/v2\/comments?post=11172"}],"version-history":[{"count":5,"href":"https:\/\/heightenedhearts.org\/es\/wp-json\/wp\/v2\/pages\/11172\/revisions"}],"predecessor-version":[{"id":15476,"href":"https:\/\/heightenedhearts.org\/es\/wp-json\/wp\/v2\/pages\/11172\/revisions\/15476"}],"up":[{"embeddable":true,"href":"https:\/\/heightenedhearts.org\/es\/wp-json\/wp\/v2\/pages\/11159"}],"wp:attachment":[{"href":"https:\/\/heightenedhearts.org\/es\/wp-json\/wp\/v2\/media?parent=11172"}],"curies":[{"name":"wp","href":"https:\/\/api.w.org\/{rel}","templated":true}]}}