{"id":11159,"date":"2015-07-21T11:35:34","date_gmt":"2015-07-21T11:35:34","guid":{"rendered":"http:\/\/heightenedhearts.org\/es\/programs\/"},"modified":"2025-04-03T10:18:44","modified_gmt":"2025-04-03T10:18:44","slug":"programs","status":"publish","type":"page","link":"https:\/\/heightenedhearts.org\/es\/programs\/","title":{"rendered":"Programas"},"content":{"rendered":"<div class=\"wpb-content-wrapper\">[vc_row][vc_column][vc_single_image image=\u00bb15438&#8243;][\/vc_column][\/vc_row][vc_row css=\u00bb.vc_custom_1503307273671{padding-top: 20px !important;padding-bottom: 30px !important;}\u00bb][vc_column][vc_column_text]La Fundaci\u00f3n Heightened Hearts es una organizaci\u00f3n ben\u00e9fica, sin fines de lucro, que est\u00e1 absolutamente dedicada a ayudar a los ciudadanos m\u00e1s pobres y marginados del mundo. Con base en Miami Beach, Florida; los fundadores de la Fundaci\u00f3n Heightened Hearts han visto como la que la pobreza, el hambre y la falta de oportunidades pueden impactar negativamente a una sociedad y a su gente, es por ello que est\u00e1n tan comprometidos con poner fin al sufrimiento que enfrentan estas personas, dondequiera que pueda llegar a ocurrir, tanto en los Estados Unidos como en el resto del mundo.<\/p>\n<p>Entonces, \u00bfqu\u00e9 tipo de programas ofrece la Fundaci\u00f3n Heightened Hearts en su constante y permanente b\u00fasqueda para ayudar a los pobres del mundo? A continuaci\u00f3n encontrar\u00e1s \u00a0s\u00f3lo una peque\u00f1a muestra de los programas actuales de la organizaci\u00f3n y aquellos que planea ofrecer, en un futuro pr\u00f3ximo.[\/vc_column_text][\/vc_column][\/vc_row][vc_row column_spacing=\u00bb10&#8243; css=\u00bb.vc_custom_1507725289795{padding-bottom: 30px !important;}\u00bb el_class=\u00bbprograms\u00bb][vc_column][vc_column_text]\n<div class=\"six-way-heading\">\n<h1><span class=\"hh-heading\">Our Programs<\/span><\/h1>\n<\/div>\n[\/vc_column_text][vc_empty_space height=\u00bb30px\u00bb][vc_row_inner css=\u00bb.vc_custom_1507725159372{padding-top: 30px !important;}\u00bb][vc_column_inner width=\u00bb1\/3&#8243;][vc_single_image image=\u00bb12743&#8243; onclick=\u00bbcustom_link\u00bb link=\u00bbhttps:\/\/heightenedhearts.org\/es\/programs\/food-box-program\/\u00bb][\/vc_column_inner][vc_column_inner width=\u00bb2\/3&#8243;][vc_custom_heading text=\u00bbPROGRAMA CAJAS DE ALIMENTOS\u00bb font_container=\u00bbtag:h4|text_align:left|color:%2300b3d4&#8243; use_theme_fonts=\u00bbyes\u00bb el_class=\u00bbfw-400&#8243; link=\u00bburl:http%3A%2F%2Fheightenedhearts-org.preview-domain.com%2Fes%2Fprograms%2Ffood-box-program%2F|||\u00bb][vc_column_text css=\u00bb.vc_custom_1504007241984{padding-right: 10px !important;padding-left: 10px !important;}\u00bb]El programa de la Fundaci\u00f3n Heightened Hearts \u00abCajas de Alimentos \u00bb ha sido dise\u00f1ado para ofrecer sustento y alimento a las personas m\u00e1s pobres del mundo que constantemente se enfrentan a problemas como el hambre, e incluso la inanici\u00f3n en los peores casos[\/vc_column_text][\/vc_column_inner][\/vc_row_inner][vc_row_inner css=\u00bb.vc_custom_1507725140620{padding-top: 30px !important;}\u00bb][vc_column_inner width=\u00bb1\/3&#8243;][vc_single_image image=\u00bb12747&#8243; onclick=\u00bbcustom_link\u00bb link=\u00bbhttps:\/\/heightenedhearts.org\/es\/programs\/go-to-school-basket-childrens-program\/\u00bb][\/vc_column_inner][vc_column_inner width=\u00bb2\/3&#8243;][vc_custom_heading text=\u00bbCANASTAS DE REGRESO A CLASES\u00bb font_container=\u00bbtag:h4|text_align:left|color:%2300b3d4&#8243; use_theme_fonts=\u00bbyes\u00bb el_class=\u00bbfw-400&#8243; link=\u00bburl:http%3A%2F%2Fheightenedhearts-org.preview-domain.com%2Fes%2Fprograms%2Fgo-to-school-basket-childrens-program%2F|||\u00bb][vc_column_text css=\u00bb.vc_custom_1504007370539{padding-right: 10px !important;padding-left: 10px !important;}\u00bb]La Fundaci\u00f3n Heightened Hearts tiene como objetivo proporcionar canastas de \u00abRegreso a Clases \u00bb a los ni\u00f1os, en algunas de las regiones m\u00e1s afectadas por la pobreza en el mundo. Estas canastas, contendr\u00e1n todos los suministros b\u00e1sicos de aprendizaje que los estudiantes necesitan para tener \u00e9xito y ayudar\u00e1n a los j\u00f3venes desfavorecidos dondequiera que se encuentren, incluso aqu\u00ed en los Estados Unidos.[\/vc_column_text][\/vc_column_inner][\/vc_row_inner][vc_row_inner css=\u00bb.vc_custom_1503308223896{padding-top: 30px !important;}\u00bb][vc_column_inner width=\u00bb1\/3&#8243;][vc_single_image image=\u00bb12749&#8243; onclick=\u00bbcustom_link\u00bb link=\u00bbhttps:\/\/heightenedhearts.org\/es\/programs\/spiritual-programs\/\u00bb][\/vc_column_inner][vc_column_inner width=\u00bb2\/3&#8243;][vc_custom_heading text=\u00bbPROGRAMAS ESPIRITUALES\u00bb font_container=\u00bbtag:h4|text_align:left|color:%2300b3d4&#8243; use_theme_fonts=\u00bbyes\u00bb el_class=\u00bbfw-400&#8243; link=\u00bburl:http%3A%2F%2Fheightenedhearts-org.preview-domain.com%2Fes%2Fprograms%2Fspiritual-programs%2F|||\u00bb][vc_column_text css=\u00bb.vc_custom_1504007426645{padding-right: 10px !important;padding-left: 10px !important;}\u00bb]La verdad del amor de Dios sirve como inspiraci\u00f3n para nuestro trabajo en la Fundaci\u00f3n Heightened Hearts y tambi\u00e9n como un constante recordatorio de por qu\u00e9 seguimos haciendo lo que hacemos.[\/vc_column_text][\/vc_column_inner][\/vc_row_inner][vc_row_inner css=\u00bb.vc_custom_1503308223896{padding-top: 30px !important;}\u00bb][vc_column_inner width=\u00bb1\/3&#8243;][vc_single_image image=\u00bb12750&#8243; onclick=\u00bbcustom_link\u00bb link=\u00bbhttps:\/\/heightenedhearts.org\/es\/programs\/teen-pregnancy-educational-program\/\u00bb][\/vc_column_inner][vc_column_inner width=\u00bb2\/3&#8243;][vc_custom_heading text=\u00bbPROGRAMAS EDUCATIVOS DE EMBARAZO EN ADOLESCENTES\u00bb font_container=\u00bbtag:h4|text_align:left|color:%2300b3d4&#8243; use_theme_fonts=\u00bbyes\u00bb el_class=\u00bbfw-400&#8243; link=\u00bburl:http%3A%2F%2Fheightenedhearts-org.preview-domain.com%2Fes%2Fprograms%2Fteen-pregnancy-educational-program%2F|||\u00bb][vc_column_text css=\u00bb.vc_custom_1504007436951{padding-right: 10px !important;padding-left: 10px !important;}\u00bb]El embarazo en adolescentes es un problema importante en los Estados Unidos, pero es mayor a\u00fan en otras partes del mundo.[\/vc_column_text][\/vc_column_inner][\/vc_row_inner][vc_row_inner css=\u00bb.vc_custom_1503308223896{padding-top: 30px !important;}\u00bb][vc_column_inner width=\u00bb1\/3&#8243;][vc_single_image image=\u00bb12751&#8243; onclick=\u00bbcustom_link\u00bb link=\u00bbhttps:\/\/heightenedhearts.org\/es\/programs\/global-relief-centers-program\/\u00bb][\/vc_column_inner][vc_column_inner width=\u00bb2\/3&#8243;][vc_custom_heading text=\u00bbPROGRAMA CENTROS DE APOYO\u00bb font_container=\u00bbtag:h4|text_align:left|color:%2300b3d4&#8243; use_theme_fonts=\u00bbyes\u00bb el_class=\u00bbfw-400&#8243; link=\u00bburl:http%3A%2F%2Fheightenedhearts-org.preview-domain.com%2Fes%2Fprograms%2Fglobal-relief-centers-program%2F|||\u00bb][vc_column_text css=\u00bb.vc_custom_1504007522904{padding-right: 10px !important;padding-left: 10px !important;}\u00bb]En el clima econ\u00f3mico actual, existen miles o quiz\u00e1 millones de personas alrededor del mundo que experimentan dificultades para ser autosuficientes.[\/vc_column_text][\/vc_column_inner][\/vc_row_inner][\/vc_column][\/vc_row]\n<\/div>","protected":false},"excerpt":{"rendered":"<p>[vc_row][vc_column][vc_single_image image=\u00bb15438&#8243;][\/vc_column][\/vc_row][vc_row css=\u00bb.vc_custom_1503307273671{padding-top: 20px !important;padding-bottom: 30px !important;}\u00bb][vc_column][vc_column_text]La Fundaci\u00f3n Heightened Hearts es una organizaci\u00f3n ben\u00e9fica, sin fines de lucro, que est\u00e1 absolutamente dedicada a ayudar a los ciudadanos m\u00e1s pobres y marginados del mundo. Con base en Miami Beach, Florida; los&hellip;<\/p>\n","protected":false},"author":1,"featured_media":0,"parent":0,"menu_order":0,"comment_status":"closed","ping_status":"closed","template":"","meta":{"footnotes":""},"class_list":["post-11159","page","type-page","status-publish","hentry","entry","no-media"],"_links":{"self":[{"href":"https:\/\/heightenedhearts.org\/es\/wp-json\/wp\/v2\/pages\/11159","targetHints":{"allow":["GET"]}}],"collection":[{"href":"https:\/\/heightenedhearts.org\/es\/wp-json\/wp\/v2\/pages"}],"about":[{"href":"https:\/\/heightenedhearts.org\/es\/wp-json\/wp\/v2\/types\/page"}],"author":[{"embeddable":true,"href":"https:\/\/heightenedhearts.org\/es\/wp-json\/wp\/v2\/users\/1"}],"replies":[{"embeddable":true,"href":"https:\/\/heightenedhearts.org\/es\/wp-json\/wp\/v2\/comments?post=11159"}],"version-history":[{"count":10,"href":"https:\/\/heightenedhearts.org\/es\/wp-json\/wp\/v2\/pages\/11159\/revisions"}],"predecessor-version":[{"id":40745,"href":"https:\/\/heightenedhearts.org\/es\/wp-json\/wp\/v2\/pages\/11159\/revisions\/40745"}],"wp:attachment":[{"href":"https:\/\/heightenedhearts.org\/es\/wp-json\/wp\/v2\/media?parent=11159"}],"curies":[{"name":"wp","href":"https:\/\/api.w.org\/{rel}","templated":true}]}}