{"id":11138,"date":"2015-08-11T07:26:17","date_gmt":"2015-08-11T07:26:17","guid":{"rendered":"http:\/\/heightenedhearts.org\/es\/serve\/how-to-get-involved\/"},"modified":"2019-03-06T12:48:15","modified_gmt":"2019-03-06T12:48:15","slug":"how-to-get-involved","status":"publish","type":"page","link":"https:\/\/heightenedhearts.org\/es\/serve\/how-to-get-involved\/","title":{"rendered":"C\u00f3mo Puedes Ayudar"},"content":{"rendered":"<div class=\"wpb-content-wrapper\">[vc_row][vc_column][vc_single_image image=\u00bb15442&#8243; alignment=\u00bbcenter\u00bb][\/vc_column][\/vc_row][vc_row css=\u00bb.vc_custom_1503292657381{padding-top: 20px !important;padding-bottom: 30px !important;}\u00bb][vc_column][vc_custom_heading text=\u00bbC\u00d3MO INVOLUCRARSE EN LA FUNDACI\u00d3N HEIGHTENED HEARTS\u00bb font_container=\u00bbtag:h4|text_align:left|color:%23333333&#8243; use_theme_fonts=\u00bbyes\u00bb el_class=\u00bbfw-400&#8243;][vc_column_text]\n<div class=\"main-serve-contents\">\n<p>Los servicios prestados por la Fundaci\u00f3n Heightened Hearts tocan la vida de cientos de personas cada a\u00f1o, d\u00e1ndoles la esperanza y la fuerza necesaria para continuar, y llevar una vida productiva y significativa. Sin embargo, con el fin de alcanzar nuestras altas metas, necesitamos desesperadamente de tu ayuda.<br \/>\nExisten varias maneras de involucrarse en los esfuerzos de caridad de la Fundaci\u00f3n Heightened Hearts: T\u00fa puedes apoyar el trabajo de nuestro grupo a trav\u00e9s de donaciones de caridad, puedes ofrecer tu tiempo como voluntario, crear tu propia recaudaci\u00f3n de fondos o explorar el mundo con nuestro programa filantro-viajes.<\/p>\n<\/div>\n[\/vc_column_text][\/vc_column][\/vc_row][vc_row css=\u00bb.vc_custom_1503292942831{padding-bottom: 30px !important;}\u00bb][vc_column][vc_column_text]\n<div class=\"six-way-heading\">\n<h1><span class=\"hh-heading\">Ways To Get Involved <\/span><\/h1>\n<\/div>\n[\/vc_column_text][vc_empty_space height=\u00bb60px\u00bb][vc_row_inner el_class=\u00bbblog-img serve\u00bb][vc_column_inner width=\u00bb1\/2&#8243;][vc_single_image image=\u00bb12681&#8243; onclick=\u00bbcustom_link\u00bb link=\u00bbhttps:\/\/heightenedhearts.org\/es\/give\/donate-funds\/\u00bb][vc_custom_heading text=\u00bbDONAR\u00bb font_container=\u00bbtag:h4|text_align:left|color:%2300b3d4&#8243; use_theme_fonts=\u00bbyes\u00bb el_class=\u00bbfw-400&#8243; css=\u00bb.vc_custom_1507877814901{padding-top: 20px !important;}\u00bb link=\u00bburl:http%3A%2F%2Fheightenedhearts.org%2Fes%2Fgive%2Fdonate-funds%2F|||\u00bb][vc_column_text]Si careces de tiempo para involucrarte m\u00e1s activamente como voluntario, realizar donaciones de dinero o bienes es una gran manera de hacer la diferencia.\u00a1Haz Clic Aqu\u00ed para hacer una donaci\u00f3n hoy![\/vc_column_text][\/vc_column_inner][vc_column_inner width=\u00bb1\/2&#8243;][vc_single_image image=\u00bb12668&#8243; onclick=\u00bbcustom_link\u00bb link=\u00bbhttps:\/\/heightenedhearts.org\/es\/serve\/become-a-volunteer\/\u00bb][vc_custom_heading text=\u00bbPARTICIPA COMO VOLUNTARIO\u00bb font_container=\u00bbtag:h4|text_align:left|color:%2300b3d4&#8243; use_theme_fonts=\u00bbyes\u00bb el_class=\u00bbfw-400&#8243; css=\u00bb.vc_custom_1507877829283{padding-top: 20px !important;}\u00bb link=\u00bburl:http%3A%2F%2Fheightenedhearts.org%2Fes%2Fserve%2Fbecome-a-volunteer%2F|||\u00bb][vc_column_text]Dar tu tiempo para ayudar a los dem\u00e1s es una de las formas m\u00e1s gratificantes de participar. Ayudar a los dem\u00e1s es una de las sensaciones m\u00e1s satisfactorias que puedes experimentar como ser humano. \u00a1Haz Clic Aqu\u00ed para participar como voluntario hoy![\/vc_column_text][\/vc_column_inner][\/vc_row_inner][vc_row_inner css=\u00bb.vc_custom_1507877727415{padding-top: 30px !important;}\u00bb el_class=\u00bbblog-img serve\u00bb][vc_column_inner width=\u00bb1\/2&#8243;][vc_single_image image=\u00bb12670&#8243; onclick=\u00bbcustom_link\u00bb link=\u00bbhttps:\/\/heightenedhearts.org\/es\/serve\/philantro-travel\/\u00bb][vc_custom_heading text=\u00bbFILANTRO-VIAJES\u00bb font_container=\u00bbtag:h4|text_align:left|color:%2300b3d4&#8243; use_theme_fonts=\u00bbyes\u00bb el_class=\u00bbfw-400&#8243; css=\u00bb.vc_custom_1507877840441{padding-top: 20px !important;}\u00bb link=\u00bburl:http%3A%2F%2Fheightenedhearts.org%2Fes%2Fserve%2Fphilantro-travel%2F|||\u00bb][vc_column_text]\u00bfQuieres viajar por el mundo? \u00bfTe gusta ayudar a otros que est\u00e1n en necesidad? \u00a1Entonces nuestro programa Filantro-Viajes es la combinaci\u00f3n perfecta para ti! Haz Clic Aqu\u00ed para obtener m\u00e1s informaci\u00f3n.[\/vc_column_text][\/vc_column_inner][vc_column_inner width=\u00bb1\/2&#8243;][vc_single_image image=\u00bb12682&#8243; onclick=\u00bbcustom_link\u00bb link=\u00bbhttps:\/\/heightenedhearts.org\/es\/create-a-fundraiser\/\u00bb][vc_custom_heading text=\u00bbCREAR TU PROPIA RECAUDACI\u00d3N DE FONDOS\u00bb font_container=\u00bbtag:h4|text_align:left|color:%2300b3d4&#8243; use_theme_fonts=\u00bbyes\u00bb el_class=\u00bbfw-400&#8243; css=\u00bb.vc_custom_1507877849384{padding-top: 20px !important;}\u00bb link=\u00bburl:http%3A%2F%2Fheightenedhearts.org%2Fes%2Fcreate-a-fundraiser%2F|||\u00bb][vc_column_text]La creaci\u00f3n de tu propia recaudaci\u00f3n de fondos para apoyar nuestra causa es una gran manera de involucrarte al conectar\/ inspirar a las personas a tu alrededor a apoyar una causa que es importante para ti. \u00a1Haz Clic Aqu\u00ed para crear tu propia recaudaci\u00f3n de fondos utilizando nuestra plataforma f\u00e1cil de usar!<br \/>\n[\/vc_column_text][\/vc_column_inner][\/vc_row_inner][\/vc_column][\/vc_row]\n<\/div>","protected":false},"excerpt":{"rendered":"<p>[vc_row][vc_column][vc_single_image image=\u00bb15442&#8243; alignment=\u00bbcenter\u00bb][\/vc_column][\/vc_row][vc_row css=\u00bb.vc_custom_1503292657381{padding-top: 20px !important;padding-bottom: 30px !important;}\u00bb][vc_column][vc_custom_heading text=\u00bbC\u00d3MO INVOLUCRARSE EN LA FUNDACI\u00d3N HEIGHTENED HEARTS\u00bb font_container=\u00bbtag:h4|text_align:left|color:%23333333&#8243; use_theme_fonts=\u00bbyes\u00bb el_class=\u00bbfw-400&#8243;][vc_column_text] Los servicios prestados por la Fundaci\u00f3n Heightened Hearts tocan la vida de cientos de personas cada a\u00f1o, d\u00e1ndoles la esperanza y la&hellip;<\/p>\n","protected":false},"author":1,"featured_media":0,"parent":11134,"menu_order":0,"comment_status":"closed","ping_status":"closed","template":"","meta":{"footnotes":""},"class_list":["post-11138","page","type-page","status-publish","hentry","entry","no-media"],"_links":{"self":[{"href":"https:\/\/heightenedhearts.org\/es\/wp-json\/wp\/v2\/pages\/11138","targetHints":{"allow":["GET"]}}],"collection":[{"href":"https:\/\/heightenedhearts.org\/es\/wp-json\/wp\/v2\/pages"}],"about":[{"href":"https:\/\/heightenedhearts.org\/es\/wp-json\/wp\/v2\/types\/page"}],"author":[{"embeddable":true,"href":"https:\/\/heightenedhearts.org\/es\/wp-json\/wp\/v2\/users\/1"}],"replies":[{"embeddable":true,"href":"https:\/\/heightenedhearts.org\/es\/wp-json\/wp\/v2\/comments?post=11138"}],"version-history":[{"count":6,"href":"https:\/\/heightenedhearts.org\/es\/wp-json\/wp\/v2\/pages\/11138\/revisions"}],"predecessor-version":[{"id":15473,"href":"https:\/\/heightenedhearts.org\/es\/wp-json\/wp\/v2\/pages\/11138\/revisions\/15473"}],"up":[{"embeddable":true,"href":"https:\/\/heightenedhearts.org\/es\/wp-json\/wp\/v2\/pages\/11134"}],"wp:attachment":[{"href":"https:\/\/heightenedhearts.org\/es\/wp-json\/wp\/v2\/media?parent=11138"}],"curies":[{"name":"wp","href":"https:\/\/api.w.org\/{rel}","templated":true}]}}