{"id":11134,"date":"2015-07-21T11:33:10","date_gmt":"2015-07-21T11:33:10","guid":{"rendered":"http:\/\/heightenedhearts.org\/es\/serve\/"},"modified":"2018-12-26T13:46:20","modified_gmt":"2018-12-26T13:46:20","slug":"serve","status":"publish","type":"page","link":"https:\/\/heightenedhearts.org\/es\/serve\/","title":{"rendered":"Servir"},"content":{"rendered":"<div class=\"wpb-content-wrapper\">[vc_row][vc_column][vc_single_image image=\u00bb15306&#8243; alignment=\u00bbcenter\u00bb][\/vc_column][\/vc_row][vc_row css=\u00bb.vc_custom_1507877512165{padding-top: 20px !important;}\u00bb][vc_column][vc_column_text]\n<div class=\"main-serve-contents\">\n<h4 class=\"vc_custom_heading fw-600\"><strong>Servir a los Dem\u00e1s a trav\u00e9s de la Fundaci\u00f3n Heightened Hearts<\/strong><\/h4>\n<p>Servir a otros que son menos afortunados es de hecho una responsabilidad que recae sobre todos nosotros en la comunidad humana, y demuestra nuestro propio agradecimiento hacia aquellos que nos han ayudado en varias ocasiones durante nuestras vidas. Sin embargo, aqu\u00ed en la Fundaci\u00f3n Heightened Hearts creemos que servir a los dem\u00e1s es algo m\u00e1s que una responsabilidad &#8211; es una <strong><em>oportunidad <\/em><\/strong>incre\u00edble que no beneficia solamente a aquellos que reciben la ayuda, sino tambi\u00e9n a aquellos que la proporcionan.<\/p>\n<h4 class=\"vc_custom_heading fw-600\"><strong>Servir a los Dem\u00e1s a trav\u00e9s de la Fundaci\u00f3n Heightened Hearts: Los beneficios<\/strong><\/h4>\n<p>Investigaciones han demostrado que ayudar a los dem\u00e1s de una manera significativa, tiene un efecto positivo en nuestra propia felicidad. Tal vez esto se debe a que nuestros actos altruistas, especialmente los destinados a extra\u00f1os, casi siempre tienen una manera de volver a nosotros y cerrar el ciclo. En otras palabras, poniendo a otros primero, podemos esperar razonablemente que cada aspecto de nuestras vidas cobre un nuevo y m\u00e1s feliz significado.<\/p>\n<p>En los \u00faltimos a\u00f1os, la mentalidad \u00a0de la \u00abCadena de Favores\u00bb ha ido creciendo en popularidad a medida que m\u00e1s y m\u00e1s personas en el mundo desarrollado se dan \u00a0cuenta de que hemos trascendido la escasez y ya no es necesario competir para lograr sobrevivir. Con un n\u00famero creciente de personas inclinadas a ayudar a los dem\u00e1s sin pedir nada a cambio, nuestras actitudes han cambiado para mejorar, ya que nos hemos vuelto m\u00e1s serviciales, m\u00e1s generosos y dispuestos a ayudar. Esto a su vez, ha cambiado el ambiente que nos rodea.<\/p>\n<p>\u00bfPodr\u00eda ser esto un primer paso hacia un futuro m\u00e1s cooperativo, significativo y alegre? \u00a1Uno s\u00f3lo puede esperar que as\u00ed sea!<\/p>\n<\/div>\n[\/vc_column_text][\/vc_column][\/vc_row][vc_row css=\u00bb.vc_custom_1503292942831{padding-bottom: 30px !important;}\u00bb][vc_column][vc_column_text]\n<div class=\"six-way-heading\">\n<h1><span class=\"hh-heading\">Ways To Serve<\/span><\/h1>\n<\/div>\n[\/vc_column_text][vc_empty_space height=\u00bb60px\u00bb][vc_row_inner el_class=\u00bbblog-img serve\u00bb][vc_column_inner width=\u00bb1\/2&#8243; css=\u00bb.vc_custom_1504262441979{margin-bottom: 20px !important;}\u00bb][vc_single_image image=\u00bb12665&#8243; onclick=\u00bbcustom_link\u00bb link=\u00bb https:\/\/heightenedhearts.org\/es\/serve\/how-to-get-involved\/\u00bb][vc_custom_heading text=\u00bb C\u00d3MO PUEDES AYUDAR\u00bb font_container=\u00bbtag:h4|text_align:left|color:%2300b3d4&#8243; use_theme_fonts=\u00bbyes\u00bb el_class=\u00bbfw-400&#8243; css=\u00bb.vc_custom_1507887088530{padding-top: 20px !important;}\u00bb link=\u00bburl:http%3A%2F%2Fheightenedhearts.org%2Fes%2Fserve%2Fhow-to-get-involved%2F|||\u00bb][vc_column_text]Conoce m\u00e1s acerca de las diferentes maneras en las que puedes involucrarte con nuestra organizaci\u00f3n.[\/vc_column_text][\/vc_column_inner][vc_column_inner width=\u00bb1\/2&#8243; css=\u00bb.vc_custom_1504262417511{margin-bottom: 20px !important;}\u00bb][vc_single_image image=\u00bb12668&#8243; onclick=\u00bbcustom_link\u00bb link=\u00bbhttps:\/\/heightenedhearts.org\/es\/serve\/become-a-volunteer\/\u00bb][vc_custom_heading text=\u00bb CONVI\u00c9RTETE EN VOLUNTARIO\u00bb font_container=\u00bbtag:h4|text_align:left|color:%2300b3d4&#8243; use_theme_fonts=\u00bbyes\u00bb el_class=\u00bbfw-400&#8243; css=\u00bb.vc_custom_1507887102618{padding-top: 20px !important;}\u00bb link=\u00bburl:http%3A%2F%2Fheightenedhearts.org%2Fes%2Fserve%2Fbecome-a-volunteer%2F|||\u00bb][vc_column_text]\u00a1Llena nuestro formulario de voluntario hoy y empieza a ayudar a hacer la diferencia en la vida de los dem\u00e1s![\/vc_column_text][\/vc_column_inner][\/vc_row_inner][vc_row_inner css=\u00bb.vc_custom_1507877438180{padding-top: 30px !important;}\u00bb el_class=\u00bbblog-img serve\u00bb][vc_column_inner width=\u00bb1\/2&#8243; css=\u00bb.vc_custom_1504262426216{margin-bottom: 20px !important;}\u00bb][vc_single_image image=\u00bb12670&#8243; onclick=\u00bbcustom_link\u00bb link=\u00bbhttps:\/\/heightenedhearts.org\/es\/serve\/philantro-travel\/\u00bb][vc_custom_heading text=\u00bb FILANTRO-VIAJES\u00bb font_container=\u00bbtag:h4|text_align:left|color:%2300b3d4&#8243; use_theme_fonts=\u00bbyes\u00bb el_class=\u00bbfw-400&#8243; css=\u00bb.vc_custom_1507887129556{padding-top: 20px !important;}\u00bb link=\u00bburl:http%3A%2F%2Fheightenedhearts.org%2Fes%2Fserve%2Fphilantro-travel%2F|||\u00bb][vc_column_text]M\u00e1s informaci\u00f3n sobre nuestro Programa Filantro-Travel y sobre las diversas oportunidades para ayudar a hacer la diferencia, mientras ves el mundo[\/vc_column_text][\/vc_column_inner][vc_column_inner width=\u00bb1\/2&#8243; css=\u00bb.vc_custom_1504262434184{margin-bottom: 20px !important;}\u00bb][vc_single_image image=\u00bb12671&#8243; onclick=\u00bbcustom_link\u00bb link=\u00bbhttps:\/\/heightenedhearts.org\/es\/serve\/employment-internships\/\u00bb][vc_custom_heading text=\u00bb EMPLEO Y PR\u00c1CTICAS\u00bb font_container=\u00bbtag:h4|text_align:left|color:%2300b3d4&#8243; use_theme_fonts=\u00bbyes\u00bb el_class=\u00bbfw-400&#8243; css=\u00bb.vc_custom_1507887142699{padding-top: 20px !important;}\u00bb link=\u00bburl:http%3A%2F%2Fheightenedhearts.org%2Fes%2Fserve%2Femployment-internships%2F|||\u00bb][vc_column_text]Conoce las oportunidades de empleo y pr\u00e1cticas disponibles en la actualidad en nuestra organizaci\u00f3n.[\/vc_column_text][\/vc_column_inner][\/vc_row_inner][\/vc_column][\/vc_row]\n<\/div>","protected":false},"excerpt":{"rendered":"<p>[vc_row][vc_column][vc_single_image image=\u00bb15306&#8243; alignment=\u00bbcenter\u00bb][\/vc_column][\/vc_row][vc_row css=\u00bb.vc_custom_1507877512165{padding-top: 20px !important;}\u00bb][vc_column][vc_column_text] Servir a los Dem\u00e1s a trav\u00e9s de la Fundaci\u00f3n Heightened Hearts Servir a otros que son menos afortunados es de hecho una responsabilidad que recae sobre todos nosotros en la comunidad humana, y demuestra&hellip;<\/p>\n","protected":false},"author":1,"featured_media":0,"parent":0,"menu_order":0,"comment_status":"closed","ping_status":"closed","template":"","meta":{"footnotes":""},"class_list":["post-11134","page","type-page","status-publish","hentry","entry","no-media"],"_links":{"self":[{"href":"https:\/\/heightenedhearts.org\/es\/wp-json\/wp\/v2\/pages\/11134","targetHints":{"allow":["GET"]}}],"collection":[{"href":"https:\/\/heightenedhearts.org\/es\/wp-json\/wp\/v2\/pages"}],"about":[{"href":"https:\/\/heightenedhearts.org\/es\/wp-json\/wp\/v2\/types\/page"}],"author":[{"embeddable":true,"href":"https:\/\/heightenedhearts.org\/es\/wp-json\/wp\/v2\/users\/1"}],"replies":[{"embeddable":true,"href":"https:\/\/heightenedhearts.org\/es\/wp-json\/wp\/v2\/comments?post=11134"}],"version-history":[{"count":10,"href":"https:\/\/heightenedhearts.org\/es\/wp-json\/wp\/v2\/pages\/11134\/revisions"}],"predecessor-version":[{"id":15309,"href":"https:\/\/heightenedhearts.org\/es\/wp-json\/wp\/v2\/pages\/11134\/revisions\/15309"}],"wp:attachment":[{"href":"https:\/\/heightenedhearts.org\/es\/wp-json\/wp\/v2\/media?parent=11134"}],"curies":[{"name":"wp","href":"https:\/\/api.w.org\/{rel}","templated":true}]}}