{"id":11045,"date":"2015-07-21T11:29:50","date_gmt":"2015-07-21T11:29:50","guid":{"rendered":"http:\/\/heightenedhearts.org\/es\/receive\/"},"modified":"2025-04-03T07:30:16","modified_gmt":"2025-04-03T07:30:16","slug":"receive","status":"publish","type":"page","link":"https:\/\/heightenedhearts.org\/es\/receive\/","title":{"rendered":"Recibir"},"content":{"rendered":"<div class=\"wpb-content-wrapper\">[vc_row][vc_column][vc_single_image image=\u00bb15395&#8243; alignment=\u00bbleft\u00bb][\/vc_column][\/vc_row][vc_row column_spacing=\u00bb10&#8243; css=\u00bb.vc_custom_1507785814561{padding-top: 20px !important;}\u00bb][vc_column][vc_column_text]\n<div class=\"six-way-heading\">\n<h1><span class=\"hh-heading\">Ways To Recieve<\/span><\/h1>\n<\/div>\n[\/vc_column_text][vc_empty_space height=\u00bb60px\u00bb][vc_row_inner css=\u00bb.vc_custom_1507356008291{padding-top: 20px !important;padding-bottom: 30px !important;}\u00bb el_class=\u00bbrecieve\u00bb][vc_column_inner width=\u00bb1\/4&#8243;][vc_single_image image=\u00bb34725&#8243; onclick=\u00bbcustom_link\u00bb css=\u00bb\u00bb link=\u00bbhttps:\/\/heightenedhearts.org\/es\/receive\/how-we-can-help\/\u00bb][\/vc_column_inner][vc_column_inner width=\u00bb3\/4&#8243; css=\u00bb.vc_custom_1504262009036{margin-bottom: 20px !important;}\u00bb][vc_custom_heading text=\u00bbC\u00f3mo podemos ayudar\u00bb font_container=\u00bbtag:h4|text_align:left|color:%2300b3d4&#8243; use_theme_fonts=\u00bbyes\u00bb css=\u00bb\u00bb el_class=\u00bbat-ff-releway\u00bb link=\u00bburl:http%3A%2F%2Fheightenedhearts-org.preview-domain.com%2Fes%2Freceive%2Fhow-we-can-help%2F|||\u00bb][vc_column_text css=\u00bb\u00bb]La Fundaci\u00f3n Heightened Hearts existe para ayudar a personas y familias a cubrir sus necesidades f\u00edsicas, m\u00e9dicas, educativas y espirituales. Trabajamos para ayudar a las personas a recuperarse mediante nuestros servicios de asistencia personalizados y programas de ayuda. La Fundaci\u00f3n Heightened Hearts ofrece diversos servicios, entre ellos:<\/p>\n<ul>\n<li>Donaciones de alimentos<\/li>\n<li>Donaciones de ropa<\/li>\n<li>Ayuda m\u00e9dica a trav\u00e9s de nuestro programa de socios de la Comunidad Global<\/li>\n<li>Mantenimiento del hogar<\/li>\n<li>Servicios y materiales educativos<\/li>\n<li>Asistencia para la rehabilitaci\u00f3n de drogas y alcohol<\/li>\n<li>Becas<\/li>\n<\/ul>\n<p>Animamos a todas las personas necesitadas a solicitar ayuda a la Fundaci\u00f3n Heightened Hearts. Debido a los recursos limitados disponibles actualmente, solo podemos otorgar ayuda a quienes se encuentran en mayor riesgo. Para solicitar ayuda a trav\u00e9s de HH, simplemente complete el formulario de solicitud en nuestra p\u00e1gina de Solicitud de Ayuda.[\/vc_column_text][\/vc_column_inner][\/vc_row_inner][vc_row_inner css=\u00bb.vc_custom_1507356017654{padding-top: 20px !important;padding-bottom: 30px !important;}\u00bb el_class=\u00bbrecieve\u00bb][vc_column_inner width=\u00bb1\/4&#8243;][vc_single_image image=\u00bb12618&#8243; onclick=\u00bbcustom_link\u00bb link=\u00bbhttps:\/\/heightenedhearts.org\/es\/receive\/request-aid\/\u00bb][\/vc_column_inner][vc_column_inner width=\u00bb3\/4&#8243; css=\u00bb.vc_custom_1504262009036{margin-bottom: 20px !important;}\u00bb][vc_custom_heading text=\u00bbSOLICITAR AYUDA\u00bb font_container=\u00bbtag:h4|text_align:left|color:%2300b3d4&#8243; use_theme_fonts=\u00bbyes\u00bb css=\u00bb.vc_custom_1743571444167{padding-bottom: 10px !important;}\u00bb el_class=\u00bbat-ff-releway\u00bb link=\u00bburl:http%3A%2F%2Fheightenedhearts-org.preview-domain.com%2Fes%2Freceive%2Frequest-aid%2F|||\u00bb][vc_column_text css=\u00bb\u00bb]\n<div class=\"wpb_text_column wpb_content_element\">\n<div class=\"wpb_wrapper\">\n<p>If you are experiencing a hardship and need assistance paying bills, acquiring medical attention, performing home repairs, or with other basic needs, we encourage you to apply for aid through the Heightened Hearts Foundation. Our programs and personalized assistance services are designed to strengthen individuals and families in underserved communities around the world. We believe that by extending a helping hand to those in need, we can help restore communities and create lasting change in the world.<\/p>\n<h5 class=\"at-ff-releway at-text-uppercase at-fw-800\">To apply for aid, tell us a little about yourself, your story, and your needs in the application form below.<\/h5>\n<p>Once the form is submitted, your application will go to a member of our staff who will process your request. The application review process may take some time. Please be patient and know that your application is being considered and a member of our staff will be in contact soon about your request. With limited resources currently available, we are only able to grant aid to those most in need. For more information about the services and assistance we can provide, visit our <a href=\"https:\/\/heightenedhearts.org\/receive\/how-we-can-help\/\" target=\"_blank\" rel=\"noopener\">How We Can Help<\/a> page.<\/p>\n<\/div>\n<\/div>\n[\/vc_column_text][\/vc_column_inner][\/vc_row_inner][\/vc_column][\/vc_row]\n<\/div>","protected":false},"excerpt":{"rendered":"<p>[vc_row][vc_column][vc_single_image image=\u00bb15395&#8243; alignment=\u00bbleft\u00bb][\/vc_column][\/vc_row][vc_row column_spacing=\u00bb10&#8243; css=\u00bb.vc_custom_1507785814561{padding-top: 20px !important;}\u00bb][vc_column][vc_column_text] Ways To Recieve [\/vc_column_text][vc_empty_space height=\u00bb60px\u00bb][vc_row_inner css=\u00bb.vc_custom_1507356008291{padding-top: 20px !important;padding-bottom: 30px !important;}\u00bb el_class=\u00bbrecieve\u00bb][vc_column_inner width=\u00bb1\/4&#8243;][vc_single_image image=\u00bb34725&#8243; onclick=\u00bbcustom_link\u00bb css=\u00bb\u00bb link=\u00bbhttps:\/\/heightenedhearts.org\/es\/receive\/how-we-can-help\/\u00bb][\/vc_column_inner][vc_column_inner width=\u00bb3\/4&#8243; css=\u00bb.vc_custom_1504262009036{margin-bottom: 20px !important;}\u00bb][vc_custom_heading text=\u00bbC\u00f3mo podemos ayudar\u00bb font_container=\u00bbtag:h4|text_align:left|color:%2300b3d4&#8243; use_theme_fonts=\u00bbyes\u00bb css=\u00bb\u00bb el_class=\u00bbat-ff-releway\u00bb link=\u00bburl:http%3A%2F%2Fheightenedhearts-org.preview-domain.com%2Fes%2Freceive%2Fhow-we-can-help%2F|||\u00bb][vc_column_text css=\u00bb\u00bb]La Fundaci\u00f3n Heightened Hearts existe&hellip;<\/p>\n","protected":false},"author":1,"featured_media":0,"parent":0,"menu_order":0,"comment_status":"closed","ping_status":"closed","template":"","meta":{"footnotes":""},"class_list":["post-11045","page","type-page","status-publish","hentry","entry","no-media"],"_links":{"self":[{"href":"https:\/\/heightenedhearts.org\/es\/wp-json\/wp\/v2\/pages\/11045","targetHints":{"allow":["GET"]}}],"collection":[{"href":"https:\/\/heightenedhearts.org\/es\/wp-json\/wp\/v2\/pages"}],"about":[{"href":"https:\/\/heightenedhearts.org\/es\/wp-json\/wp\/v2\/types\/page"}],"author":[{"embeddable":true,"href":"https:\/\/heightenedhearts.org\/es\/wp-json\/wp\/v2\/users\/1"}],"replies":[{"embeddable":true,"href":"https:\/\/heightenedhearts.org\/es\/wp-json\/wp\/v2\/comments?post=11045"}],"version-history":[{"count":11,"href":"https:\/\/heightenedhearts.org\/es\/wp-json\/wp\/v2\/pages\/11045\/revisions"}],"predecessor-version":[{"id":40742,"href":"https:\/\/heightenedhearts.org\/es\/wp-json\/wp\/v2\/pages\/11045\/revisions\/40742"}],"wp:attachment":[{"href":"https:\/\/heightenedhearts.org\/es\/wp-json\/wp\/v2\/media?parent=11045"}],"curies":[{"name":"wp","href":"https:\/\/api.w.org\/{rel}","templated":true}]}}