{"id":11043,"date":"2015-07-24T11:44:49","date_gmt":"2015-07-24T11:44:49","guid":{"rendered":"http:\/\/heightenedhearts.org\/es\/philantro-travel\/"},"modified":"2019-03-06T07:01:15","modified_gmt":"2019-03-06T07:01:15","slug":"philantro-travel","status":"publish","type":"page","link":"https:\/\/heightenedhearts.org\/es\/serve\/philantro-travel\/","title":{"rendered":"Filantro-Viajes"},"content":{"rendered":"<div class=\"wpb-content-wrapper\">[vc_row][vc_column][vc_single_image image=\u00bb15399&#8243;][\/vc_column][\/vc_row][vc_row css=\u00bb.vc_custom_1503299070887{padding-top: 20px !important;padding-bottom: 30px !important;}\u00bb][vc_column][vc_custom_heading text=\u00bbFundaci\u00f3n Heightened Hearts\u00bb font_container=\u00bbtag:h3|text_align:center|color:%23333333&#8243; use_theme_fonts=\u00bbyes\u00bb el_class=\u00bbfw-400&#8243;][vc_custom_heading text=\u00bbViajes Misioneros: Convi\u00e9rtete en Voluntario y Ve el Mundo\u00bb font_container=\u00bbtag:h3|text_align:center|color:%23333333&#8243; use_theme_fonts=\u00bbyes\u00bb el_class=\u00bbfw-400&#8243;][vc_empty_space height=\u00bb20px\u00bb][vc_column_text]La Fundaci\u00f3n Heightened Hearts se encuentra en el proceso de organizaci\u00f3n de Viajes Misioneros en diversas partes del mundo \u2013 viajes que permiten a los participantes ver el mundo mientras que sirven a sus semejantes.<\/p>\n<p><strong>Volunturismo a trav\u00e9s de la Fundaci\u00f3n Heightened Hearts<\/strong><\/p>\n<p>Los viajes de misi\u00f3n patrocinados por la Fundaci\u00f3n Heightened Hearts operan de acuerdo con el modelo de \u00abfilantro-volunturismo\u00bb. Como se puede adivinar por el nombre, el t\u00e9rmino \u00abVolunturismo\u00bb implica una combinaci\u00f3n de voluntariado y turismo, proporcionando as\u00ed a los individuos la oportunidad \u00fanica de visitar algunas de las maravillas m\u00e1s hermosas del mundo, adem\u00e1s de dar parte de su tiempo y apoyo a causas nobles alrededor del mundo.<\/p>\n<p><strong>Los Beneficios del Volunturismo<\/strong><\/p>\n<p><strong>La Satisfacci\u00f3n de Dar (y Retribuir)<\/strong><\/p>\n<p>Se ha dicho que \u00abdar es la mejor sensaci\u00f3n que una persona puede experimentar,\u00bb como la oportunidad de ayudar a una sola persona a trav\u00e9s de una donaci\u00f3n de caridad, puede hacer toda la diferencia del mundo.<\/p>\n<p>El acto de dar es realmente el principal beneficio de los programas de \u00abvolunturismo\u00bb de la Fundaci\u00f3n Heightened Hearts. Con menos dinero del que piensas, puedes ayudar a impulsar programas y proyectos que aportan una asistencia muy necesaria a escala comunitaria &#8211; programas y proyectos que ser\u00edan casi imposibles de sostener sin tu generosidad. Al dar tu tiempo y dinero, puedes unirte y reforzar a nuestro equipo Heightened Hearts mientras nos esforzamos en construir viviendas para los pobres; levantar y ayudar a sostener cl\u00ednicas m\u00e9dicas y bibliotecas; e incluso dise\u00f1ar ba\u00f1os y otras instalaciones para los discapacitados. \u00a1El cielo es el l\u00edmite!<\/p>\n<p><strong>Aprender Nuevas Culturas<\/strong><\/p>\n<p>Donar tu tiempo y experiencia para proyectos como los mencionados anteriormente no s\u00f3lo te traer\u00e1 una sensaci\u00f3n de gratificante satisfacci\u00f3n, sino que tambi\u00e9n te permitir\u00e1 conocer a la gente local y aprender sobre su cultura y dificultades. Con esta informaci\u00f3n en mano, podr\u00e1s volver a casa habiendo visto de primera mano sus dif\u00edciles situaciones, lo que a su vez puede ayudarte a conseguir el apoyo de futuros voluntarios y donantes.<\/p>\n<p>Heightened Hearts est\u00e1 comprometida con sus voluntarios y se compromete a ofrecer las experiencias m\u00e1s aut\u00e9nticas. Con este tipo de viaje, te sumergir\u00e1s en la cultura local, tendr\u00e1s oportunidad de aprender nuevos idiomas, costumbres y tradiciones.<\/p>\n<p><strong>Visitar los Lugares de Inter\u00e9s<\/strong><\/p>\n<p>Los programas de <em>Volunturismo<\/em> de la Fundaci\u00f3n Heightened Hearts no conocen fronteras, &#8211; \u00a1vamos a donde se nos necesita! Por lo tanto, como participante en uno de estos programas se te llevar\u00e1 a todos los lugares de inter\u00e9s que la localidad tiene para ofrecer. Desde la belleza esc\u00e9nica de la naturaleza a los paisajes urbanos de la ciudad, tu viaje de volunturismo te dar\u00e1 la oportunidad \u00fanica de explorar todo lo que los alrededores tienen para ofrecer.<\/p>\n<p><strong>Aprender de Gu\u00edas Tur\u00edsticos Locales<\/strong><\/p>\n<p>En la Fundaci\u00f3n Heightened Hearts, casi todos nuestros gu\u00edas tur\u00edsticos son nativos del pa\u00eds al que viajar\u00e1s en tu misi\u00f3n; y est\u00e1n por lo tanto, extremadamente bien informados sobre la historia y cultura de la regi\u00f3n. Tal vez a\u00fan m\u00e1s importante, estos gu\u00edas tur\u00edsticos tienen conocimiento de primera mano de los desaf\u00edos y obst\u00e1culos que enfrentan estos pa\u00edses. Puedes esperar que estos l\u00edderes desaf\u00eden gentilmente tu visi\u00f3n del mundo, al demostrar algunas de las dificultades que enfrentan las personas en su pa\u00eds &#8211; dificultades que son literalmente impensables en nuestra parte del mundo. Sin embargo, tambi\u00e9n puedes esperar ver el entusiasmo puro de nuestros gu\u00edas mientras te muestran lo mejor del pa\u00eds, (por ejemplo Ucrania), te hacen sentir bienvenido, seguro e indispensable para la causa.<\/p>\n<p><strong>La Fundaci\u00f3n Heightened Hearts: <em>Volunturismo<\/em> en Ucrania<\/strong><\/p>\n<p>En la actualidad, el pa\u00eds de Ucrania se ha convertido en el objetivo principal para el programa \u00abvolunturismo\u00bb de la Fundaci\u00f3n Heightened Hearts. Esto puede sonar como una propuesta intimidante debido a la agitaci\u00f3n y el caos que ocurre en esa parte del mundo, pero puedes estar seguro de que tu seguridad es nuestra principal prioridad, y nuestros esfuerzos voluntarios se llevan a cabo lejos del conflicto, que est\u00e1 sucediendo exclusivamente en el este del pa\u00eds, cerca de la frontera con Rusia. Nuestros jefes de equipo y gu\u00edas son expertos cuando se trata de los \u00abrecovecos\u00bb de la sociedad ucraniana y nunca te pondr\u00edan en peligro alguno.<\/p>\n<p>Desde un punto de vista esc\u00e9nico, hay pocos lugares en el mundo que son m\u00e1s impresionantes que Ucrania, y los voluntarios podr\u00e1n disfrutar de toda esa belleza y mucho m\u00e1s. Los gu\u00edas tur\u00edsticos est\u00e1n bien informados \u200b\u200bcon respecto al pa\u00eds y son una fuente inacabable de informaci\u00f3n cuando se trata de la maravillosa cultura, tradiciones y costumbres que hacen de Ucrania un lugar extraordinario y \u00fanico.<\/p>\n<p><strong>Volunturismo de Heightened Hearts en Ucrania: Tres Maneras de Ayudar<\/strong><\/p>\n<p>La Fundaci\u00f3n Heightened Hearts ha desarrollado tres modelos distintos para misiones de turismo filantr\u00f3pico a Ucrania, que incluyen:<\/p>\n<ul>\n<li>El Programa de Recorridos \u00abMejorando Vidas, Ayudando Corazones\u201d<\/li>\n<li>El Programa de Recorridos en Grupo \u201cCreaci\u00f3n de Equipos\u201d<\/li>\n<li>\u00a0El Programa de Recorridos \u00abViaje de Voluntariado de Lujo Hecho a la Medida\u00bbTo help you better understand these models and the purpose they serve, below we have included an in-depth description of each tour type.<\/li>\n<\/ul>\n[\/vc_column_text][\/vc_column][\/vc_row][vc_row css=\u00bb.vc_custom_1503299825242{padding-bottom: 30px !important;}\u00bb][vc_column][vc_column_text]\n<div class=\"six-way-heading\">\n<h1><span class=\"hh-heading\">Heightened Hearts Philantro- Travel mission trip programs<\/span><\/h1>\n<\/div>\n[\/vc_column_text][vc_empty_space height=\u00bb60px\u00bb]<div class=\"vcex-module vcex-blog-grid-wrap wpex-clr Philantro\"><div class=\"wpex-row vcex-blog-grid wpex-clr entries left-thumbs\"><div class=\"vcex-blog-entry vcex-grid-item entry-has-details  col-1 col post-11151 entry type-post has-media cat-121 has-redirect\"><div class=\"vcex-blog-entry-inner entry-inner wpex-first-mt-0 wpex-last-mb-0 wpex-clr\"><div class=\"vcex-blog-entry-media entry-media\"><a href=\"https:\/\/heightenedhearts.org\/es\/serve\/philantro-travel\/improving-lives-with-helping-hearts-tour-program\/\" title=\"El Programa de Recorrido \u201cMejorando Vidas, Ayudando Corazones\u201d\"><img decoding=\"async\" width=\"240\" height=\"150\" src=\"https:\/\/heightenedhearts.org\/wp-content\/uploads\/2015\/08\/Untitled-23.png\" class=\"vcex-blog-entry-img wpex-align-middle\" alt=\"\" loading=\"lazy\" \/><\/a><\/div><div class=\"vcex-blog-entry-details entry-details wpex-bordered wpex-first-mt-0 wpex-last-mb-0 wpex-clr\"><h4 class=\"vcex-blog-entry-title entry-title wpex-text-2xl wpex-mb-5 wpex-child-inherit-color\" style=\"color:#00b3d4;line-height:28px;\"><a href=\"https:\/\/heightenedhearts.org\/es\/serve\/philantro-travel\/improving-lives-with-helping-hearts-tour-program\/\" style=\"color:#00b3d4;\">El Programa de Recorrido \u201cMejorando Vidas, Ayudando Corazones\u201d<\/a><\/h4><div class=\"vcex-blog-entry-excerpt entry-excerpt wpex-my-15 wpex-last-mb-0 wpex-clr\"><p>El Programa de Recorrido \u201cMejorando Vidas, Ayudando Corazones\u201d El programa&hellip;<\/p><\/div><\/div><\/div><\/div><div class=\"vcex-blog-entry vcex-grid-item entry-has-details  col-1 col post-11153 entry type-post has-media cat-121 has-redirect\"><div class=\"vcex-blog-entry-inner entry-inner wpex-first-mt-0 wpex-last-mb-0 wpex-clr\"><div class=\"vcex-blog-entry-media entry-media\"><a href=\"https:\/\/heightenedhearts.org\/es\/serve\/philantro-travel\/team-building-group-tour-program\/\" title=\"El Programa de Recorrido en Grupo \u201cCreaci\u00f3n de Equipos\u201d\"><img decoding=\"async\" width=\"240\" height=\"150\" src=\"https:\/\/heightenedhearts.org\/wp-content\/uploads\/2015\/08\/Untitled-24.png\" class=\"vcex-blog-entry-img wpex-align-middle\" alt=\"\" loading=\"lazy\" \/><\/a><\/div><div class=\"vcex-blog-entry-details entry-details wpex-bordered wpex-first-mt-0 wpex-last-mb-0 wpex-clr\"><h4 class=\"vcex-blog-entry-title entry-title wpex-text-2xl wpex-mb-5 wpex-child-inherit-color\" style=\"color:#00b3d4;line-height:28px;\"><a href=\"https:\/\/heightenedhearts.org\/es\/serve\/philantro-travel\/team-building-group-tour-program\/\" style=\"color:#00b3d4;\">El Programa de Recorrido en Grupo \u201cCreaci\u00f3n de Equipos\u201d<\/a><\/h4><div class=\"vcex-blog-entry-excerpt entry-excerpt wpex-my-15 wpex-last-mb-0 wpex-clr\">This is a specific program created for the specific groups like school, collages groups, corporate groups or any other groups that like to blend community service with the adventure. Enhance a cultural education and history knowledge. Team building or improving stuff motivation and employee loyalty while helping community. Contribute to better world!<\/div><\/div><\/div><\/div><div class=\"vcex-blog-entry vcex-grid-item entry-has-details  col-1 col post-11155 entry type-post has-media cat-121 has-redirect\"><div class=\"vcex-blog-entry-inner entry-inner wpex-first-mt-0 wpex-last-mb-0 wpex-clr\"><div class=\"vcex-blog-entry-media entry-media\"><a href=\"https:\/\/heightenedhearts.org\/es\/serve\/philantro-travel\/tailor-made-luxury-travel-volunteering-tour-program\/\" title=\"Programa de Recorrido \u00abViaje de Voluntariado de Lujo Hecho a la Medida\u00bb\"><img decoding=\"async\" width=\"240\" height=\"150\" src=\"https:\/\/heightenedhearts.org\/wp-content\/uploads\/2015\/07\/Untitled-25.png\" class=\"vcex-blog-entry-img wpex-align-middle\" alt=\"\" loading=\"lazy\" \/><\/a><\/div><div class=\"vcex-blog-entry-details entry-details wpex-bordered wpex-first-mt-0 wpex-last-mb-0 wpex-clr\"><h4 class=\"vcex-blog-entry-title entry-title wpex-text-2xl wpex-mb-5 wpex-child-inherit-color\" style=\"color:#00b3d4;line-height:28px;\"><a href=\"https:\/\/heightenedhearts.org\/es\/serve\/philantro-travel\/tailor-made-luxury-travel-volunteering-tour-program\/\" style=\"color:#00b3d4;\">Programa de Recorrido \u00abViaje de Voluntariado de Lujo Hecho a la Medida\u00bb<\/a><\/h4><div class=\"vcex-blog-entry-excerpt entry-excerpt wpex-my-15 wpex-last-mb-0 wpex-clr\">This is a specific program was created for A volunteer adventure that has been a tailor-made offering to suit you and your entire trip is designed around your desires, so you are not locked-in to a preset itinerary. This model for philanthropic tourism that\u2019s both ethical and allows you to stay in comfort zone.<\/div><\/div><\/div><\/div><\/div><\/div>[\/vc_column][\/vc_row]\n<\/div>","protected":false},"excerpt":{"rendered":"<p>[vc_row][vc_column][vc_single_image image=\u00bb15399&#8243;][\/vc_column][\/vc_row][vc_row css=\u00bb.vc_custom_1503299070887{padding-top: 20px !important;padding-bottom: 30px !important;}\u00bb][vc_column][vc_custom_heading text=\u00bbFundaci\u00f3n Heightened Hearts\u00bb font_container=\u00bbtag:h3|text_align:center|color:%23333333&#8243; use_theme_fonts=\u00bbyes\u00bb el_class=\u00bbfw-400&#8243;][vc_custom_heading text=\u00bbViajes Misioneros: Convi\u00e9rtete en Voluntario y Ve el Mundo\u00bb font_container=\u00bbtag:h3|text_align:center|color:%23333333&#8243; use_theme_fonts=\u00bbyes\u00bb el_class=\u00bbfw-400&#8243;][vc_empty_space height=\u00bb20px\u00bb][vc_column_text]La Fundaci\u00f3n Heightened Hearts se encuentra en el proceso de organizaci\u00f3n de Viajes Misioneros en&hellip;<\/p>\n","protected":false},"author":1,"featured_media":0,"parent":11134,"menu_order":0,"comment_status":"closed","ping_status":"closed","template":"","meta":{"footnotes":""},"class_list":["post-11043","page","type-page","status-publish","hentry","entry","has-media"],"_links":{"self":[{"href":"https:\/\/heightenedhearts.org\/es\/wp-json\/wp\/v2\/pages\/11043","targetHints":{"allow":["GET"]}}],"collection":[{"href":"https:\/\/heightenedhearts.org\/es\/wp-json\/wp\/v2\/pages"}],"about":[{"href":"https:\/\/heightenedhearts.org\/es\/wp-json\/wp\/v2\/types\/page"}],"author":[{"embeddable":true,"href":"https:\/\/heightenedhearts.org\/es\/wp-json\/wp\/v2\/users\/1"}],"replies":[{"embeddable":true,"href":"https:\/\/heightenedhearts.org\/es\/wp-json\/wp\/v2\/comments?post=11043"}],"version-history":[{"count":9,"href":"https:\/\/heightenedhearts.org\/es\/wp-json\/wp\/v2\/pages\/11043\/revisions"}],"predecessor-version":[{"id":15408,"href":"https:\/\/heightenedhearts.org\/es\/wp-json\/wp\/v2\/pages\/11043\/revisions\/15408"}],"up":[{"embeddable":true,"href":"https:\/\/heightenedhearts.org\/es\/wp-json\/wp\/v2\/pages\/11134"}],"wp:attachment":[{"href":"https:\/\/heightenedhearts.org\/es\/wp-json\/wp\/v2\/media?parent=11043"}],"curies":[{"name":"wp","href":"https:\/\/api.w.org\/{rel}","templated":true}]}}