{"id":11042,"date":"2015-07-21T11:27:31","date_gmt":"2015-07-21T11:27:31","guid":{"rendered":"http:\/\/heightenedhearts.org\/es\/give\/"},"modified":"2025-04-09T09:59:25","modified_gmt":"2025-04-09T09:59:25","slug":"give","status":"publish","type":"page","link":"https:\/\/heightenedhearts.org\/es\/give\/","title":{"rendered":"Dar"},"content":{"rendered":"<div class=\"wpb-content-wrapper\">[vc_row][vc_column][vc_single_image image=\u00bb15394&#8243; alignment=\u00bbcenter\u00bb][\/vc_column][\/vc_row][vc_row css=\u00bb.vc_custom_1507880053079{padding-top: 20px !important;padding-bottom: 20px !important;}\u00bb][vc_column][vc_column_text]\n<div class=\"six-way-heading\">\n<h1><span class=\"hh-heading\">Ways To Give<\/span><\/h1>\n<\/div>\n[\/vc_column_text][vc_empty_space height=\u00bb60px\u00bb][\/vc_column][\/vc_row][vc_row el_class=\u00bbblog-img give\u00bb][vc_column width=\u00bb1\/2&#8243; css=\u00bb.vc_custom_1504261888994{margin-bottom: 20px !important;}\u00bb][vc_single_image image=\u00bb12424&#8243; onclick=\u00bbcustom_link\u00bb link=\u00bbhttps:\/\/heightenedhearts.org\/es\/give\/donate-funds\/\u00bb][vc_custom_heading text=\u00bbDonar Fondos\u00bb font_container=\u00bbtag:h4|text_align:left|color:%2300b3d4&#8243; use_theme_fonts=\u00bbyes\u00bb css=\u00bb.vc_custom_1744192746871{padding-top: 10px !important;}\u00bb el_class=\u00bbgive-img-title\u00bb link=\u00bburl:https%3A%2F%2Fheightenedhearts.org%2Fes%2Fgive%2Fdonate-funds%2F\u00bb][vc_column_text]Realiza hoy una donaci\u00f3n en l\u00ednea utilizando nuestro formulario de donaci\u00f3n segura para ayudar a hacer la diferencia en la vida de otra persona.[\/vc_column_text][\/vc_column][vc_column width=\u00bb1\/2&#8243; css=\u00bb.vc_custom_1504261904891{margin-bottom: 20px !important;}\u00bb][vc_single_image image=\u00bb12430&#8243; onclick=\u00bbcustom_link\u00bb link=\u00bbhttps:\/\/heightenedhearts.org\/es\/give\/donate-supplies\/\u00bb][vc_custom_heading text=\u00bbDONAR SUMINISTROS\u00bb font_container=\u00bbtag:h4|text_align:left|color:%2300b3d4&#8243; use_theme_fonts=\u00bbyes\u00bb css=\u00bb.vc_custom_1744192757342{padding-top: 10px !important;}\u00bb el_class=\u00bbgive-img-title\u00bb link=\u00bburl:https%3A%2F%2Fheightenedhearts.org%2Fes%2Fgive%2Fdonate-supplies%2F\u00bb][vc_column_text]\u00a1Consulta nuestra lista de art\u00edculos y categor\u00edas, y determina si puedes donar suministros para ayudar a nuestra causa hoy![\/vc_column_text][\/vc_column][\/vc_row][vc_row css=\u00bb.vc_custom_1507879719225{padding-top: 20px !important;padding-bottom: 30px !important;}\u00bb el_class=\u00bbblog-img give\u00bb][vc_column width=\u00bb1\/2&#8243; css=\u00bb.vc_custom_1504261915097{margin-bottom: 20px !important;}\u00bb][vc_single_image image=\u00bb12432&#8243; onclick=\u00bbcustom_link\u00bb link=\u00bbhttps:\/\/heightenedhearts.org\/es\/give\/ways-to-donate\/\u00bb][vc_custom_heading text=\u00bbFormas de Donar\u00bb font_container=\u00bbtag:h4|text_align:left|color:%2300b3d4&#8243; use_theme_fonts=\u00bbyes\u00bb css=\u00bb.vc_custom_1744192771902{padding-top: 10px !important;}\u00bb el_class=\u00bbgive-img-title\u00bb link=\u00bburl:https%3A%2F%2Fheightenedhearts.org%2Fes%2Fgive%2Fways-to-donate%2F\u00bb][vc_column_text]Conoce m\u00e1s acerca de las formas adicionales en las que puedes donar o contribuir a la Fundaci\u00f3n Heightened Hearts hoy y ayuda a mejorar la vida de otro ser humano[\/vc_column_text][\/vc_column][\/vc_row]\n<\/div>","protected":false},"excerpt":{"rendered":"<p>[vc_row][vc_column][vc_single_image image=\u00bb15394&#8243; alignment=\u00bbcenter\u00bb][\/vc_column][\/vc_row][vc_row css=\u00bb.vc_custom_1507880053079{padding-top: 20px !important;padding-bottom: 20px !important;}\u00bb][vc_column][vc_column_text] Ways To Give [\/vc_column_text][vc_empty_space height=\u00bb60px\u00bb][\/vc_column][\/vc_row][vc_row el_class=\u00bbblog-img give\u00bb][vc_column width=\u00bb1\/2&#8243; css=\u00bb.vc_custom_1504261888994{margin-bottom: 20px !important;}\u00bb][vc_single_image image=\u00bb12424&#8243; onclick=\u00bbcustom_link\u00bb link=\u00bbhttps:\/\/heightenedhearts.org\/es\/give\/donate-funds\/\u00bb][vc_custom_heading text=\u00bbDonar Fondos\u00bb font_container=\u00bbtag:h4|text_align:left|color:%2300b3d4&#8243; use_theme_fonts=\u00bbyes\u00bb css=\u00bb.vc_custom_1744192746871{padding-top: 10px !important;}\u00bb el_class=\u00bbgive-img-title\u00bb link=\u00bburl:https%3A%2F%2Fheightenedhearts.org%2Fes%2Fgive%2Fdonate-funds%2F\u00bb][vc_column_text]Realiza hoy una donaci\u00f3n en l\u00ednea utilizando nuestro formulario de&hellip;<\/p>\n","protected":false},"author":1,"featured_media":0,"parent":0,"menu_order":0,"comment_status":"closed","ping_status":"closed","template":"","meta":{"footnotes":""},"class_list":["post-11042","page","type-page","status-publish","hentry","entry","no-media"],"_links":{"self":[{"href":"https:\/\/heightenedhearts.org\/es\/wp-json\/wp\/v2\/pages\/11042","targetHints":{"allow":["GET"]}}],"collection":[{"href":"https:\/\/heightenedhearts.org\/es\/wp-json\/wp\/v2\/pages"}],"about":[{"href":"https:\/\/heightenedhearts.org\/es\/wp-json\/wp\/v2\/types\/page"}],"author":[{"embeddable":true,"href":"https:\/\/heightenedhearts.org\/es\/wp-json\/wp\/v2\/users\/1"}],"replies":[{"embeddable":true,"href":"https:\/\/heightenedhearts.org\/es\/wp-json\/wp\/v2\/comments?post=11042"}],"version-history":[{"count":11,"href":"https:\/\/heightenedhearts.org\/es\/wp-json\/wp\/v2\/pages\/11042\/revisions"}],"predecessor-version":[{"id":40754,"href":"https:\/\/heightenedhearts.org\/es\/wp-json\/wp\/v2\/pages\/11042\/revisions\/40754"}],"wp:attachment":[{"href":"https:\/\/heightenedhearts.org\/es\/wp-json\/wp\/v2\/media?parent=11042"}],"curies":[{"name":"wp","href":"https:\/\/api.w.org\/{rel}","templated":true}]}}